{"id":44819,"date":"2025-10-11T14:01:59","date_gmt":"2025-10-11T12:01:59","guid":{"rendered":"https:\/\/silvereco.org\/doc\/?page_id=44819"},"modified":"2026-01-22T14:10:23","modified_gmt":"2026-01-22T13:10:23","slug":"cair-uk-c45-hallc","status":"publish","type":"page","link":"https:\/\/silvereco.org\/doc\/cair-uk-c45-hallc\/","title":{"rendered":"Cair UK \/ C45 \/ HALLC"},"content":{"rendered":"\n<figure class=\"wp-block-image is-resized\"><img decoding=\"async\" src=\"https:\/\/silvereco.org\/festival\/fr\/wp-content\/medias\/2025\/10\/cair-25.png\" alt=\"\" style=\"width:288px;height:auto\"\/><\/figure>\n\n\n\n<h5 class=\"wp-block-heading\"><\/h5>\n\n\n\n<figure class=\"wp-block-image size-full\"><img loading=\"lazy\" decoding=\"async\" width=\"25\" height=\"25\" src=\"https:\/\/silvereco.org\/doc\/wp-content\/uploads\/2025\/10\/image-192.png\" alt=\"\" class=\"wp-image-45354\"\/><\/figure>\n\n\n\n<p>Cair \u2013 Smart Technology, Made to Care Since 2013, Cair has been empowering care providers and suppliers with innovative Telecare and smart technology solutions.<\/p>\n\n\n\n<p>Trusted by local authorities across the UK and now seeking international partnerships, we design and manufacture equipment that delivers safety, comfort, and innovation for people of all ages and abilities. <\/p>\n\n\n\n<p>Our inclusive, practical solutions help care providers deliver better support while enabling individuals to live more independently and securely. <\/p>\n\n\n\n<p>This year we\u2019re showcasing The Vibe, our latest innovation, a sensory and communication aid designed for people with sensory loss and beyond. <\/p>\n\n\n\n<p>At Cair, we believe everyone\u2019s life can be improved through thoughtful design and technology we\u2019d proudly use in our own homes. We\u2019re open to partnerships that expand our reach and empower more people worldwide.<\/p>\n\n\n\n<figure class=\"wp-block-image size-full\"><img loading=\"lazy\" decoding=\"async\" width=\"25\" height=\"24\" src=\"https:\/\/silvereco.org\/doc\/wp-content\/uploads\/2025\/10\/image-145.png\" alt=\"\" class=\"wp-image-45262\"\/><\/figure>\n\n\n\n<p>Cair \u2013 Smart Technology, Made to Care. Depuis 2013, Cair accompagne les fournisseurs et prestataires de soins gr\u00e2ce \u00e0 des solutions innovantes de t\u00e9l\u00e9assistance et de technologies connect\u00e9es.<\/p>\n\n\n\n<p>Reconnue par les autorit\u00e9s locales \u00e0 travers le Royaume-Uni et d\u00e9sormais ouverte \u00e0 des partenariats internationaux, l\u2019entreprise con\u00e7oit et fabrique des \u00e9quipements alliant s\u00e9curit\u00e9, confort et innovation pour des personnes de tous \u00e2ges et de toutes capacit\u00e9s. Ses solutions inclusives et pratiques permettent aux professionnels de mieux accompagner leurs b\u00e9n\u00e9ficiaires tout en favorisant l\u2019autonomie et la s\u00e9curit\u00e9 des utilisateurs.<\/p>\n\n\n\n<p>Cette ann\u00e9e, Cair pr\u00e9sente The Vibe, sa derni\u00e8re innovation : une aide sensorielle et de communication con\u00e7ue pour les personnes atteintes de troubles sensoriels et au-del\u00e0. Cair d\u00e9fend une conviction simple \u2014 la technologie et le design bien pens\u00e9s peuvent am\u00e9liorer la vie de chacun. L\u2019entreprise recherche aujourd\u2019hui des partenaires pour \u00e9tendre son impact et offrir ses solutions \u00e0 un plus grand nombre \u00e0 travers le monde.<\/p>\n\n\n\n<p><strong>Mots Clefs :<\/strong><br>T\u00e9l\u00e9assistance, Technologie d\u2019assistance, Technologie intelligente, Aides sensorielles<\/p>\n\n\n\n<p><strong>KeyWords :<\/strong><br>Telecare, Assistive Technology, Smart Technology, Sensory Aids<\/p>\n\n\n\n<p><strong>SilverEco Congr\u00e8s \/ Summits :<\/strong><br>Living at Home Summit \u2013 le Congr\u00e8s Bien-vieillir chez soi<br>Nursing Home Summit \u2013 le Congr\u00e8s EHPAD, RSS et h\u00e9bergement collectif<br>SilverTech Summit \u2013 le Congr\u00e8s des technologies pour l\u2019autonomie<\/p>\n\n\n\n<p><strong>Contact :<\/strong><br>Hanson Lane, Halifax, England, UK, HX1 4SD<br>7311830969<br>lowri@we-cair.com<br><a href=\"https:\/\/www.we-cair.com\/\">Website<\/a><\/p>\n","protected":false},"excerpt":{"rendered":"<p>Cair \u2013 Smart Technology, Made to Care Since 2013, Cair has been empowering care providers and suppliers with innovative Telecare and smart technology solutions. Trusted by local authorities across the UK and now seeking international partnerships, we design and manufacture equipment that delivers safety, comfort, and innovation for people of all ages and abilities. Our [&hellip;]<\/p>\n","protected":false},"author":639,"featured_media":0,"parent":0,"menu_order":0,"comment_status":"closed","ping_status":"closed","template":"","meta":{"site-sidebar-layout":"default","site-content-layout":"","ast-site-content-layout":"default","site-content-style":"default","site-sidebar-style":"default","ast-global-header-display":"","ast-banner-title-visibility":"","ast-main-header-display":"","ast-hfb-above-header-display":"","ast-hfb-below-header-display":"","ast-hfb-mobile-header-display":"","site-post-title":"","ast-breadcrumbs-content":"","ast-featured-img":"","footer-sml-layout":"","ast-disable-related-posts":"","theme-transparent-header-meta":"","adv-header-id-meta":"","stick-header-meta":"","header-above-stick-meta":"","header-main-stick-meta":"","header-below-stick-meta":"","astra-migrate-meta-layouts":"set","ast-page-background-enabled":"default","ast-page-background-meta":{"desktop":{"background-color":"var(--ast-global-color-4)","background-image":"","background-repeat":"repeat","background-position":"center center","background-size":"auto","background-attachment":"scroll","background-type":"","background-media":"","overlay-type":"","overlay-color":"","overlay-opacity":"","overlay-gradient":""},"tablet":{"background-color":"","background-image":"","background-repeat":"repeat","background-position":"center center","background-size":"auto","background-attachment":"scroll","background-type":"","background-media":"","overlay-type":"","overlay-color":"","overlay-opacity":"","overlay-gradient":""},"mobile":{"background-color":"","background-image":"","background-repeat":"repeat","background-position":"center center","background-size":"auto","background-attachment":"scroll","background-type":"","background-media":"","overlay-type":"","overlay-color":"","overlay-opacity":"","overlay-gradient":""}},"ast-content-background-meta":{"desktop":{"background-color":"var(--ast-global-color-5)","background-image":"","background-repeat":"repeat","background-position":"center center","background-size":"auto","background-attachment":"scroll","background-type":"","background-media":"","overlay-type":"","overlay-color":"","overlay-opacity":"","overlay-gradient":""},"tablet":{"background-color":"var(--ast-global-color-5)","background-image":"","background-repeat":"repeat","background-position":"center center","background-size":"auto","background-attachment":"scroll","background-type":"","background-media":"","overlay-type":"","overlay-color":"","overlay-opacity":"","overlay-gradient":""},"mobile":{"background-color":"var(--ast-global-color-5)","background-image":"","background-repeat":"repeat","background-position":"center center","background-size":"auto","background-attachment":"scroll","background-type":"","background-media":"","overlay-type":"","overlay-color":"","overlay-opacity":"","overlay-gradient":""}},"footnotes":""},"class_list":["post-44819","page","type-page","status-publish","hentry"],"_links":{"self":[{"href":"https:\/\/silvereco.org\/doc\/wp-json\/wp\/v2\/pages\/44819","targetHints":{"allow":["GET"]}}],"collection":[{"href":"https:\/\/silvereco.org\/doc\/wp-json\/wp\/v2\/pages"}],"about":[{"href":"https:\/\/silvereco.org\/doc\/wp-json\/wp\/v2\/types\/page"}],"author":[{"embeddable":true,"href":"https:\/\/silvereco.org\/doc\/wp-json\/wp\/v2\/users\/639"}],"replies":[{"embeddable":true,"href":"https:\/\/silvereco.org\/doc\/wp-json\/wp\/v2\/comments?post=44819"}],"version-history":[{"count":4,"href":"https:\/\/silvereco.org\/doc\/wp-json\/wp\/v2\/pages\/44819\/revisions"}],"predecessor-version":[{"id":45583,"href":"https:\/\/silvereco.org\/doc\/wp-json\/wp\/v2\/pages\/44819\/revisions\/45583"}],"wp:attachment":[{"href":"https:\/\/silvereco.org\/doc\/wp-json\/wp\/v2\/media?parent=44819"}],"curies":[{"name":"wp","href":"https:\/\/api.w.org\/{rel}","templated":true}]}}