{"id":44816,"date":"2025-10-11T14:00:12","date_gmt":"2025-10-11T12:00:12","guid":{"rendered":"https:\/\/silvereco.org\/doc\/?page_id=44816"},"modified":"2026-01-22T14:10:23","modified_gmt":"2026-01-22T13:10:23","slug":"amical-b5-hall-b","status":"publish","type":"page","link":"https:\/\/silvereco.org\/doc\/amical-b5-hall-b\/","title":{"rendered":"Amical \/ B5 \/ HALL B"},"content":{"rendered":"\n<figure class=\"wp-block-image is-resized\"><img decoding=\"async\" src=\"https:\/\/silvereco.org\/festival\/fr\/wp-content\/medias\/2025\/10\/amical-25.png\" alt=\"\" style=\"width:419px;height:auto\"\/><\/figure>\n\n\n\n<h5 class=\"wp-block-heading\"><\/h5>\n\n\n\n<figure class=\"wp-block-image size-full\"><img loading=\"lazy\" decoding=\"async\" width=\"25\" height=\"24\" src=\"https:\/\/silvereco.org\/doc\/wp-content\/uploads\/2025\/10\/image-152.png\" alt=\"\" class=\"wp-image-45277\"\/><\/figure>\n\n\n\n<p>Amical est un compagnon en intelligence artificielle con\u00e7u pour les personnes \u00e2g\u00e9es vivant avec l\u2019Alzheimer ou d\u2019autres troubles cognitifs.<\/p>\n\n\n\n<p>Il prend la forme d\u2019un t\u00e9l\u00e9phone classique sans \u00e9cran ni bouton, install\u00e9 dans les chambres en r\u00e9sidence. Accessible et intuitif : on d\u00e9croche pour parler, on raccroche pour terminer. Le t\u00e9l\u00e9phone permet aussi de recevoir des appels de la famille, et l\u2019IA peut \u00eatre configur\u00e9e pour appeler automatiquement une ou plusieurs fois par jour, offrant des suivis de bienveillance en continu. <\/p>\n\n\n\n<p>L\u2019IA est personnalis\u00e9e selon les int\u00e9r\u00eats et la personnalit\u00e9 de chaque usager, afin de cr\u00e9er une relation naturelle et rassurante. <\/p>\n\n\n\n<p>D\u00e9j\u00e0 en utilisation dans plus de 40 r\u00e9sidences au Qu\u00e9bec, Amical aide \u00e0 r\u00e9duire la solitude, \u00e0 stimuler la cognition et \u00e0 soulager les \u00e9quipes soignantes. Des notifications peuvent aussi \u00eatre envoy\u00e9es aux proches ou au personnel en cas de d\u00e9tection d\u2019un probl\u00e8me, pour assurer un meilleur suivi. <\/p>\n\n\n\n<p>Amical est la premi\u00e8re solution concr\u00e8te d\u2019IA g\u00e9n\u00e9rative pens\u00e9e pour les a\u00een\u00e9s atteints de troubles cognitifs. Une innovation qu\u00e9b\u00e9coise qui place la dignit\u00e9, la simplicit\u00e9 et la bienveillance au c\u0153ur de chaque interaction.<\/p>\n\n\n\n<figure class=\"wp-block-image size-full\"><img loading=\"lazy\" decoding=\"async\" width=\"25\" height=\"25\" src=\"https:\/\/silvereco.org\/doc\/wp-content\/uploads\/2025\/10\/image-189.png\" alt=\"\" class=\"wp-image-45348\"\/><\/figure>\n\n\n\n<p>Amical is an artificial intelligence companion designed for older adults living with Alzheimer\u2019s or other cognitive disorders.<\/p>\n\n\n\n<p>It takes the form of a classic telephone with no screen or buttons, installed in residents\u2019 rooms. Simple and accessible: pick up to talk, hang up to end the conversation. The phone also allows family calls, and the AI can be configured to call automatically once or several times a day, providing continuous compassionate check-ins.<\/p>\n\n\n\n<p>The AI is personalized according to each user\u2019s interests and personality, creating a natural and reassuring relationship. Already deployed in over 40 residences in Quebec, Amical helps reduce loneliness, stimulate cognition, and support care teams. Notifications can also be sent to relatives or staff if an issue is detected, ensuring better follow-up.<\/p>\n\n\n\n<p>Amical is the first generative AI solution specifically designed for seniors with cognitive impairments \u2014 a Quebec innovation that puts dignity, simplicity, and kindness at the heart of every interaction.<\/p>\n\n\n\n<p><strong>Mots Clefs :<\/strong><br>intelligence artificielle, Alzheimer, troubles cognitifs<\/p>\n\n\n\n<p><strong>KeyWords :<\/strong><br>artificial intelligence, Alzheimer, cognitive disorders<\/p>\n\n\n\n<p><strong>SilverEco Congr\u00e8s \/ Summits :<\/strong><br>Nursing Home Summit \u2013 le Congr\u00e8s EHPAD, RSS et h\u00e9bergement collectif<br>SilverTech Summit \u2013 le Congr\u00e8s des technologies pour l\u2019autonomie<br>Yes We Care Summit \u2013 le Congr\u00e8s de l\u2019aide aux aidants<\/p>\n\n\n\n<p><strong>Contact :<\/strong><br>2-125 Boulevard Charest E Qu\u00e9bec QC G1K 3G5 Canada<br>4153738185<br>tony@amical-ai.com<br><a href=\"https:\/\/amical-ai.com\/\">Website<\/a><\/p>\n","protected":false},"excerpt":{"rendered":"<p>Amical est un compagnon en intelligence artificielle con\u00e7u pour les personnes \u00e2g\u00e9es vivant avec l\u2019Alzheimer ou d\u2019autres troubles cognitifs. Il prend la forme d\u2019un t\u00e9l\u00e9phone classique sans \u00e9cran ni bouton, install\u00e9 dans les chambres en r\u00e9sidence. Accessible et intuitif : on d\u00e9croche pour parler, on raccroche pour terminer. Le t\u00e9l\u00e9phone permet aussi de recevoir des [&hellip;]<\/p>\n","protected":false},"author":639,"featured_media":0,"parent":0,"menu_order":0,"comment_status":"closed","ping_status":"closed","template":"","meta":{"site-sidebar-layout":"default","site-content-layout":"","ast-site-content-layout":"default","site-content-style":"default","site-sidebar-style":"default","ast-global-header-display":"","ast-banner-title-visibility":"","ast-main-header-display":"","ast-hfb-above-header-display":"","ast-hfb-below-header-display":"","ast-hfb-mobile-header-display":"","site-post-title":"","ast-breadcrumbs-content":"","ast-featured-img":"","footer-sml-layout":"","ast-disable-related-posts":"","theme-transparent-header-meta":"","adv-header-id-meta":"","stick-header-meta":"","header-above-stick-meta":"","header-main-stick-meta":"","header-below-stick-meta":"","astra-migrate-meta-layouts":"set","ast-page-background-enabled":"default","ast-page-background-meta":{"desktop":{"background-color":"var(--ast-global-color-4)","background-image":"","background-repeat":"repeat","background-position":"center center","background-size":"auto","background-attachment":"scroll","background-type":"","background-media":"","overlay-type":"","overlay-color":"","overlay-opacity":"","overlay-gradient":""},"tablet":{"background-color":"","background-image":"","background-repeat":"repeat","background-position":"center center","background-size":"auto","background-attachment":"scroll","background-type":"","background-media":"","overlay-type":"","overlay-color":"","overlay-opacity":"","overlay-gradient":""},"mobile":{"background-color":"","background-image":"","background-repeat":"repeat","background-position":"center center","background-size":"auto","background-attachment":"scroll","background-type":"","background-media":"","overlay-type":"","overlay-color":"","overlay-opacity":"","overlay-gradient":""}},"ast-content-background-meta":{"desktop":{"background-color":"var(--ast-global-color-5)","background-image":"","background-repeat":"repeat","background-position":"center center","background-size":"auto","background-attachment":"scroll","background-type":"","background-media":"","overlay-type":"","overlay-color":"","overlay-opacity":"","overlay-gradient":""},"tablet":{"background-color":"var(--ast-global-color-5)","background-image":"","background-repeat":"repeat","background-position":"center center","background-size":"auto","background-attachment":"scroll","background-type":"","background-media":"","overlay-type":"","overlay-color":"","overlay-opacity":"","overlay-gradient":""},"mobile":{"background-color":"var(--ast-global-color-5)","background-image":"","background-repeat":"repeat","background-position":"center center","background-size":"auto","background-attachment":"scroll","background-type":"","background-media":"","overlay-type":"","overlay-color":"","overlay-opacity":"","overlay-gradient":""}},"footnotes":""},"class_list":["post-44816","page","type-page","status-publish","hentry"],"_links":{"self":[{"href":"https:\/\/silvereco.org\/doc\/wp-json\/wp\/v2\/pages\/44816","targetHints":{"allow":["GET"]}}],"collection":[{"href":"https:\/\/silvereco.org\/doc\/wp-json\/wp\/v2\/pages"}],"about":[{"href":"https:\/\/silvereco.org\/doc\/wp-json\/wp\/v2\/types\/page"}],"author":[{"embeddable":true,"href":"https:\/\/silvereco.org\/doc\/wp-json\/wp\/v2\/users\/639"}],"replies":[{"embeddable":true,"href":"https:\/\/silvereco.org\/doc\/wp-json\/wp\/v2\/comments?post=44816"}],"version-history":[{"count":4,"href":"https:\/\/silvereco.org\/doc\/wp-json\/wp\/v2\/pages\/44816\/revisions"}],"predecessor-version":[{"id":45494,"href":"https:\/\/silvereco.org\/doc\/wp-json\/wp\/v2\/pages\/44816\/revisions\/45494"}],"wp:attachment":[{"href":"https:\/\/silvereco.org\/doc\/wp-json\/wp\/v2\/media?parent=44816"}],"curies":[{"name":"wp","href":"https:\/\/api.w.org\/{rel}","templated":true}]}}