{"id":44815,"date":"2025-10-11T13:59:33","date_gmt":"2025-10-11T11:59:33","guid":{"rendered":"https:\/\/silvereco.org\/doc\/?page_id=44815"},"modified":"2026-01-22T14:10:23","modified_gmt":"2026-01-22T13:10:23","slug":"api-residence-a16-hall-a","status":"publish","type":"page","link":"https:\/\/silvereco.org\/doc\/api-residence-a16-hall-a\/","title":{"rendered":"API R\u00e9sidence \/ A16 \/ HALL A"},"content":{"rendered":"\n<figure class=\"wp-block-image is-resized\"><img decoding=\"async\" src=\"https:\/\/silvereco.org\/festival\/fr\/wp-content\/medias\/2025\/10\/api-25.jpg\" alt=\"\" style=\"width:334px;height:auto\"\/><\/figure>\n\n\n\n<h5 class=\"wp-block-heading\"><\/h5>\n\n\n\n<figure class=\"wp-block-image size-full\"><img loading=\"lazy\" decoding=\"async\" width=\"25\" height=\"24\" src=\"https:\/\/silvereco.org\/doc\/wp-content\/uploads\/2025\/10\/image-151.png\" alt=\"\" class=\"wp-image-45276\"\/><\/figure>\n\n\n\n<p>API R\u00e9sidence d\u00e9veloppe et exploite un r\u00e9seau de R\u00e9sidences Services Seniors partout en France.<\/p>\n\n\n\n<p>Notre mission : offrir aux seniors un cadre de vie s\u00e9curis\u00e9, convivial et adapt\u00e9 \u00e0 leurs besoins, tout en pr\u00e9servant leur ind\u00e9pendance. <\/p>\n\n\n\n<p>Chaque r\u00e9sidence propose des appartements modernes et confortables, associ\u00e9s \u00e0 une gamme de services inclus ou \u00e0 la carte : assistance 24h\/24 et 7j\/7, animations quotidiennes, navette de proximit\u00e9, petite maintenance, accompagnement administratif et social\u2026 <\/p>\n\n\n\n<p>Notre ambition est simple : permettre aux seniors de vivre pleinement, dans un environnement rassurant, tout en restant acteurs de leur quotidien.<\/p>\n\n\n\n<figure class=\"wp-block-image size-full\"><img loading=\"lazy\" decoding=\"async\" width=\"25\" height=\"25\" src=\"https:\/\/silvereco.org\/doc\/wp-content\/uploads\/2025\/10\/image-188.png\" alt=\"\" class=\"wp-image-45346\"\/><\/figure>\n\n\n\n<p>API R\u00e9sidence develops and operates a network of senior serviced residences across France.<\/p>\n\n\n\n<p>Its mission is to offer older adults a safe, friendly, and tailored living environment while preserving their independence. Each residence provides modern, comfortable apartments along with a range of included or \u00e0 la carte services such as 24\/7 assistance, daily activities, local shuttle service, minor maintenance, and administrative or social support.<\/p>\n\n\n\n<p>API R\u00e9sidence\u2019s ambition is simple: to enable seniors to live fully and confidently in a reassuring environment while remaining active participants in their daily lives.<\/p>\n\n\n\n<p><strong>Mots Clefs :<\/strong><br>R\u00e9sidence Services Seniors<\/p>\n\n\n\n<p><strong>KeyWords :<\/strong><br>Senior Service Residence<\/p>\n\n\n\n<p><strong>SilverEco Congr\u00e8s \/ Summits :<\/strong><br>Living at Home Summit \u2013 le Congr\u00e8s Bien-vieillir chez soi<br>Nursing Home Summit \u2013 le Congr\u00e8s EHPAD, RSS et h\u00e9bergement collectif<\/p>\n\n\n\n<p><strong>Contact :<\/strong><br>11 avenue Emmanuel Pontr\u00e9moli \u2013 B\u00e2timent E3 \u2013 06200 Nice \u2013 France<br>+33 6 89 74 20 80<br>julien.salaneuve@api-residence.fr<br><a href=\"https:\/\/www.api-residence.fr\/\">Website<\/a><\/p>\n","protected":false},"excerpt":{"rendered":"<p>API R\u00e9sidence d\u00e9veloppe et exploite un r\u00e9seau de R\u00e9sidences Services Seniors partout en France. Notre mission : offrir aux seniors un cadre de vie s\u00e9curis\u00e9, convivial et adapt\u00e9 \u00e0 leurs besoins, tout en pr\u00e9servant leur ind\u00e9pendance. Chaque r\u00e9sidence propose des appartements modernes et confortables, associ\u00e9s \u00e0 une gamme de services inclus ou \u00e0 la carte [&hellip;]<\/p>\n","protected":false},"author":639,"featured_media":0,"parent":0,"menu_order":0,"comment_status":"closed","ping_status":"closed","template":"","meta":{"site-sidebar-layout":"default","site-content-layout":"","ast-site-content-layout":"default","site-content-style":"default","site-sidebar-style":"default","ast-global-header-display":"","ast-banner-title-visibility":"","ast-main-header-display":"","ast-hfb-above-header-display":"","ast-hfb-below-header-display":"","ast-hfb-mobile-header-display":"","site-post-title":"","ast-breadcrumbs-content":"","ast-featured-img":"","footer-sml-layout":"","ast-disable-related-posts":"","theme-transparent-header-meta":"","adv-header-id-meta":"","stick-header-meta":"","header-above-stick-meta":"","header-main-stick-meta":"","header-below-stick-meta":"","astra-migrate-meta-layouts":"set","ast-page-background-enabled":"default","ast-page-background-meta":{"desktop":{"background-color":"var(--ast-global-color-4)","background-image":"","background-repeat":"repeat","background-position":"center center","background-size":"auto","background-attachment":"scroll","background-type":"","background-media":"","overlay-type":"","overlay-color":"","overlay-opacity":"","overlay-gradient":""},"tablet":{"background-color":"","background-image":"","background-repeat":"repeat","background-position":"center center","background-size":"auto","background-attachment":"scroll","background-type":"","background-media":"","overlay-type":"","overlay-color":"","overlay-opacity":"","overlay-gradient":""},"mobile":{"background-color":"","background-image":"","background-repeat":"repeat","background-position":"center center","background-size":"auto","background-attachment":"scroll","background-type":"","background-media":"","overlay-type":"","overlay-color":"","overlay-opacity":"","overlay-gradient":""}},"ast-content-background-meta":{"desktop":{"background-color":"var(--ast-global-color-5)","background-image":"","background-repeat":"repeat","background-position":"center center","background-size":"auto","background-attachment":"scroll","background-type":"","background-media":"","overlay-type":"","overlay-color":"","overlay-opacity":"","overlay-gradient":""},"tablet":{"background-color":"var(--ast-global-color-5)","background-image":"","background-repeat":"repeat","background-position":"center center","background-size":"auto","background-attachment":"scroll","background-type":"","background-media":"","overlay-type":"","overlay-color":"","overlay-opacity":"","overlay-gradient":""},"mobile":{"background-color":"var(--ast-global-color-5)","background-image":"","background-repeat":"repeat","background-position":"center center","background-size":"auto","background-attachment":"scroll","background-type":"","background-media":"","overlay-type":"","overlay-color":"","overlay-opacity":"","overlay-gradient":""}},"footnotes":""},"class_list":["post-44815","page","type-page","status-publish","hentry"],"_links":{"self":[{"href":"https:\/\/silvereco.org\/doc\/wp-json\/wp\/v2\/pages\/44815","targetHints":{"allow":["GET"]}}],"collection":[{"href":"https:\/\/silvereco.org\/doc\/wp-json\/wp\/v2\/pages"}],"about":[{"href":"https:\/\/silvereco.org\/doc\/wp-json\/wp\/v2\/types\/page"}],"author":[{"embeddable":true,"href":"https:\/\/silvereco.org\/doc\/wp-json\/wp\/v2\/users\/639"}],"replies":[{"embeddable":true,"href":"https:\/\/silvereco.org\/doc\/wp-json\/wp\/v2\/comments?post=44815"}],"version-history":[{"count":4,"href":"https:\/\/silvereco.org\/doc\/wp-json\/wp\/v2\/pages\/44815\/revisions"}],"predecessor-version":[{"id":45572,"href":"https:\/\/silvereco.org\/doc\/wp-json\/wp\/v2\/pages\/44815\/revisions\/45572"}],"wp:attachment":[{"href":"https:\/\/silvereco.org\/doc\/wp-json\/wp\/v2\/media?parent=44815"}],"curies":[{"name":"wp","href":"https:\/\/api.w.org\/{rel}","templated":true}]}}