{"id":44813,"date":"2025-10-11T13:58:26","date_gmt":"2025-10-11T11:58:26","guid":{"rendered":"https:\/\/silvereco.org\/doc\/?page_id=44813"},"modified":"2026-01-22T14:10:45","modified_gmt":"2026-01-22T13:10:45","slug":"ove-caraibes-a37-hall-a","status":"publish","type":"page","link":"https:\/\/silvereco.org\/doc\/ove-caraibes-a37-hall-a\/","title":{"rendered":"OVE-CARA\u00cfBES \/ A37 \/ HALL A"},"content":{"rendered":"\n<figure class=\"wp-block-image is-resized\"><img decoding=\"async\" src=\"https:\/\/silvereco.org\/festival\/fr\/wp-content\/medias\/2025\/10\/ovecaraibes-25.jpg\" alt=\"\" style=\"width:425px;height:auto\"\/><\/figure>\n\n\n\n<h5 class=\"wp-block-heading\"><\/h5>\n\n\n\n<figure class=\"wp-block-image size-full\"><img loading=\"lazy\" decoding=\"async\" width=\"25\" height=\"24\" src=\"https:\/\/silvereco.org\/doc\/wp-content\/uploads\/2025\/10\/image-153.png\" alt=\"\" class=\"wp-image-45278\"\/><\/figure>\n\n\n\n<p>OVE-CARA\u00cfBES, acteur engag\u00e9 au c\u0153ur des Cara\u00efbes, porte une vision innovante du m\u00e9dico-social. Nous d\u00e9veloppons des solutions inclusives et durables, inspir\u00e9es des valeurs de nos territoires, pour accompagner le bien vieillir et le handicap vers l\u2019\u00e9panouissement.<\/p>\n\n\n\n<figure class=\"wp-block-image size-full\"><img loading=\"lazy\" decoding=\"async\" width=\"25\" height=\"25\" src=\"https:\/\/silvereco.org\/doc\/wp-content\/uploads\/2025\/10\/image-186.png\" alt=\"\" class=\"wp-image-45342\"\/><\/figure>\n\n\n\n<p>OVE-CARA\u00cfBES, an engaged player at the heart of the Caribbean, promotes an innovative vision of the medico-social sector. It develops inclusive and sustainable solutions inspired by the region\u2019s values to support ageing well and disability towards fulfillment and wellbeing.<\/p>\n\n\n\n<p><strong>Mots Clefs :<\/strong><br>Inclusion, Innovation, Solutions, Technologies, Bien vieillir, Autonomie, Handicap, Cara\u00efbes<\/p>\n\n\n\n<p><strong>KeyWords :<\/strong><br>Inclusion, Innovation, Solutions, Technologies, Ageing well, Autonomy, Disability, Caribbean.<\/p>\n\n\n\n<p><strong>SilverEco Congr\u00e8s \/ Summits :<\/strong><\/p>\n\n\n\n<p><strong>Contact :<\/strong><br>97200 Fort-de-France \u2013 Martinique<br>contact@ove-caraibes.com<br><a href=\"https:\/\/www.ove-caraibes.com\/gouvernance\/index.php\">Website<\/a><\/p>\n","protected":false},"excerpt":{"rendered":"<p>OVE-CARA\u00cfBES, acteur engag\u00e9 au c\u0153ur des Cara\u00efbes, porte une vision innovante du m\u00e9dico-social. Nous d\u00e9veloppons des solutions inclusives et durables, inspir\u00e9es des valeurs de nos territoires, pour accompagner le bien vieillir et le handicap vers l\u2019\u00e9panouissement. OVE-CARA\u00cfBES, an engaged player at the heart of the Caribbean, promotes an innovative vision of the medico-social sector. It [&hellip;]<\/p>\n","protected":false},"author":639,"featured_media":0,"parent":0,"menu_order":0,"comment_status":"closed","ping_status":"closed","template":"","meta":{"site-sidebar-layout":"default","site-content-layout":"","ast-site-content-layout":"default","site-content-style":"default","site-sidebar-style":"default","ast-global-header-display":"","ast-banner-title-visibility":"","ast-main-header-display":"","ast-hfb-above-header-display":"","ast-hfb-below-header-display":"","ast-hfb-mobile-header-display":"","site-post-title":"","ast-breadcrumbs-content":"","ast-featured-img":"","footer-sml-layout":"","ast-disable-related-posts":"","theme-transparent-header-meta":"","adv-header-id-meta":"","stick-header-meta":"","header-above-stick-meta":"","header-main-stick-meta":"","header-below-stick-meta":"","astra-migrate-meta-layouts":"set","ast-page-background-enabled":"default","ast-page-background-meta":{"desktop":{"background-color":"var(--ast-global-color-4)","background-image":"","background-repeat":"repeat","background-position":"center center","background-size":"auto","background-attachment":"scroll","background-type":"","background-media":"","overlay-type":"","overlay-color":"","overlay-opacity":"","overlay-gradient":""},"tablet":{"background-color":"","background-image":"","background-repeat":"repeat","background-position":"center center","background-size":"auto","background-attachment":"scroll","background-type":"","background-media":"","overlay-type":"","overlay-color":"","overlay-opacity":"","overlay-gradient":""},"mobile":{"background-color":"","background-image":"","background-repeat":"repeat","background-position":"center center","background-size":"auto","background-attachment":"scroll","background-type":"","background-media":"","overlay-type":"","overlay-color":"","overlay-opacity":"","overlay-gradient":""}},"ast-content-background-meta":{"desktop":{"background-color":"var(--ast-global-color-5)","background-image":"","background-repeat":"repeat","background-position":"center center","background-size":"auto","background-attachment":"scroll","background-type":"","background-media":"","overlay-type":"","overlay-color":"","overlay-opacity":"","overlay-gradient":""},"tablet":{"background-color":"var(--ast-global-color-5)","background-image":"","background-repeat":"repeat","background-position":"center center","background-size":"auto","background-attachment":"scroll","background-type":"","background-media":"","overlay-type":"","overlay-color":"","overlay-opacity":"","overlay-gradient":""},"mobile":{"background-color":"var(--ast-global-color-5)","background-image":"","background-repeat":"repeat","background-position":"center center","background-size":"auto","background-attachment":"scroll","background-type":"","background-media":"","overlay-type":"","overlay-color":"","overlay-opacity":"","overlay-gradient":""}},"footnotes":""},"class_list":["post-44813","page","type-page","status-publish","hentry"],"_links":{"self":[{"href":"https:\/\/silvereco.org\/doc\/wp-json\/wp\/v2\/pages\/44813","targetHints":{"allow":["GET"]}}],"collection":[{"href":"https:\/\/silvereco.org\/doc\/wp-json\/wp\/v2\/pages"}],"about":[{"href":"https:\/\/silvereco.org\/doc\/wp-json\/wp\/v2\/types\/page"}],"author":[{"embeddable":true,"href":"https:\/\/silvereco.org\/doc\/wp-json\/wp\/v2\/users\/639"}],"replies":[{"embeddable":true,"href":"https:\/\/silvereco.org\/doc\/wp-json\/wp\/v2\/comments?post=44813"}],"version-history":[{"count":6,"href":"https:\/\/silvereco.org\/doc\/wp-json\/wp\/v2\/pages\/44813\/revisions"}],"predecessor-version":[{"id":45670,"href":"https:\/\/silvereco.org\/doc\/wp-json\/wp\/v2\/pages\/44813\/revisions\/45670"}],"wp:attachment":[{"href":"https:\/\/silvereco.org\/doc\/wp-json\/wp\/v2\/media?parent=44813"}],"curies":[{"name":"wp","href":"https:\/\/api.w.org\/{rel}","templated":true}]}}