{"id":44812,"date":"2025-10-11T13:58:10","date_gmt":"2025-10-11T11:58:10","guid":{"rendered":"https:\/\/silvereco.org\/doc\/?page_id=44812"},"modified":"2026-01-22T14:10:45","modified_gmt":"2026-01-22T13:10:45","slug":"kwido-h41-hall-a","status":"publish","type":"page","link":"https:\/\/silvereco.org\/doc\/kwido-h41-hall-a\/","title":{"rendered":"KWIDO \/ H41 \/ HALL A"},"content":{"rendered":"\n<figure class=\"wp-block-image is-resized\"><img decoding=\"async\" src=\"https:\/\/silvereco.org\/festival\/fr\/wp-content\/medias\/2025\/10\/kwido-25.jpg\" alt=\"\" style=\"width:301px;height:auto\"\/><\/figure>\n\n\n\n<h5 class=\"wp-block-heading\"><\/h5>\n\n\n\n<figure class=\"wp-block-image size-full\"><img loading=\"lazy\" decoding=\"async\" width=\"25\" height=\"25\" src=\"https:\/\/silvereco.org\/doc\/wp-content\/uploads\/2025\/10\/image-185.png\" alt=\"\" class=\"wp-image-45340\"\/><\/figure>\n\n\n\n<p>Kwido is a multidevice platform for caring for elderly people at home. We have developed a geriatric assessment tool, a complete CMS for interventions at home including multimedia, messages, videocalls, etc.<\/p>\n\n\n\n<p>We also have a cognitive stimulation platorm and a module for home monitoring using AI and environmental sensors.<\/p>\n\n\n\n<figure class=\"wp-block-image size-full\"><img loading=\"lazy\" decoding=\"async\" width=\"25\" height=\"24\" src=\"https:\/\/silvereco.org\/doc\/wp-content\/uploads\/2025\/10\/image-154.png\" alt=\"\" class=\"wp-image-45279\"\/><\/figure>\n\n\n\n<p>Kwido est une plateforme multi-appareils d\u00e9di\u00e9e \u00e0 la prise en charge des personnes \u00e2g\u00e9es \u00e0 domicile. Elle comprend un outil d\u2019\u00e9valuation g\u00e9riatrique, un syst\u00e8me complet de gestion des interventions \u00e0 domicile (CMS) int\u00e9grant des contenus multim\u00e9dias, des messages et des appels vid\u00e9o.<\/p>\n\n\n\n<p>La solution inclut \u00e9galement une plateforme de stimulation cognitive et un module de suivi \u00e0 domicile reposant sur l\u2019intelligence artificielle et des capteurs environnementaux.<\/p>\n\n\n\n<p><strong>Mots Clefs :<\/strong><br>T\u00e9l\u00e9assistance avanc\u00e9e, IA, D\u00e9tecteurs, Stimulation Cognitive, Maintien \u00e0 domicile<\/p>\n\n\n\n<p><strong>KeyWords :<\/strong><br>ADVANCED TELECARE, AI, SENSORS, COGNITIVE STIMULATION, HOMECARE<\/p>\n\n\n\n<p><strong>SilverEco Congr\u00e8s \/ Summits :<\/strong><br>Living at Home Summit \u2013 le Congr\u00e8s Bien-vieillir chez soi<br>SilverTech Summit \u2013 le Congr\u00e8s des technologies pour l\u2019autonomie<br>Yes We Care Summit \u2013 le Congr\u00e8s de l\u2019aide aux aidants<br>Healthy Ageing Summit \u2013 le Congr\u00e8s Sant\u00e9 e-Sant\u00e9<\/p>\n\n\n\n<p><strong>Contact :<\/strong><br>Avenida de la Libertad, 65-1\u00baB PK 48901 Barakaldo \u2013 Spain<br>+34 6 05 74 63 79<br>ibartolome@ideable.net<br><a href=\"https:\/\/www.kwido.com\/\">Website<\/a><\/p>\n","protected":false},"excerpt":{"rendered":"<p>Kwido is a multidevice platform for caring for elderly people at home. We have developed a geriatric assessment tool, a complete CMS for interventions at home including multimedia, messages, videocalls, etc. We also have a cognitive stimulation platorm and a module for home monitoring using AI and environmental sensors. Kwido est une plateforme multi-appareils d\u00e9di\u00e9e [&hellip;]<\/p>\n","protected":false},"author":639,"featured_media":0,"parent":0,"menu_order":0,"comment_status":"closed","ping_status":"closed","template":"","meta":{"site-sidebar-layout":"default","site-content-layout":"","ast-site-content-layout":"default","site-content-style":"default","site-sidebar-style":"default","ast-global-header-display":"","ast-banner-title-visibility":"","ast-main-header-display":"","ast-hfb-above-header-display":"","ast-hfb-below-header-display":"","ast-hfb-mobile-header-display":"","site-post-title":"","ast-breadcrumbs-content":"","ast-featured-img":"","footer-sml-layout":"","ast-disable-related-posts":"","theme-transparent-header-meta":"","adv-header-id-meta":"","stick-header-meta":"","header-above-stick-meta":"","header-main-stick-meta":"","header-below-stick-meta":"","astra-migrate-meta-layouts":"set","ast-page-background-enabled":"default","ast-page-background-meta":{"desktop":{"background-color":"var(--ast-global-color-4)","background-image":"","background-repeat":"repeat","background-position":"center center","background-size":"auto","background-attachment":"scroll","background-type":"","background-media":"","overlay-type":"","overlay-color":"","overlay-opacity":"","overlay-gradient":""},"tablet":{"background-color":"","background-image":"","background-repeat":"repeat","background-position":"center center","background-size":"auto","background-attachment":"scroll","background-type":"","background-media":"","overlay-type":"","overlay-color":"","overlay-opacity":"","overlay-gradient":""},"mobile":{"background-color":"","background-image":"","background-repeat":"repeat","background-position":"center center","background-size":"auto","background-attachment":"scroll","background-type":"","background-media":"","overlay-type":"","overlay-color":"","overlay-opacity":"","overlay-gradient":""}},"ast-content-background-meta":{"desktop":{"background-color":"var(--ast-global-color-5)","background-image":"","background-repeat":"repeat","background-position":"center center","background-size":"auto","background-attachment":"scroll","background-type":"","background-media":"","overlay-type":"","overlay-color":"","overlay-opacity":"","overlay-gradient":""},"tablet":{"background-color":"var(--ast-global-color-5)","background-image":"","background-repeat":"repeat","background-position":"center center","background-size":"auto","background-attachment":"scroll","background-type":"","background-media":"","overlay-type":"","overlay-color":"","overlay-opacity":"","overlay-gradient":""},"mobile":{"background-color":"var(--ast-global-color-5)","background-image":"","background-repeat":"repeat","background-position":"center center","background-size":"auto","background-attachment":"scroll","background-type":"","background-media":"","overlay-type":"","overlay-color":"","overlay-opacity":"","overlay-gradient":""}},"footnotes":""},"class_list":["post-44812","page","type-page","status-publish","hentry"],"_links":{"self":[{"href":"https:\/\/silvereco.org\/doc\/wp-json\/wp\/v2\/pages\/44812","targetHints":{"allow":["GET"]}}],"collection":[{"href":"https:\/\/silvereco.org\/doc\/wp-json\/wp\/v2\/pages"}],"about":[{"href":"https:\/\/silvereco.org\/doc\/wp-json\/wp\/v2\/types\/page"}],"author":[{"embeddable":true,"href":"https:\/\/silvereco.org\/doc\/wp-json\/wp\/v2\/users\/639"}],"replies":[{"embeddable":true,"href":"https:\/\/silvereco.org\/doc\/wp-json\/wp\/v2\/comments?post=44812"}],"version-history":[{"count":4,"href":"https:\/\/silvereco.org\/doc\/wp-json\/wp\/v2\/pages\/44812\/revisions"}],"predecessor-version":[{"id":45607,"href":"https:\/\/silvereco.org\/doc\/wp-json\/wp\/v2\/pages\/44812\/revisions\/45607"}],"wp:attachment":[{"href":"https:\/\/silvereco.org\/doc\/wp-json\/wp\/v2\/media?parent=44812"}],"curies":[{"name":"wp","href":"https:\/\/api.w.org\/{rel}","templated":true}]}}