{"id":44798,"date":"2025-10-11T13:53:08","date_gmt":"2025-10-11T11:53:08","guid":{"rendered":"https:\/\/silvereco.org\/doc\/?page_id=44798"},"modified":"2026-01-22T14:10:23","modified_gmt":"2026-01-22T13:10:23","slug":"artissue-b10-hall-b","status":"publish","type":"page","link":"https:\/\/silvereco.org\/doc\/artissue-b10-hall-b\/","title":{"rendered":"ArTISSUE \/ B10 \/ HALL B"},"content":{"rendered":"\n<figure class=\"wp-block-image is-resized\"><img decoding=\"async\" src=\"https:\/\/silvereco.org\/festival\/fr\/wp-content\/medias\/2025\/10\/artissue-25.png\" alt=\"\" style=\"width:405px;height:auto\"\/><\/figure>\n\n\n\n<h5 class=\"wp-block-heading\"><\/h5>\n\n\n\n<figure class=\"wp-block-image size-full\"><img loading=\"lazy\" decoding=\"async\" width=\"25\" height=\"24\" src=\"https:\/\/silvereco.org\/doc\/wp-content\/uploads\/2025\/10\/image-155.png\" alt=\"\" class=\"wp-image-45280\"\/><\/figure>\n\n\n\n<p>ArTISSUE\u00ae est un projet qui tend \u00e0 devenir une plateforme de coordination de services artistiques th\u00e9rapeutiques \u00e0 vis\u00e9e pr\u00e9ventive, con\u00e7ue pour lutter contre l\u2019\u00e9puisement professionnel des soignants et am\u00e9liorer les conditions socio-professionnelles des artistes.<\/p>\n\n\n\n<p>Sa mission est d\u2019int\u00e9grer l\u2019art comme levier de bien-\u00eatre et de pr\u00e9vention , en proposant aux artistes engag\u00e9s des opportunit\u00e9s d\u2019emploi reconnues et valoris\u00e9es, et en les formant \u00e0 l\u2019approche artistique dans le monde du soin.<\/p>\n\n\n\n<p>Ces interventions sont men\u00e9es sous la supervision d\u2019art-th\u00e9rapeutes, qui en garantissent la s\u00e9curisation th\u00e9rapeutique et la pertinence clinique. <\/p>\n\n\n\n<p>En cr\u00e9ant des passerelles durables entre artistes, structures de soins et financeurs \u00e9thiques, ArTISSUE\u00ae apporte une r\u00e9ponse globale \u00e0 plusieurs enjeux sociaux : la sant\u00e9 des soignants, l\u2019am\u00e9lioration des conditions socio-professionnelles des artistes et le renforcement du lien entre soin et soci\u00e9t\u00e9.<\/p>\n\n\n\n<figure class=\"wp-block-image size-full\"><img loading=\"lazy\" decoding=\"async\" width=\"25\" height=\"25\" src=\"https:\/\/silvereco.org\/doc\/wp-content\/uploads\/2025\/10\/image-184.png\" alt=\"\" class=\"wp-image-45338\"\/><\/figure>\n\n\n\n<p>ArTISSUE\u00ae is a project aiming to become a coordination platform for preventive therapeutic art services, designed to combat caregiver burnout and improve the social and professional conditions of artists.<\/p>\n\n\n\n<p>Its mission is to integrate art as a lever for wellbeing and prevention by offering committed artists recognized and valued employment opportunities, along with training in artistic approaches within healthcare settings. These interventions are supervised by art therapists to ensure therapeutic safety and clinical relevance.<\/p>\n\n\n\n<p>By building sustainable bridges between artists, healthcare institutions, and ethical funders, ArTISSUE\u00ae provides a holistic response to multiple social challenges: improving caregivers\u2019 health, enhancing artists\u2019 professional conditions, and strengthening the connection between care and society.<\/p>\n\n\n\n<p><strong>Mots Clefs :<\/strong><br>Art th\u00e9rapie<\/p>\n\n\n\n<p><strong>KeyWords :<\/strong><br>therapeutic art services<\/p>\n\n\n\n<p><strong>SilverEco Congr\u00e8s \/ Summits :<\/strong><br>Silver Citizen Summit \u2013 le Congr\u00e8s Silver citoyennet\u00e9<br>Healthy Ageing Summit \u2013 le Congr\u00e8s Sant\u00e9 e-Sant\u00e9<\/p>\n\n\n\n<p><strong>Contact :<\/strong><br>86 avenue de la r\u00e9publique 75011 Paris \u2013 France<br>0033 7 82 02 57 01<br>artissue.societe@gmail.com<br><a href=\"https:\/\/www.linkedin.com\/company\/artissue\/\">Website<\/a><\/p>\n","protected":false},"excerpt":{"rendered":"<p>ArTISSUE\u00ae est un projet qui tend \u00e0 devenir une plateforme de coordination de services artistiques th\u00e9rapeutiques \u00e0 vis\u00e9e pr\u00e9ventive, con\u00e7ue pour lutter contre l\u2019\u00e9puisement professionnel des soignants et am\u00e9liorer les conditions socio-professionnelles des artistes. Sa mission est d\u2019int\u00e9grer l\u2019art comme levier de bien-\u00eatre et de pr\u00e9vention , en proposant aux artistes engag\u00e9s des opportunit\u00e9s d\u2019emploi [&hellip;]<\/p>\n","protected":false},"author":639,"featured_media":0,"parent":0,"menu_order":0,"comment_status":"closed","ping_status":"closed","template":"","meta":{"site-sidebar-layout":"default","site-content-layout":"","ast-site-content-layout":"default","site-content-style":"default","site-sidebar-style":"default","ast-global-header-display":"","ast-banner-title-visibility":"","ast-main-header-display":"","ast-hfb-above-header-display":"","ast-hfb-below-header-display":"","ast-hfb-mobile-header-display":"","site-post-title":"","ast-breadcrumbs-content":"","ast-featured-img":"","footer-sml-layout":"","ast-disable-related-posts":"","theme-transparent-header-meta":"","adv-header-id-meta":"","stick-header-meta":"","header-above-stick-meta":"","header-main-stick-meta":"","header-below-stick-meta":"","astra-migrate-meta-layouts":"set","ast-page-background-enabled":"default","ast-page-background-meta":{"desktop":{"background-color":"var(--ast-global-color-4)","background-image":"","background-repeat":"repeat","background-position":"center center","background-size":"auto","background-attachment":"scroll","background-type":"","background-media":"","overlay-type":"","overlay-color":"","overlay-opacity":"","overlay-gradient":""},"tablet":{"background-color":"","background-image":"","background-repeat":"repeat","background-position":"center center","background-size":"auto","background-attachment":"scroll","background-type":"","background-media":"","overlay-type":"","overlay-color":"","overlay-opacity":"","overlay-gradient":""},"mobile":{"background-color":"","background-image":"","background-repeat":"repeat","background-position":"center center","background-size":"auto","background-attachment":"scroll","background-type":"","background-media":"","overlay-type":"","overlay-color":"","overlay-opacity":"","overlay-gradient":""}},"ast-content-background-meta":{"desktop":{"background-color":"var(--ast-global-color-5)","background-image":"","background-repeat":"repeat","background-position":"center center","background-size":"auto","background-attachment":"scroll","background-type":"","background-media":"","overlay-type":"","overlay-color":"","overlay-opacity":"","overlay-gradient":""},"tablet":{"background-color":"var(--ast-global-color-5)","background-image":"","background-repeat":"repeat","background-position":"center center","background-size":"auto","background-attachment":"scroll","background-type":"","background-media":"","overlay-type":"","overlay-color":"","overlay-opacity":"","overlay-gradient":""},"mobile":{"background-color":"var(--ast-global-color-5)","background-image":"","background-repeat":"repeat","background-position":"center center","background-size":"auto","background-attachment":"scroll","background-type":"","background-media":"","overlay-type":"","overlay-color":"","overlay-opacity":"","overlay-gradient":""}},"footnotes":""},"class_list":["post-44798","page","type-page","status-publish","hentry"],"_links":{"self":[{"href":"https:\/\/silvereco.org\/doc\/wp-json\/wp\/v2\/pages\/44798","targetHints":{"allow":["GET"]}}],"collection":[{"href":"https:\/\/silvereco.org\/doc\/wp-json\/wp\/v2\/pages"}],"about":[{"href":"https:\/\/silvereco.org\/doc\/wp-json\/wp\/v2\/types\/page"}],"author":[{"embeddable":true,"href":"https:\/\/silvereco.org\/doc\/wp-json\/wp\/v2\/users\/639"}],"replies":[{"embeddable":true,"href":"https:\/\/silvereco.org\/doc\/wp-json\/wp\/v2\/comments?post=44798"}],"version-history":[{"count":3,"href":"https:\/\/silvereco.org\/doc\/wp-json\/wp\/v2\/pages\/44798\/revisions"}],"predecessor-version":[{"id":45487,"href":"https:\/\/silvereco.org\/doc\/wp-json\/wp\/v2\/pages\/44798\/revisions\/45487"}],"wp:attachment":[{"href":"https:\/\/silvereco.org\/doc\/wp-json\/wp\/v2\/media?parent=44798"}],"curies":[{"name":"wp","href":"https:\/\/api.w.org\/{rel}","templated":true}]}}