{"id":44797,"date":"2025-10-11T13:47:00","date_gmt":"2025-10-11T11:47:00","guid":{"rendered":"https:\/\/silvereco.org\/doc\/?page_id=44797"},"modified":"2026-01-22T14:10:23","modified_gmt":"2026-01-22T13:10:23","slug":"creadiaz-c16-hallc","status":"publish","type":"page","link":"https:\/\/silvereco.org\/doc\/creadiaz-c16-hallc\/","title":{"rendered":"Creadiaz \/ C16 \/ HALLC"},"content":{"rendered":"\n<figure class=\"wp-block-image is-resized\"><img decoding=\"async\" src=\"https:\/\/silvereco.org\/festival\/fr\/wp-content\/medias\/2025\/10\/creadiaz-25.png\" alt=\"\" style=\"width:383px;height:auto\"\/><\/figure>\n\n\n\n<h5 class=\"wp-block-heading\"><\/h5>\n\n\n\n<figure class=\"wp-block-image size-full\"><img loading=\"lazy\" decoding=\"async\" width=\"25\" height=\"24\" src=\"https:\/\/silvereco.org\/doc\/wp-content\/uploads\/2025\/10\/image-161.png\" alt=\"\" class=\"wp-image-45294\"\/><\/figure>\n\n\n\n<p>Pr\u00e9sentation de la plateforme Creadiaz\u00ae 360 : une plateforme au service du bien-vieillir<\/p>\n\n\n\n<p>Dans un contexte o\u00f9 les enjeux li\u00e9s au vieillissement de la population sont de plus en plus pr\u00e9sents, Creadiaz\u00ae 360 s\u2019impose comme une plateforme innovante et inclusive, pens\u00e9e pour stimuler, accompagner toutes les parties prenantes du bien-vieillir. <\/p>\n\n\n\n<p>Destin\u00e9e aux professionnels, aux structures m\u00e9dico-sociales, aux personnes vieillissantes autonomes ainsi qu\u2019aux aidants, la plateforme Creadiaz\u00ae 360 propose un ensemble d\u2019activit\u00e9s sur chaise vari\u00e9es, ludiques, cognitives et physiques, con\u00e7ues pour maintenir l\u2019autonomie et am\u00e9liorer la qualit\u00e9 de vie.<\/p>\n\n\n\n<figure class=\"wp-block-image size-full\"><img loading=\"lazy\" decoding=\"async\" width=\"25\" height=\"25\" src=\"https:\/\/silvereco.org\/doc\/wp-content\/uploads\/2025\/10\/image-178.png\" alt=\"\" class=\"wp-image-45326\"\/><\/figure>\n\n\n\n<p>Creadiaz\u00ae 360: a platform dedicated to ageing well<\/p>\n\n\n\n<p>In a context where population ageing presents growing social challenges, Creadiaz\u00ae 360 stands out as an innovative and inclusive platform designed to engage and support all stakeholders in ageing well.<\/p>\n\n\n\n<p>Intended for professionals, medico-social institutions, autonomous older adults, and caregivers, Creadiaz\u00ae 360 offers a wide range of seated activities \u2014 playful, cognitive, and physical \u2014 designed to help maintain autonomy and enhance quality of life.<\/p>\n\n\n\n<p><strong>Mots Clefs :<\/strong><br>Bien-vieillir \u2013 Autonomie \u2013 Pr\u00e9vention \u2013 Stimulation cognitive \u2013 Activit\u00e9 physique adapt\u00e9e \u2013 Lien social \u2013 Accompagnement \u2013 Aidance \u2013 Sant\u00e9 globale \u2013 Vieillissement actif \u2013 Maintien \u00e0 domicile \u2013 Qualit\u00e9 de vie \u2013 Inclusion<\/p>\n\n\n\n<p><strong>KeyWords :<\/strong><br>Ageing well \u2013 Autonomy \u2013 Prevention \u2013 Cognitive stimulation \u2013 Adapted physical activity \u2013 Social connection \u2013 Support \u2013 Caregiving \u2013 Holistic health \u2013 Active ageing \u2013 Ageing in place \u2013 Quality of life \u2013 Inclusion<\/p>\n\n\n\n<p><strong>SilverEco Congr\u00e8s \/ Summits :<\/strong><br>Living at Home Summit \u2013 le Congr\u00e8s Bien-vieillir chez soi<br>Yes We Care Summit \u2013 le Congr\u00e8s de l\u2019aide aux aidants<\/p>\n\n\n\n<p><strong>Contact :<\/strong><br>Lamentin \u2013 Martinique<br>+33 6 03 28 72 03<br>equipe@creadiaz.org<br><a href=\"https:\/\/www.creadiaz.com\/\">Website<\/a><\/p>\n","protected":false},"excerpt":{"rendered":"<p>Pr\u00e9sentation de la plateforme Creadiaz\u00ae 360 : une plateforme au service du bien-vieillir Dans un contexte o\u00f9 les enjeux li\u00e9s au vieillissement de la population sont de plus en plus pr\u00e9sents, Creadiaz\u00ae 360 s\u2019impose comme une plateforme innovante et inclusive, pens\u00e9e pour stimuler, accompagner toutes les parties prenantes du bien-vieillir. Destin\u00e9e aux professionnels, aux structures [&hellip;]<\/p>\n","protected":false},"author":639,"featured_media":0,"parent":0,"menu_order":0,"comment_status":"closed","ping_status":"closed","template":"","meta":{"site-sidebar-layout":"default","site-content-layout":"","ast-site-content-layout":"default","site-content-style":"default","site-sidebar-style":"default","ast-global-header-display":"","ast-banner-title-visibility":"","ast-main-header-display":"","ast-hfb-above-header-display":"","ast-hfb-below-header-display":"","ast-hfb-mobile-header-display":"","site-post-title":"","ast-breadcrumbs-content":"","ast-featured-img":"","footer-sml-layout":"","ast-disable-related-posts":"","theme-transparent-header-meta":"","adv-header-id-meta":"","stick-header-meta":"","header-above-stick-meta":"","header-main-stick-meta":"","header-below-stick-meta":"","astra-migrate-meta-layouts":"set","ast-page-background-enabled":"default","ast-page-background-meta":{"desktop":{"background-color":"var(--ast-global-color-4)","background-image":"","background-repeat":"repeat","background-position":"center center","background-size":"auto","background-attachment":"scroll","background-type":"","background-media":"","overlay-type":"","overlay-color":"","overlay-opacity":"","overlay-gradient":""},"tablet":{"background-color":"","background-image":"","background-repeat":"repeat","background-position":"center center","background-size":"auto","background-attachment":"scroll","background-type":"","background-media":"","overlay-type":"","overlay-color":"","overlay-opacity":"","overlay-gradient":""},"mobile":{"background-color":"","background-image":"","background-repeat":"repeat","background-position":"center center","background-size":"auto","background-attachment":"scroll","background-type":"","background-media":"","overlay-type":"","overlay-color":"","overlay-opacity":"","overlay-gradient":""}},"ast-content-background-meta":{"desktop":{"background-color":"var(--ast-global-color-5)","background-image":"","background-repeat":"repeat","background-position":"center center","background-size":"auto","background-attachment":"scroll","background-type":"","background-media":"","overlay-type":"","overlay-color":"","overlay-opacity":"","overlay-gradient":""},"tablet":{"background-color":"var(--ast-global-color-5)","background-image":"","background-repeat":"repeat","background-position":"center center","background-size":"auto","background-attachment":"scroll","background-type":"","background-media":"","overlay-type":"","overlay-color":"","overlay-opacity":"","overlay-gradient":""},"mobile":{"background-color":"var(--ast-global-color-5)","background-image":"","background-repeat":"repeat","background-position":"center center","background-size":"auto","background-attachment":"scroll","background-type":"","background-media":"","overlay-type":"","overlay-color":"","overlay-opacity":"","overlay-gradient":""}},"footnotes":""},"class_list":["post-44797","page","type-page","status-publish","hentry"],"_links":{"self":[{"href":"https:\/\/silvereco.org\/doc\/wp-json\/wp\/v2\/pages\/44797","targetHints":{"allow":["GET"]}}],"collection":[{"href":"https:\/\/silvereco.org\/doc\/wp-json\/wp\/v2\/pages"}],"about":[{"href":"https:\/\/silvereco.org\/doc\/wp-json\/wp\/v2\/types\/page"}],"author":[{"embeddable":true,"href":"https:\/\/silvereco.org\/doc\/wp-json\/wp\/v2\/users\/639"}],"replies":[{"embeddable":true,"href":"https:\/\/silvereco.org\/doc\/wp-json\/wp\/v2\/comments?post=44797"}],"version-history":[{"count":5,"href":"https:\/\/silvereco.org\/doc\/wp-json\/wp\/v2\/pages\/44797\/revisions"}],"predecessor-version":[{"id":45576,"href":"https:\/\/silvereco.org\/doc\/wp-json\/wp\/v2\/pages\/44797\/revisions\/45576"}],"wp:attachment":[{"href":"https:\/\/silvereco.org\/doc\/wp-json\/wp\/v2\/media?parent=44797"}],"curies":[{"name":"wp","href":"https:\/\/api.w.org\/{rel}","templated":true}]}}