{"id":44796,"date":"2025-10-11T13:46:30","date_gmt":"2025-10-11T11:46:30","guid":{"rendered":"https:\/\/silvereco.org\/doc\/?page_id=44796"},"modified":"2026-01-22T14:10:45","modified_gmt":"2026-01-22T13:10:45","slug":"ma-vie-en-livre-b6-hall-b","status":"publish","type":"page","link":"https:\/\/silvereco.org\/doc\/ma-vie-en-livre-b6-hall-b\/","title":{"rendered":"Ma vie en LIVRE \/ B6 \/ HALL B"},"content":{"rendered":"\n<figure class=\"wp-block-image is-resized\"><img decoding=\"async\" src=\"https:\/\/silvereco.org\/festival\/fr\/wp-content\/medias\/2025\/10\/mavieenlivre-25.png\" alt=\"\" style=\"width:390px;height:auto\"\/><\/figure>\n\n\n\n<h5 class=\"wp-block-heading\"><\/h5>\n\n\n\n<figure class=\"wp-block-image size-full\"><img loading=\"lazy\" decoding=\"async\" width=\"25\" height=\"24\" src=\"https:\/\/silvereco.org\/doc\/wp-content\/uploads\/2025\/10\/image-162.png\" alt=\"\" class=\"wp-image-45295\"\/><\/figure>\n\n\n\n<p>Ma vie en LIVRE pr\u00e9serve le plus pr\u00e9cieux des patrimoines, les souvenirs, en permettant \u00e0 tous d\u2019\u00e9crire le livre de sa vie ou de ce qui compte de fa\u00e7on rapide, ludique et accessible, gr\u00e2ce \u00e0 une m\u00e9thodologie journalistique et une IA entrain\u00e9e par des auteurs.<\/p>\n\n\n\n<p>Les \u00e9quipes ou les enfants posent les bonnes questions, les a\u00een\u00e9s racontent, nous \u00e9crivons. Permettre \u00e0 tous de coucher sur le papier son histoire c\u2019est \u00e0 la fois : UN CADEAU REMPLI D\u2019EMOTIONS UN SOIN NON MEDICAMENTEUX UN PROJET FEDERATEUR &amp; PORTEUR DE SENS UN LEVIER D\u2019IMAGE ET\/OU DE REVENUS<\/p>\n\n\n\n<figure class=\"wp-block-image size-full\"><img loading=\"lazy\" decoding=\"async\" width=\"25\" height=\"25\" src=\"https:\/\/silvereco.org\/doc\/wp-content\/uploads\/2025\/10\/image-177.png\" alt=\"\" class=\"wp-image-45324\"\/><\/figure>\n\n\n\n<p>Ma vie en LIVRE preserves the most precious legacy \u2014 memories \u2014 by enabling everyone to write the book of their life or what matters most, quickly, easily, and enjoyably. This is made possible through a journalistic methodology and an AI trained by professional authors.<\/p>\n\n\n\n<p>Teams or family members ask the right questions, seniors share their stories, and we write their book.<\/p>\n\n\n\n<p>Writing one\u2019s life story is at once:<br>\u2013 An emotion-filled gift<br>\u2013 A non-medical therapeutic approach<br>\u2013 A meaningful and unifying project<br>\u2013 A tool for enhancing image and creating value<\/p>\n\n\n\n<p><strong>Mots Clefs :<\/strong><br>Soin non m\u00e9dicamenteux, projet d\u2019\u00e9quipe, biographie, memoire collective, interg\u00e9n\u00e9rationnel<\/p>\n\n\n\n<p><strong>KeyWords :<\/strong><br>Non-pharmacological care, team project, biography, collective memory, intergenerational<\/p>\n\n\n\n<p><strong>SilverEco Congr\u00e8s \/ Summits :<\/strong><\/p>\n\n\n\n<p><strong>Contact :<\/strong><br>179 Boulevard Malesherbes 75017 Paris \u2013 France<br>+33 6 84 10 70 72<br>virginie@mavieenlivre.com<br><a href=\"https:\/\/www.mavieenlivre.com\/\">Website<\/a><\/p>\n","protected":false},"excerpt":{"rendered":"<p>Ma vie en LIVRE pr\u00e9serve le plus pr\u00e9cieux des patrimoines, les souvenirs, en permettant \u00e0 tous d\u2019\u00e9crire le livre de sa vie ou de ce qui compte de fa\u00e7on rapide, ludique et accessible, gr\u00e2ce \u00e0 une m\u00e9thodologie journalistique et une IA entrain\u00e9e par des auteurs. Les \u00e9quipes ou les enfants posent les bonnes questions, les [&hellip;]<\/p>\n","protected":false},"author":639,"featured_media":0,"parent":0,"menu_order":0,"comment_status":"closed","ping_status":"closed","template":"","meta":{"site-sidebar-layout":"default","site-content-layout":"","ast-site-content-layout":"default","site-content-style":"default","site-sidebar-style":"default","ast-global-header-display":"","ast-banner-title-visibility":"","ast-main-header-display":"","ast-hfb-above-header-display":"","ast-hfb-below-header-display":"","ast-hfb-mobile-header-display":"","site-post-title":"","ast-breadcrumbs-content":"","ast-featured-img":"","footer-sml-layout":"","ast-disable-related-posts":"","theme-transparent-header-meta":"","adv-header-id-meta":"","stick-header-meta":"","header-above-stick-meta":"","header-main-stick-meta":"","header-below-stick-meta":"","astra-migrate-meta-layouts":"set","ast-page-background-enabled":"default","ast-page-background-meta":{"desktop":{"background-color":"var(--ast-global-color-4)","background-image":"","background-repeat":"repeat","background-position":"center center","background-size":"auto","background-attachment":"scroll","background-type":"","background-media":"","overlay-type":"","overlay-color":"","overlay-opacity":"","overlay-gradient":""},"tablet":{"background-color":"","background-image":"","background-repeat":"repeat","background-position":"center center","background-size":"auto","background-attachment":"scroll","background-type":"","background-media":"","overlay-type":"","overlay-color":"","overlay-opacity":"","overlay-gradient":""},"mobile":{"background-color":"","background-image":"","background-repeat":"repeat","background-position":"center center","background-size":"auto","background-attachment":"scroll","background-type":"","background-media":"","overlay-type":"","overlay-color":"","overlay-opacity":"","overlay-gradient":""}},"ast-content-background-meta":{"desktop":{"background-color":"var(--ast-global-color-5)","background-image":"","background-repeat":"repeat","background-position":"center center","background-size":"auto","background-attachment":"scroll","background-type":"","background-media":"","overlay-type":"","overlay-color":"","overlay-opacity":"","overlay-gradient":""},"tablet":{"background-color":"var(--ast-global-color-5)","background-image":"","background-repeat":"repeat","background-position":"center center","background-size":"auto","background-attachment":"scroll","background-type":"","background-media":"","overlay-type":"","overlay-color":"","overlay-opacity":"","overlay-gradient":""},"mobile":{"background-color":"var(--ast-global-color-5)","background-image":"","background-repeat":"repeat","background-position":"center center","background-size":"auto","background-attachment":"scroll","background-type":"","background-media":"","overlay-type":"","overlay-color":"","overlay-opacity":"","overlay-gradient":""}},"footnotes":""},"class_list":["post-44796","page","type-page","status-publish","hentry"],"_links":{"self":[{"href":"https:\/\/silvereco.org\/doc\/wp-json\/wp\/v2\/pages\/44796","targetHints":{"allow":["GET"]}}],"collection":[{"href":"https:\/\/silvereco.org\/doc\/wp-json\/wp\/v2\/pages"}],"about":[{"href":"https:\/\/silvereco.org\/doc\/wp-json\/wp\/v2\/types\/page"}],"author":[{"embeddable":true,"href":"https:\/\/silvereco.org\/doc\/wp-json\/wp\/v2\/users\/639"}],"replies":[{"embeddable":true,"href":"https:\/\/silvereco.org\/doc\/wp-json\/wp\/v2\/comments?post=44796"}],"version-history":[{"count":5,"href":"https:\/\/silvereco.org\/doc\/wp-json\/wp\/v2\/pages\/44796\/revisions"}],"predecessor-version":[{"id":45621,"href":"https:\/\/silvereco.org\/doc\/wp-json\/wp\/v2\/pages\/44796\/revisions\/45621"}],"wp:attachment":[{"href":"https:\/\/silvereco.org\/doc\/wp-json\/wp\/v2\/media?parent=44796"}],"curies":[{"name":"wp","href":"https:\/\/api.w.org\/{rel}","templated":true}]}}