{"id":44795,"date":"2025-10-11T13:45:54","date_gmt":"2025-10-11T11:45:54","guid":{"rendered":"https:\/\/silvereco.org\/doc\/?page_id=44795"},"modified":"2026-01-22T14:10:23","modified_gmt":"2026-01-22T13:10:23","slug":"domani-h25-hall-a","status":"publish","type":"page","link":"https:\/\/silvereco.org\/doc\/domani-h25-hall-a\/","title":{"rendered":"Domani \/ H25 \/ HALL A"},"content":{"rendered":"\n<figure class=\"wp-block-image is-resized\"><img decoding=\"async\" src=\"https:\/\/silvereco.org\/festival\/fr\/wp-content\/medias\/2025\/10\/Domani-25.png\" alt=\"\" style=\"width:397px;height:auto\"\/><\/figure>\n\n\n\n<h5 class=\"wp-block-heading\"><\/h5>\n\n\n\n<figure class=\"wp-block-image size-full\"><img loading=\"lazy\" decoding=\"async\" width=\"25\" height=\"24\" src=\"https:\/\/silvereco.org\/doc\/wp-content\/uploads\/2025\/10\/image-163.png\" alt=\"\" class=\"wp-image-45296\"\/><\/figure>\n\n\n\n<p>Domani est une entreprise de l\u2019\u00c9conomie Sociale et Solidaire, agr\u00e9\u00e9e ESUS, qui accompagne des habitats inclusifs, partag\u00e9s et accompagn\u00e9s, en c\u0153ur de ville, pour des personnes \u00e2g\u00e9es en perte d\u2019autonomie.<\/p>\n\n\n\n<p>Soutenu par le groupe Caisse des D\u00e9pots, Domani essaime ce mod\u00e8le d\u2019habitats partag\u00e9s sur toute la France.<\/p>\n\n\n\n<figure class=\"wp-block-image size-full\"><img loading=\"lazy\" decoding=\"async\" width=\"25\" height=\"25\" src=\"https:\/\/silvereco.org\/doc\/wp-content\/uploads\/2025\/10\/image-176.png\" alt=\"\" class=\"wp-image-45322\"\/><\/figure>\n\n\n\n<p>Domani is a Social and Solidarity Economy company, certified ESUS, that supports inclusive, shared, and assisted housing projects in city centers for older adults experiencing loss of autonomy.<\/p>\n\n\n\n<p>Backed by the Caisse des D\u00e9p\u00f4ts Group, Domani is expanding this shared living model across France, promoting inclusive housing solutions that combine independence, social connection, and support for seniors.<\/p>\n\n\n\n<p><strong>Mots Clefs :<\/strong><br>Habitat partag\u00e9 ; colocation ; habitat inclusif ; gestionnaire ; perte d\u2019autonomie<\/p>\n\n\n\n<p><strong>KeyWords :<\/strong><br>Shared housing; flat-sharing; inclusive housing; operator; loss of autonomy<\/p>\n\n\n\n<p><strong>SilverEco Congr\u00e8s \/ Summits :<\/strong><br>Living at Home Summit \u2013 le Congr\u00e8s Bien-vieillir chez soi<br>Nursing Home Summit \u2013 le Congr\u00e8s EHPAD, RSS et h\u00e9bergement collectif<\/p>\n\n\n\n<p><strong>Contact :<\/strong><br>9 rue de Cond\u00e9 33000 Bordeaux \u2013 France<br>+33 7 60 59 45 20<br>theophile@domani-ess.com<br><a href=\"https:\/\/www.domani-ess.com\/\">Website<\/a><\/p>\n","protected":false},"excerpt":{"rendered":"<p>Domani est une entreprise de l\u2019\u00c9conomie Sociale et Solidaire, agr\u00e9\u00e9e ESUS, qui accompagne des habitats inclusifs, partag\u00e9s et accompagn\u00e9s, en c\u0153ur de ville, pour des personnes \u00e2g\u00e9es en perte d\u2019autonomie. Soutenu par le groupe Caisse des D\u00e9pots, Domani essaime ce mod\u00e8le d\u2019habitats partag\u00e9s sur toute la France. Domani is a Social and Solidarity Economy company, [&hellip;]<\/p>\n","protected":false},"author":639,"featured_media":0,"parent":0,"menu_order":0,"comment_status":"closed","ping_status":"closed","template":"","meta":{"site-sidebar-layout":"default","site-content-layout":"","ast-site-content-layout":"default","site-content-style":"default","site-sidebar-style":"default","ast-global-header-display":"","ast-banner-title-visibility":"","ast-main-header-display":"","ast-hfb-above-header-display":"","ast-hfb-below-header-display":"","ast-hfb-mobile-header-display":"","site-post-title":"","ast-breadcrumbs-content":"","ast-featured-img":"","footer-sml-layout":"","ast-disable-related-posts":"","theme-transparent-header-meta":"","adv-header-id-meta":"","stick-header-meta":"","header-above-stick-meta":"","header-main-stick-meta":"","header-below-stick-meta":"","astra-migrate-meta-layouts":"set","ast-page-background-enabled":"default","ast-page-background-meta":{"desktop":{"background-color":"var(--ast-global-color-4)","background-image":"","background-repeat":"repeat","background-position":"center center","background-size":"auto","background-attachment":"scroll","background-type":"","background-media":"","overlay-type":"","overlay-color":"","overlay-opacity":"","overlay-gradient":""},"tablet":{"background-color":"","background-image":"","background-repeat":"repeat","background-position":"center center","background-size":"auto","background-attachment":"scroll","background-type":"","background-media":"","overlay-type":"","overlay-color":"","overlay-opacity":"","overlay-gradient":""},"mobile":{"background-color":"","background-image":"","background-repeat":"repeat","background-position":"center center","background-size":"auto","background-attachment":"scroll","background-type":"","background-media":"","overlay-type":"","overlay-color":"","overlay-opacity":"","overlay-gradient":""}},"ast-content-background-meta":{"desktop":{"background-color":"var(--ast-global-color-5)","background-image":"","background-repeat":"repeat","background-position":"center center","background-size":"auto","background-attachment":"scroll","background-type":"","background-media":"","overlay-type":"","overlay-color":"","overlay-opacity":"","overlay-gradient":""},"tablet":{"background-color":"var(--ast-global-color-5)","background-image":"","background-repeat":"repeat","background-position":"center center","background-size":"auto","background-attachment":"scroll","background-type":"","background-media":"","overlay-type":"","overlay-color":"","overlay-opacity":"","overlay-gradient":""},"mobile":{"background-color":"var(--ast-global-color-5)","background-image":"","background-repeat":"repeat","background-position":"center center","background-size":"auto","background-attachment":"scroll","background-type":"","background-media":"","overlay-type":"","overlay-color":"","overlay-opacity":"","overlay-gradient":""}},"footnotes":""},"class_list":["post-44795","page","type-page","status-publish","hentry"],"_links":{"self":[{"href":"https:\/\/silvereco.org\/doc\/wp-json\/wp\/v2\/pages\/44795","targetHints":{"allow":["GET"]}}],"collection":[{"href":"https:\/\/silvereco.org\/doc\/wp-json\/wp\/v2\/pages"}],"about":[{"href":"https:\/\/silvereco.org\/doc\/wp-json\/wp\/v2\/types\/page"}],"author":[{"embeddable":true,"href":"https:\/\/silvereco.org\/doc\/wp-json\/wp\/v2\/users\/639"}],"replies":[{"embeddable":true,"href":"https:\/\/silvereco.org\/doc\/wp-json\/wp\/v2\/comments?post=44795"}],"version-history":[{"count":4,"href":"https:\/\/silvereco.org\/doc\/wp-json\/wp\/v2\/pages\/44795\/revisions"}],"predecessor-version":[{"id":45573,"href":"https:\/\/silvereco.org\/doc\/wp-json\/wp\/v2\/pages\/44795\/revisions\/45573"}],"wp:attachment":[{"href":"https:\/\/silvereco.org\/doc\/wp-json\/wp\/v2\/media?parent=44795"}],"curies":[{"name":"wp","href":"https:\/\/api.w.org\/{rel}","templated":true}]}}