{"id":44794,"date":"2025-10-11T13:45:01","date_gmt":"2025-10-11T11:45:01","guid":{"rendered":"https:\/\/silvereco.org\/doc\/?page_id=44794"},"modified":"2026-01-22T14:10:45","modified_gmt":"2026-01-22T13:10:45","slug":"kibolt-a7-hall-a","status":"publish","type":"page","link":"https:\/\/silvereco.org\/doc\/kibolt-a7-hall-a\/","title":{"rendered":"KIBOLT \/ A7 \/ HALL A"},"content":{"rendered":"\n<figure class=\"wp-block-image size-large is-resized\"><img loading=\"lazy\" decoding=\"async\" width=\"1024\" height=\"288\" src=\"https:\/\/silvereco.org\/doc\/wp-content\/uploads\/2025\/10\/KIBOLT-logo-baseline-1024x288.png\" alt=\"\" class=\"wp-image-45870\" style=\"width:348px;height:auto\" srcset=\"https:\/\/silvereco.org\/doc\/wp-content\/uploads\/2025\/10\/KIBOLT-logo-baseline-1024x288.png 1024w, https:\/\/silvereco.org\/doc\/wp-content\/uploads\/2025\/10\/KIBOLT-logo-baseline-300x84.png 300w, https:\/\/silvereco.org\/doc\/wp-content\/uploads\/2025\/10\/KIBOLT-logo-baseline-768x216.png 768w, https:\/\/silvereco.org\/doc\/wp-content\/uploads\/2025\/10\/KIBOLT-logo-baseline.png 1056w\" sizes=\"auto, (max-width: 1024px) 100vw, 1024px\" \/><\/figure>\n\n\n\n<h5 class=\"wp-block-heading\"><\/h5>\n\n\n\n<figure class=\"wp-block-image size-full\"><img loading=\"lazy\" decoding=\"async\" width=\"25\" height=\"24\" src=\"https:\/\/silvereco.org\/doc\/wp-content\/uploads\/2025\/10\/image-164.png\" alt=\"\" class=\"wp-image-45297\"\/><\/figure>\n\n\n\n<p>N\u2019OUVREZ PAS A N\u2019IMPORTE QUI ! <br>KIBOLT propose des solutions pour s\u00e9curiser votre porte d\u2019entr\u00e9e.<\/p>\n\n\n\n<p>Venez nous rencontrer sur le stand, vous d\u00e9couvrirez notre serrure multipoints connect\u00e9e : KIBOLT HOME, con\u00e7ue pour vous apporter s\u00e9r\u00e9nit\u00e9 et s\u00e9curit\u00e9 au sein de votre foyer tout en facilitant l\u2019intervention des aidants. <\/p>\n\n\n\n<p>Avec KIBOLT HOME, vous pouvez \u00e9galement voir votre visiteur avant de lui ouvrir de votre domicile ou \u00e0 distance, ajoutant une couche suppl\u00e9mentaire de s\u00e9curit\u00e9 et de tranquillit\u00e9 d\u2019esprit. Sans oublier KIBOLT SMART, la cl\u00e9 unique et intelligente pour vous faciliter la vie ! <\/p>\n\n\n\n<p>Dites au revoir aux boites \u00e0 cl\u00e9s et \u00e0 la peur de les perdre \u2026 Les solutions KIBOLT vous apporteront confort et s\u00e9r\u00e9nit\u00e9 chez vous ou m\u00eame ailleurs !<\/p>\n\n\n\n<figure class=\"wp-block-image size-full\"><img loading=\"lazy\" decoding=\"async\" width=\"25\" height=\"25\" src=\"https:\/\/silvereco.org\/doc\/wp-content\/uploads\/2025\/10\/image-175.png\" alt=\"\" class=\"wp-image-45320\"\/><\/figure>\n\n\n\n<p>Don\u2019t open your door to just anyone!<br>KIBOLT offers smart solutions to secure your front door.<\/p>\n\n\n\n<p>Visit our booth to discover KIBOLT HOME, our connected multipoint lock designed to bring you peace of mind and safety at home while making it easier for caregivers to access when needed. With KIBOLT HOME, you can also see your visitor before opening the door \u2014 whether you\u2019re at home or away \u2014 adding an extra layer of security and peace of mind.<\/p>\n\n\n\n<p>And don\u2019t miss KIBOLT SMART, the intelligent universal key that simplifies your daily life. Say goodbye to key boxes and the fear of losing your keys \u2014 KIBOLT solutions bring you comfort, convenience, and security wherever you are.<\/p>\n\n\n\n<p><strong>Mots Clefs :<\/strong><br>SECURITE CONFORT<\/p>\n\n\n\n<p><strong>KeyWords :<\/strong><br>SAFETY COMFORT<\/p>\n\n\n\n<p><strong>SilverEco Congr\u00e8s \/ Summits :<\/strong><br>Living at Home Summit \u2013 le Congr\u00e8s Bien-vieillir chez soi<br>Yes We Care Summit \u2013 le Congr\u00e8s de l\u2019aide aux aidants<\/p>\n\n\n\n<p><strong>Contact :<\/strong><br>370 Rue de Maunit 85290 MORTAGNE SUR SEVRE \u2013 France<br><a href=\"https:\/\/www.kibolt.fr\/\">Website<\/a><\/p>\n","protected":false},"excerpt":{"rendered":"<p>N\u2019OUVREZ PAS A N\u2019IMPORTE QUI ! KIBOLT propose des solutions pour s\u00e9curiser votre porte d\u2019entr\u00e9e. Venez nous rencontrer sur le stand, vous d\u00e9couvrirez notre serrure multipoints connect\u00e9e : KIBOLT HOME, con\u00e7ue pour vous apporter s\u00e9r\u00e9nit\u00e9 et s\u00e9curit\u00e9 au sein de votre foyer tout en facilitant l\u2019intervention des aidants. Avec KIBOLT HOME, vous pouvez \u00e9galement voir [&hellip;]<\/p>\n","protected":false},"author":639,"featured_media":0,"parent":0,"menu_order":0,"comment_status":"closed","ping_status":"closed","template":"","meta":{"site-sidebar-layout":"default","site-content-layout":"","ast-site-content-layout":"default","site-content-style":"default","site-sidebar-style":"default","ast-global-header-display":"","ast-banner-title-visibility":"","ast-main-header-display":"","ast-hfb-above-header-display":"","ast-hfb-below-header-display":"","ast-hfb-mobile-header-display":"","site-post-title":"","ast-breadcrumbs-content":"","ast-featured-img":"","footer-sml-layout":"","ast-disable-related-posts":"","theme-transparent-header-meta":"","adv-header-id-meta":"","stick-header-meta":"","header-above-stick-meta":"","header-main-stick-meta":"","header-below-stick-meta":"","astra-migrate-meta-layouts":"set","ast-page-background-enabled":"default","ast-page-background-meta":{"desktop":{"background-color":"var(--ast-global-color-4)","background-image":"","background-repeat":"repeat","background-position":"center center","background-size":"auto","background-attachment":"scroll","background-type":"","background-media":"","overlay-type":"","overlay-color":"","overlay-opacity":"","overlay-gradient":""},"tablet":{"background-color":"","background-image":"","background-repeat":"repeat","background-position":"center center","background-size":"auto","background-attachment":"scroll","background-type":"","background-media":"","overlay-type":"","overlay-color":"","overlay-opacity":"","overlay-gradient":""},"mobile":{"background-color":"","background-image":"","background-repeat":"repeat","background-position":"center center","background-size":"auto","background-attachment":"scroll","background-type":"","background-media":"","overlay-type":"","overlay-color":"","overlay-opacity":"","overlay-gradient":""}},"ast-content-background-meta":{"desktop":{"background-color":"var(--ast-global-color-5)","background-image":"","background-repeat":"repeat","background-position":"center center","background-size":"auto","background-attachment":"scroll","background-type":"","background-media":"","overlay-type":"","overlay-color":"","overlay-opacity":"","overlay-gradient":""},"tablet":{"background-color":"var(--ast-global-color-5)","background-image":"","background-repeat":"repeat","background-position":"center center","background-size":"auto","background-attachment":"scroll","background-type":"","background-media":"","overlay-type":"","overlay-color":"","overlay-opacity":"","overlay-gradient":""},"mobile":{"background-color":"var(--ast-global-color-5)","background-image":"","background-repeat":"repeat","background-position":"center center","background-size":"auto","background-attachment":"scroll","background-type":"","background-media":"","overlay-type":"","overlay-color":"","overlay-opacity":"","overlay-gradient":""}},"footnotes":""},"class_list":["post-44794","page","type-page","status-publish","hentry"],"_links":{"self":[{"href":"https:\/\/silvereco.org\/doc\/wp-json\/wp\/v2\/pages\/44794","targetHints":{"allow":["GET"]}}],"collection":[{"href":"https:\/\/silvereco.org\/doc\/wp-json\/wp\/v2\/pages"}],"about":[{"href":"https:\/\/silvereco.org\/doc\/wp-json\/wp\/v2\/types\/page"}],"author":[{"embeddable":true,"href":"https:\/\/silvereco.org\/doc\/wp-json\/wp\/v2\/users\/639"}],"replies":[{"embeddable":true,"href":"https:\/\/silvereco.org\/doc\/wp-json\/wp\/v2\/comments?post=44794"}],"version-history":[{"count":6,"href":"https:\/\/silvereco.org\/doc\/wp-json\/wp\/v2\/pages\/44794\/revisions"}],"predecessor-version":[{"id":45871,"href":"https:\/\/silvereco.org\/doc\/wp-json\/wp\/v2\/pages\/44794\/revisions\/45871"}],"wp:attachment":[{"href":"https:\/\/silvereco.org\/doc\/wp-json\/wp\/v2\/media?parent=44794"}],"curies":[{"name":"wp","href":"https:\/\/api.w.org\/{rel}","templated":true}]}}