{"id":44784,"date":"2025-10-11T13:48:04","date_gmt":"2025-10-11T11:48:04","guid":{"rendered":"https:\/\/silvereco.org\/doc\/?page_id=44784"},"modified":"2026-01-22T14:10:23","modified_gmt":"2026-01-22T13:10:23","slug":"france-alzheimer-06-c18-hallc","status":"publish","type":"page","link":"https:\/\/silvereco.org\/doc\/france-alzheimer-06-c18-hallc\/","title":{"rendered":"FRANCE ALZHEIMER 06 \/ C18 \/ HALLC"},"content":{"rendered":"\n<figure class=\"wp-block-image is-resized\"><img decoding=\"async\" src=\"https:\/\/silvereco.org\/festival\/fr\/wp-content\/medias\/2025\/10\/francealzheimer-25.png\" alt=\"\" style=\"width:436px;height:auto\"\/><\/figure>\n\n\n\n<h5 class=\"wp-block-heading\"><\/h5>\n\n\n\n<figure class=\"wp-block-image size-full\"><img loading=\"lazy\" decoding=\"async\" width=\"25\" height=\"24\" src=\"https:\/\/silvereco.org\/doc\/wp-content\/uploads\/2025\/10\/image-159.png\" alt=\"\" class=\"wp-image-45287\"\/><\/figure>\n\n\n\n<p>France Alzheimer 06 est une association d\u00e9partementale qui porte la parole des Aidants et relaie leurs besoins.<\/p>\n\n\n\n<p>Elle assure aussi des actions d\u2019accompagnement psycho-social, ainsi que la cr\u00e9ation de dispositifs de r\u00e9pit. Porteuse d\u2019un accueil de jour et d\u2019une plate forme d\u2019accompagnement et de r\u00e9pit, nous portons la d\u00e9mystification des troubles li\u00e9s au handicap cognitif pour valoriser que le patient est avant tout une personne.<\/p>\n\n\n\n<figure class=\"wp-block-image size-full\"><img loading=\"lazy\" decoding=\"async\" width=\"25\" height=\"25\" src=\"https:\/\/silvereco.org\/doc\/wp-content\/uploads\/2025\/10\/image-180.png\" alt=\"\" class=\"wp-image-45330\"\/><\/figure>\n\n\n\n<p>France Alzheimer 06 is a local association that gives a voice to caregivers and advocates for their needs.<\/p>\n\n\n\n<p>It provides psychosocial support, develops respite solutions, and manages both a day care center and a support and respite platform. The association also works to demystify cognitive disorders, promoting a positive view that recognizes the person before the condition.<\/p>\n\n\n\n<p><strong>Mots Clefs :<\/strong><br>valoriser, innover, accompagner, soutenir<\/p>\n\n\n\n<p><strong>KeyWords :<\/strong><br>promote, innovate, support, assist<\/p>\n\n\n\n<p><strong>SilverEco Congr\u00e8s \/ Summits :<\/strong><br>Living at Home Summit \u2013 le Congr\u00e8s Bien-vieillir chez soi<br>Nursing Home Summit \u2013 le Congr\u00e8s EHPAD, RSS et h\u00e9bergement collectif<\/p>\n\n\n\n<p><strong>Contact :<\/strong><br>5 av B\u00e9atrix, 06100 Nice \u2013 France<br>+33 6 10 86 47 49<br>direction@fa06.fr<br><a href=\"https:\/\/www.francealzheimer06.com\/\">Website<\/a><\/p>\n","protected":false},"excerpt":{"rendered":"<p>France Alzheimer 06 est une association d\u00e9partementale qui porte la parole des Aidants et relaie leurs besoins. Elle assure aussi des actions d\u2019accompagnement psycho-social, ainsi que la cr\u00e9ation de dispositifs de r\u00e9pit. Porteuse d\u2019un accueil de jour et d\u2019une plate forme d\u2019accompagnement et de r\u00e9pit, nous portons la d\u00e9mystification des troubles li\u00e9s au handicap cognitif [&hellip;]<\/p>\n","protected":false},"author":639,"featured_media":0,"parent":0,"menu_order":0,"comment_status":"closed","ping_status":"closed","template":"","meta":{"site-sidebar-layout":"default","site-content-layout":"","ast-site-content-layout":"default","site-content-style":"default","site-sidebar-style":"default","ast-global-header-display":"","ast-banner-title-visibility":"","ast-main-header-display":"","ast-hfb-above-header-display":"","ast-hfb-below-header-display":"","ast-hfb-mobile-header-display":"","site-post-title":"","ast-breadcrumbs-content":"","ast-featured-img":"","footer-sml-layout":"","ast-disable-related-posts":"","theme-transparent-header-meta":"","adv-header-id-meta":"","stick-header-meta":"","header-above-stick-meta":"","header-main-stick-meta":"","header-below-stick-meta":"","astra-migrate-meta-layouts":"set","ast-page-background-enabled":"default","ast-page-background-meta":{"desktop":{"background-color":"var(--ast-global-color-4)","background-image":"","background-repeat":"repeat","background-position":"center center","background-size":"auto","background-attachment":"scroll","background-type":"","background-media":"","overlay-type":"","overlay-color":"","overlay-opacity":"","overlay-gradient":""},"tablet":{"background-color":"","background-image":"","background-repeat":"repeat","background-position":"center center","background-size":"auto","background-attachment":"scroll","background-type":"","background-media":"","overlay-type":"","overlay-color":"","overlay-opacity":"","overlay-gradient":""},"mobile":{"background-color":"","background-image":"","background-repeat":"repeat","background-position":"center center","background-size":"auto","background-attachment":"scroll","background-type":"","background-media":"","overlay-type":"","overlay-color":"","overlay-opacity":"","overlay-gradient":""}},"ast-content-background-meta":{"desktop":{"background-color":"var(--ast-global-color-5)","background-image":"","background-repeat":"repeat","background-position":"center center","background-size":"auto","background-attachment":"scroll","background-type":"","background-media":"","overlay-type":"","overlay-color":"","overlay-opacity":"","overlay-gradient":""},"tablet":{"background-color":"var(--ast-global-color-5)","background-image":"","background-repeat":"repeat","background-position":"center center","background-size":"auto","background-attachment":"scroll","background-type":"","background-media":"","overlay-type":"","overlay-color":"","overlay-opacity":"","overlay-gradient":""},"mobile":{"background-color":"var(--ast-global-color-5)","background-image":"","background-repeat":"repeat","background-position":"center center","background-size":"auto","background-attachment":"scroll","background-type":"","background-media":"","overlay-type":"","overlay-color":"","overlay-opacity":"","overlay-gradient":""}},"footnotes":""},"class_list":["post-44784","page","type-page","status-publish","hentry"],"_links":{"self":[{"href":"https:\/\/silvereco.org\/doc\/wp-json\/wp\/v2\/pages\/44784","targetHints":{"allow":["GET"]}}],"collection":[{"href":"https:\/\/silvereco.org\/doc\/wp-json\/wp\/v2\/pages"}],"about":[{"href":"https:\/\/silvereco.org\/doc\/wp-json\/wp\/v2\/types\/page"}],"author":[{"embeddable":true,"href":"https:\/\/silvereco.org\/doc\/wp-json\/wp\/v2\/users\/639"}],"replies":[{"embeddable":true,"href":"https:\/\/silvereco.org\/doc\/wp-json\/wp\/v2\/comments?post=44784"}],"version-history":[{"count":5,"href":"https:\/\/silvereco.org\/doc\/wp-json\/wp\/v2\/pages\/44784\/revisions"}],"predecessor-version":[{"id":45600,"href":"https:\/\/silvereco.org\/doc\/wp-json\/wp\/v2\/pages\/44784\/revisions\/45600"}],"wp:attachment":[{"href":"https:\/\/silvereco.org\/doc\/wp-json\/wp\/v2\/media?parent=44784"}],"curies":[{"name":"wp","href":"https:\/\/api.w.org\/{rel}","templated":true}]}}