{"id":44774,"date":"2025-10-11T13:40:57","date_gmt":"2025-10-11T11:40:57","guid":{"rendered":"https:\/\/silvereco.org\/doc\/?page_id=44774"},"modified":"2026-01-22T14:10:45","modified_gmt":"2026-01-22T13:10:45","slug":"neosilver-h28-hall-a","status":"publish","type":"page","link":"https:\/\/silvereco.org\/doc\/neosilver-h28-hall-a\/","title":{"rendered":"NEOSILVER \/ H28 \/ HALL A"},"content":{"rendered":"\n<figure class=\"wp-block-image is-resized\"><img decoding=\"async\" src=\"https:\/\/silvereco.org\/festival\/fr\/wp-content\/medias\/2025\/10\/neosilver-25.png\" alt=\"\" style=\"width:423px;height:auto\"\/><\/figure>\n\n\n\n<h5 class=\"wp-block-heading\"><\/h5>\n\n\n\n<figure class=\"wp-block-image size-full\"><img loading=\"lazy\" decoding=\"async\" width=\"25\" height=\"24\" src=\"https:\/\/silvereco.org\/doc\/wp-content\/uploads\/2025\/10\/image-165.png\" alt=\"\" class=\"wp-image-45298\"\/><\/figure>\n\n\n\n<p>Neosilver est le partenaire incontournable des activit\u00e9s \u00e0 destination des seniors de 60 ans et plus, qu\u2019ils vivent \u00e0 domicile ou en \u00e9tablissement.<\/p>\n\n\n\n<p>Nous proposons un catalogue de plus de 120 activit\u00e9s collectives de pr\u00e9vention (bien-\u00eatre, sport, arts, travaux manuels, sorties culturelles\u2026) assur\u00e9es par un r\u00e9seau de plus de 5 000 intervenants professionnels, partout en France. Nos programmes visent \u00e0 pr\u00e9venir la perte d\u2019autonomie, maintenir le lien social et \u00e0 redonner confiance, assurance et estime de soi. <\/p>\n\n\n\n<p>Nous croyons que chacun, apr\u00e8s la vie active, m\u00e9rite de vivre une vie passionn\u00e9ment active, quel que soit son \u00e2ge ! <\/p>\n\n\n\n<p>Soucieuse de r\u00e9pondre aux besoins de ses partenaires, Neosilver a aussi d\u00e9velopp\u00e9 une plateforme digitale BtoB, accessible 24\/24h et 7\/7j qui permet de faciliter la gestion de la vie sociale pour les EHPAD, les r\u00e9sidences autonomie, les r\u00e9sidences services, les CCAS\u2026 <\/p>\n\n\n\n<p>Tout est centralis\u00e9 au m\u00eame endroit : r\u00e9alisation de devis, planification, cr\u00e9ation d\u2019affiches pour communiquer, suivi du budget et des factures, contenus d\u2019animation cl\u00e9 en main, rapport d\u2019activit\u00e9s, veille sur les financements et subventions\u2026 Notre plateforme \u00e9volue continuellement pour r\u00e9pondre aux diff\u00e9rents besoins de nos partenaires et leur permettre de passer plus de temps aupr\u00e8s de ceux qui en ont besoin.<\/p>\n\n\n\n<figure class=\"wp-block-image size-full\"><img loading=\"lazy\" decoding=\"async\" width=\"25\" height=\"25\" src=\"https:\/\/silvereco.org\/doc\/wp-content\/uploads\/2025\/10\/image-174.png\" alt=\"\" class=\"wp-image-45318\"\/><\/figure>\n\n\n\n<p>Neosilver is the leading partner for activities dedicated to seniors aged 60 and over, whether they live at home or in care facilities.<\/p>\n\n\n\n<p>The company offers a catalogue of more than 120 group preventive activities \u2014 including wellness, fitness, arts, crafts, and cultural outings \u2014 delivered by a network of over 5,000 professional instructors across France. These programs aim to prevent loss of autonomy, maintain social connections, and restore confidence, self-assurance, and self-esteem. Neosilver believes that after one\u2019s professional life, everyone deserves to live a passionately active life, regardless of age.<\/p>\n\n\n\n<p>To better support its partners, Neosilver has also developed a 24\/7 B2B digital platform that simplifies social activity management for nursing homes, assisted living residences, senior communities, and local authorities. Everything is centralized in one place: quote creation, scheduling, communication materials, budget and invoice tracking, ready-to-use activity content, activity reports, and funding intelligence. The platform continues to evolve to meet partners\u2019 needs and help them spend more quality time with those who need it most.<\/p>\n\n\n\n<p><strong>Mots Clefs :<\/strong><br>Animation collective seniors \u2013 Programme de pr\u00e9vention<\/p>\n\n\n\n<p><strong>KeyWords :<\/strong><br>Collective activities for seniors \u2013 Prevention program<\/p>\n\n\n\n<p><strong>SilverEco Congr\u00e8s \/ Summits :<\/strong><\/p>\n\n\n\n<p><strong>Contact :<\/strong><br>61 rue de Lyon 75012 PARIS \u2013 France<br>+33 1 89 71 01 36<br>contact@neosilver.fr<br><a href=\"https:\/\/neosilver.fr\/\">Website<\/a><\/p>\n","protected":false},"excerpt":{"rendered":"<p>Neosilver est le partenaire incontournable des activit\u00e9s \u00e0 destination des seniors de 60 ans et plus, qu\u2019ils vivent \u00e0 domicile ou en \u00e9tablissement. Nous proposons un catalogue de plus de 120 activit\u00e9s collectives de pr\u00e9vention (bien-\u00eatre, sport, arts, travaux manuels, sorties culturelles\u2026) assur\u00e9es par un r\u00e9seau de plus de 5 000 intervenants professionnels, partout en [&hellip;]<\/p>\n","protected":false},"author":639,"featured_media":0,"parent":0,"menu_order":0,"comment_status":"closed","ping_status":"closed","template":"","meta":{"site-sidebar-layout":"default","site-content-layout":"","ast-site-content-layout":"default","site-content-style":"default","site-sidebar-style":"default","ast-global-header-display":"","ast-banner-title-visibility":"","ast-main-header-display":"","ast-hfb-above-header-display":"","ast-hfb-below-header-display":"","ast-hfb-mobile-header-display":"","site-post-title":"","ast-breadcrumbs-content":"","ast-featured-img":"","footer-sml-layout":"","ast-disable-related-posts":"","theme-transparent-header-meta":"","adv-header-id-meta":"","stick-header-meta":"","header-above-stick-meta":"","header-main-stick-meta":"","header-below-stick-meta":"","astra-migrate-meta-layouts":"set","ast-page-background-enabled":"default","ast-page-background-meta":{"desktop":{"background-color":"var(--ast-global-color-4)","background-image":"","background-repeat":"repeat","background-position":"center center","background-size":"auto","background-attachment":"scroll","background-type":"","background-media":"","overlay-type":"","overlay-color":"","overlay-opacity":"","overlay-gradient":""},"tablet":{"background-color":"","background-image":"","background-repeat":"repeat","background-position":"center center","background-size":"auto","background-attachment":"scroll","background-type":"","background-media":"","overlay-type":"","overlay-color":"","overlay-opacity":"","overlay-gradient":""},"mobile":{"background-color":"","background-image":"","background-repeat":"repeat","background-position":"center center","background-size":"auto","background-attachment":"scroll","background-type":"","background-media":"","overlay-type":"","overlay-color":"","overlay-opacity":"","overlay-gradient":""}},"ast-content-background-meta":{"desktop":{"background-color":"var(--ast-global-color-5)","background-image":"","background-repeat":"repeat","background-position":"center center","background-size":"auto","background-attachment":"scroll","background-type":"","background-media":"","overlay-type":"","overlay-color":"","overlay-opacity":"","overlay-gradient":""},"tablet":{"background-color":"var(--ast-global-color-5)","background-image":"","background-repeat":"repeat","background-position":"center center","background-size":"auto","background-attachment":"scroll","background-type":"","background-media":"","overlay-type":"","overlay-color":"","overlay-opacity":"","overlay-gradient":""},"mobile":{"background-color":"var(--ast-global-color-5)","background-image":"","background-repeat":"repeat","background-position":"center center","background-size":"auto","background-attachment":"scroll","background-type":"","background-media":"","overlay-type":"","overlay-color":"","overlay-opacity":"","overlay-gradient":""}},"footnotes":""},"class_list":["post-44774","page","type-page","status-publish","hentry"],"_links":{"self":[{"href":"https:\/\/silvereco.org\/doc\/wp-json\/wp\/v2\/pages\/44774","targetHints":{"allow":["GET"]}}],"collection":[{"href":"https:\/\/silvereco.org\/doc\/wp-json\/wp\/v2\/pages"}],"about":[{"href":"https:\/\/silvereco.org\/doc\/wp-json\/wp\/v2\/types\/page"}],"author":[{"embeddable":true,"href":"https:\/\/silvereco.org\/doc\/wp-json\/wp\/v2\/users\/639"}],"replies":[{"embeddable":true,"href":"https:\/\/silvereco.org\/doc\/wp-json\/wp\/v2\/comments?post=44774"}],"version-history":[{"count":5,"href":"https:\/\/silvereco.org\/doc\/wp-json\/wp\/v2\/pages\/44774\/revisions"}],"predecessor-version":[{"id":45612,"href":"https:\/\/silvereco.org\/doc\/wp-json\/wp\/v2\/pages\/44774\/revisions\/45612"}],"wp:attachment":[{"href":"https:\/\/silvereco.org\/doc\/wp-json\/wp\/v2\/media?parent=44774"}],"curies":[{"name":"wp","href":"https:\/\/api.w.org\/{rel}","templated":true}]}}