{"id":44773,"date":"2025-10-11T13:40:17","date_gmt":"2025-10-11T11:40:17","guid":{"rendered":"https:\/\/silvereco.org\/doc\/?page_id=44773"},"modified":"2026-01-22T14:11:09","modified_gmt":"2026-01-22T13:11:09","slug":"xray-moov-c15-hallc","status":"publish","type":"page","link":"https:\/\/silvereco.org\/doc\/xray-moov-c15-hallc\/","title":{"rendered":"Xray Moov \/ C15 \/ HALLC"},"content":{"rendered":"\n<figure class=\"wp-block-image is-resized\"><img decoding=\"async\" src=\"https:\/\/silvereco.org\/festival\/fr\/wp-content\/medias\/2025\/10\/xraymoov-25.jpg\" alt=\"\" style=\"width:274px;height:auto\"\/><\/figure>\n\n\n\n<h5 class=\"wp-block-heading\"><\/h5>\n\n\n\n<figure class=\"wp-block-image size-full\"><img loading=\"lazy\" decoding=\"async\" width=\"25\" height=\"24\" src=\"https:\/\/silvereco.org\/doc\/wp-content\/uploads\/2025\/10\/image-166.png\" alt=\"\" class=\"wp-image-45299\"\/><\/figure>\n\n\n\n<p>Xray Moov est une start-up de sant\u00e9 qui d\u00e9veloppe un Dispositif M\u00e9dical Num\u00e9rique innovant pour la coordination et la supervision m\u00e9dicale en imagerie mobile.<\/p>\n\n\n\n<p>Notre solution permet la r\u00e9alisation s\u00e9curis\u00e9e d\u2019examens directement au chevet des patients (EHPAD, SSR, HAD, domicile, milieu p\u00e9nitentiaire), gr\u00e2ce \u00e0 notre solution num\u00e9rique s\u00e9curis\u00e9e et interop\u00e9rable. Elle vise \u00e0 am\u00e9liorer l\u2019acc\u00e8s aux soins, r\u00e9duire les d\u00e9lais d\u2019imagerie et renforcer la continuit\u00e9 des parcours. <\/p>\n\n\n\n<figure class=\"wp-block-image size-full\"><img loading=\"lazy\" decoding=\"async\" width=\"25\" height=\"25\" src=\"https:\/\/silvereco.org\/doc\/wp-content\/uploads\/2025\/10\/image-173.png\" alt=\"\" class=\"wp-image-45316\"\/><\/figure>\n\n\n\n<p>Xray Moov is a health-tech start-up developing an innovative Digital Medical Device for medical coordination and supervision in mobile imaging. <\/p>\n\n\n\n<p>Our solution enables safe imaging exams directly at the patient\u2019s bedside (nursing homes, rehab centers, home care, penitentiary settings), through a secure and interoperable digital platform. It aims to improve access to care, reduce imaging delays, and strengthen care continuity.<\/p>\n\n\n\n<p><strong>Mots Clefs :<\/strong><br>Imagerie m\u00e9dicale mobile, Dispositif M\u00e9dical Num\u00e9rique, Coordination des soins, Bien vieillir, Acc\u00e8s aux soins<\/p>\n\n\n\n<p><strong>KeyWords :<\/strong><br>Mobile medical imaging, Digital Medical Device, Care coordination, Healthy aging, Access to care<\/p>\n\n\n\n<p><strong>SilverEco Congr\u00e8s \/ Summits :<\/strong><br>Healthy Ageing Summit \u2013 le Congr\u00e8s Sant\u00e9 e-Sant\u00e9<\/p>\n\n\n\n<p><strong>Contact :<\/strong><br>229 rue saint Honor\u00e9 75001 Paris \u2013 France<br>contact@xraymoov.fr<br><a href=\"https:\/\/www.xraymoov.fr\/\">Website<\/a><\/p>\n","protected":false},"excerpt":{"rendered":"<p>Xray Moov est une start-up de sant\u00e9 qui d\u00e9veloppe un Dispositif M\u00e9dical Num\u00e9rique innovant pour la coordination et la supervision m\u00e9dicale en imagerie mobile. Notre solution permet la r\u00e9alisation s\u00e9curis\u00e9e d\u2019examens directement au chevet des patients (EHPAD, SSR, HAD, domicile, milieu p\u00e9nitentiaire), gr\u00e2ce \u00e0 notre solution num\u00e9rique s\u00e9curis\u00e9e et interop\u00e9rable. Elle vise \u00e0 am\u00e9liorer l\u2019acc\u00e8s [&hellip;]<\/p>\n","protected":false},"author":639,"featured_media":0,"parent":0,"menu_order":0,"comment_status":"closed","ping_status":"closed","template":"","meta":{"site-sidebar-layout":"default","site-content-layout":"","ast-site-content-layout":"default","site-content-style":"default","site-sidebar-style":"default","ast-global-header-display":"","ast-banner-title-visibility":"","ast-main-header-display":"","ast-hfb-above-header-display":"","ast-hfb-below-header-display":"","ast-hfb-mobile-header-display":"","site-post-title":"","ast-breadcrumbs-content":"","ast-featured-img":"","footer-sml-layout":"","ast-disable-related-posts":"","theme-transparent-header-meta":"","adv-header-id-meta":"","stick-header-meta":"","header-above-stick-meta":"","header-main-stick-meta":"","header-below-stick-meta":"","astra-migrate-meta-layouts":"set","ast-page-background-enabled":"default","ast-page-background-meta":{"desktop":{"background-color":"var(--ast-global-color-4)","background-image":"","background-repeat":"repeat","background-position":"center center","background-size":"auto","background-attachment":"scroll","background-type":"","background-media":"","overlay-type":"","overlay-color":"","overlay-opacity":"","overlay-gradient":""},"tablet":{"background-color":"","background-image":"","background-repeat":"repeat","background-position":"center center","background-size":"auto","background-attachment":"scroll","background-type":"","background-media":"","overlay-type":"","overlay-color":"","overlay-opacity":"","overlay-gradient":""},"mobile":{"background-color":"","background-image":"","background-repeat":"repeat","background-position":"center center","background-size":"auto","background-attachment":"scroll","background-type":"","background-media":"","overlay-type":"","overlay-color":"","overlay-opacity":"","overlay-gradient":""}},"ast-content-background-meta":{"desktop":{"background-color":"var(--ast-global-color-5)","background-image":"","background-repeat":"repeat","background-position":"center center","background-size":"auto","background-attachment":"scroll","background-type":"","background-media":"","overlay-type":"","overlay-color":"","overlay-opacity":"","overlay-gradient":""},"tablet":{"background-color":"var(--ast-global-color-5)","background-image":"","background-repeat":"repeat","background-position":"center center","background-size":"auto","background-attachment":"scroll","background-type":"","background-media":"","overlay-type":"","overlay-color":"","overlay-opacity":"","overlay-gradient":""},"mobile":{"background-color":"var(--ast-global-color-5)","background-image":"","background-repeat":"repeat","background-position":"center center","background-size":"auto","background-attachment":"scroll","background-type":"","background-media":"","overlay-type":"","overlay-color":"","overlay-opacity":"","overlay-gradient":""}},"footnotes":""},"class_list":["post-44773","page","type-page","status-publish","hentry"],"_links":{"self":[{"href":"https:\/\/silvereco.org\/doc\/wp-json\/wp\/v2\/pages\/44773","targetHints":{"allow":["GET"]}}],"collection":[{"href":"https:\/\/silvereco.org\/doc\/wp-json\/wp\/v2\/pages"}],"about":[{"href":"https:\/\/silvereco.org\/doc\/wp-json\/wp\/v2\/types\/page"}],"author":[{"embeddable":true,"href":"https:\/\/silvereco.org\/doc\/wp-json\/wp\/v2\/users\/639"}],"replies":[{"embeddable":true,"href":"https:\/\/silvereco.org\/doc\/wp-json\/wp\/v2\/comments?post=44773"}],"version-history":[{"count":4,"href":"https:\/\/silvereco.org\/doc\/wp-json\/wp\/v2\/pages\/44773\/revisions"}],"predecessor-version":[{"id":45548,"href":"https:\/\/silvereco.org\/doc\/wp-json\/wp\/v2\/pages\/44773\/revisions\/45548"}],"wp:attachment":[{"href":"https:\/\/silvereco.org\/doc\/wp-json\/wp\/v2\/media?parent=44773"}],"curies":[{"name":"wp","href":"https:\/\/api.w.org\/{rel}","templated":true}]}}