{"id":44771,"date":"2025-10-11T13:39:02","date_gmt":"2025-10-11T11:39:02","guid":{"rendered":"https:\/\/silvereco.org\/doc\/?page_id=44771"},"modified":"2026-01-22T14:10:23","modified_gmt":"2026-01-22T13:10:23","slug":"eforto-health-h43-hall-a","status":"publish","type":"page","link":"https:\/\/silvereco.org\/doc\/eforto-health-h43-hall-a\/","title":{"rendered":"Eforto Health \/ H43 \/ HALL A"},"content":{"rendered":"\n<figure class=\"wp-block-image is-resized\"><img decoding=\"async\" src=\"https:\/\/silvereco.org\/festival\/fr\/wp-content\/medias\/2025\/10\/eforto-25.png\" alt=\"\" style=\"width:321px;height:auto\"\/><\/figure>\n\n\n\n<h5 class=\"wp-block-heading\"><\/h5>\n\n\n\n<figure class=\"wp-block-image size-full\"><img loading=\"lazy\" decoding=\"async\" width=\"25\" height=\"25\" src=\"https:\/\/silvereco.org\/doc\/wp-content\/uploads\/2025\/10\/image-172.png\" alt=\"\" class=\"wp-image-45314\"\/><\/figure>\n\n\n\n<p>EfortoVitality\u00ae is the first validated test of muscle and vitality capacity, aligned with WHO definitions of healthy aging. It measures key biomarkers \u2014 muscle strength, fatigability, and self-perceived fatigue \u2014 in under five minutes using the Eforto\u00ae Vigorimeter and mobile app.<\/p>\n\n\n\n<p>Data is seamlessly integrated into the Eforto\u00ae Metrics RPM platform, enabling frailty screening, fall-risk assessment, prediction of health outcomes and monitoring of inflammation and recovery. <\/p>\n\n\n\n<p>Designed for patients, clinicians, and researchers, Eforto\u00ae empowers healthy longevity by making validated vitality monitoring accessible to all. Guiding clinical decision making acreoss the care continium: screening, triage, treatment planning, acute care and hospital management, discharge management, rehabilitation and chronic disease management. We are market ready and are selling to our first customers. <\/p>\n\n\n\n<p>We are looking for strategic partners and investor to scale worldwide.<\/p>\n\n\n\n<figure class=\"wp-block-image size-full\"><img loading=\"lazy\" decoding=\"async\" width=\"25\" height=\"24\" src=\"https:\/\/silvereco.org\/doc\/wp-content\/uploads\/2025\/10\/image-167.png\" alt=\"\" class=\"wp-image-45300\"\/><\/figure>\n\n\n\n<p>EfortoVitality\u00ae est le premier test valid\u00e9 de la capacit\u00e9 musculaire et de la vitalit\u00e9, en accord avec les d\u00e9finitions de l\u2019OMS sur le vieillissement en bonne sant\u00e9. Il mesure en moins de cinq minutes des biomarqueurs cl\u00e9s \u2014 force musculaire, fatigabilit\u00e9 et fatigue per\u00e7ue \u2014 gr\u00e2ce au vigorim\u00e8tre Eforto\u00ae et \u00e0 une application mobile d\u00e9di\u00e9e.<\/p>\n\n\n\n<p>Les donn\u00e9es sont int\u00e9gr\u00e9es \u00e0 la plateforme de t\u00e9l\u00e9suivi Eforto\u00ae Metrics RPM, permettant le d\u00e9pistage de la fragilit\u00e9, l\u2019\u00e9valuation du risque de chute, la pr\u00e9diction des r\u00e9sultats de sant\u00e9 ainsi que le suivi de l\u2019inflammation et de la r\u00e9cup\u00e9ration.<\/p>\n\n\n\n<p>Con\u00e7ue pour les patients, les cliniciens et les chercheurs, la solution Eforto\u00ae favorise la long\u00e9vit\u00e9 en bonne sant\u00e9 en rendant le suivi valid\u00e9 de la vitalit\u00e9 accessible \u00e0 tous. Elle guide la prise de d\u00e9cision clinique sur l\u2019ensemble du parcours de soins : d\u00e9pistage, tri, planification th\u00e9rapeutique, soins aigus, gestion hospitali\u00e8re, sortie, r\u00e9\u00e9ducation et maladies chroniques.<\/p>\n\n\n\n<p>Eforto est pr\u00eate pour le march\u00e9 et a d\u00e9j\u00e0 conquis ses premiers clients. L\u2019entreprise recherche actuellement des partenaires strat\u00e9giques et des investisseurs pour un d\u00e9ploiement mondial.<\/p>\n\n\n\n<p><strong>Mots Clefs :<\/strong><br>capacit\u00e9 musculaire<\/p>\n\n\n\n<p><strong>KeyWords :<\/strong><br>vitality capacity<\/p>\n\n\n\n<p><strong>SilverEco Congr\u00e8s \/ Summits :<\/strong><\/p>\n\n\n\n<p><strong>Contact :<\/strong><br>s Herenweg 16, 1860 Meise, Belgique<br>+32 4 95 20 60 03<br>connect@eforto.com<br><a href=\"https:\/\/www.eforto.com\/\">Website<\/a><\/p>\n","protected":false},"excerpt":{"rendered":"<p>EfortoVitality\u00ae is the first validated test of muscle and vitality capacity, aligned with WHO definitions of healthy aging. It measures key biomarkers \u2014 muscle strength, fatigability, and self-perceived fatigue \u2014 in under five minutes using the Eforto\u00ae Vigorimeter and mobile app. Data is seamlessly integrated into the Eforto\u00ae Metrics RPM platform, enabling frailty screening, fall-risk [&hellip;]<\/p>\n","protected":false},"author":639,"featured_media":0,"parent":0,"menu_order":0,"comment_status":"closed","ping_status":"closed","template":"","meta":{"site-sidebar-layout":"default","site-content-layout":"","ast-site-content-layout":"default","site-content-style":"default","site-sidebar-style":"default","ast-global-header-display":"","ast-banner-title-visibility":"","ast-main-header-display":"","ast-hfb-above-header-display":"","ast-hfb-below-header-display":"","ast-hfb-mobile-header-display":"","site-post-title":"","ast-breadcrumbs-content":"","ast-featured-img":"","footer-sml-layout":"","ast-disable-related-posts":"","theme-transparent-header-meta":"","adv-header-id-meta":"","stick-header-meta":"","header-above-stick-meta":"","header-main-stick-meta":"","header-below-stick-meta":"","astra-migrate-meta-layouts":"set","ast-page-background-enabled":"default","ast-page-background-meta":{"desktop":{"background-color":"var(--ast-global-color-4)","background-image":"","background-repeat":"repeat","background-position":"center center","background-size":"auto","background-attachment":"scroll","background-type":"","background-media":"","overlay-type":"","overlay-color":"","overlay-opacity":"","overlay-gradient":""},"tablet":{"background-color":"","background-image":"","background-repeat":"repeat","background-position":"center center","background-size":"auto","background-attachment":"scroll","background-type":"","background-media":"","overlay-type":"","overlay-color":"","overlay-opacity":"","overlay-gradient":""},"mobile":{"background-color":"","background-image":"","background-repeat":"repeat","background-position":"center center","background-size":"auto","background-attachment":"scroll","background-type":"","background-media":"","overlay-type":"","overlay-color":"","overlay-opacity":"","overlay-gradient":""}},"ast-content-background-meta":{"desktop":{"background-color":"var(--ast-global-color-5)","background-image":"","background-repeat":"repeat","background-position":"center center","background-size":"auto","background-attachment":"scroll","background-type":"","background-media":"","overlay-type":"","overlay-color":"","overlay-opacity":"","overlay-gradient":""},"tablet":{"background-color":"var(--ast-global-color-5)","background-image":"","background-repeat":"repeat","background-position":"center center","background-size":"auto","background-attachment":"scroll","background-type":"","background-media":"","overlay-type":"","overlay-color":"","overlay-opacity":"","overlay-gradient":""},"mobile":{"background-color":"var(--ast-global-color-5)","background-image":"","background-repeat":"repeat","background-position":"center center","background-size":"auto","background-attachment":"scroll","background-type":"","background-media":"","overlay-type":"","overlay-color":"","overlay-opacity":"","overlay-gradient":""}},"footnotes":""},"class_list":["post-44771","page","type-page","status-publish","hentry"],"_links":{"self":[{"href":"https:\/\/silvereco.org\/doc\/wp-json\/wp\/v2\/pages\/44771","targetHints":{"allow":["GET"]}}],"collection":[{"href":"https:\/\/silvereco.org\/doc\/wp-json\/wp\/v2\/pages"}],"about":[{"href":"https:\/\/silvereco.org\/doc\/wp-json\/wp\/v2\/types\/page"}],"author":[{"embeddable":true,"href":"https:\/\/silvereco.org\/doc\/wp-json\/wp\/v2\/users\/639"}],"replies":[{"embeddable":true,"href":"https:\/\/silvereco.org\/doc\/wp-json\/wp\/v2\/comments?post=44771"}],"version-history":[{"count":4,"href":"https:\/\/silvereco.org\/doc\/wp-json\/wp\/v2\/pages\/44771\/revisions"}],"predecessor-version":[{"id":45546,"href":"https:\/\/silvereco.org\/doc\/wp-json\/wp\/v2\/pages\/44771\/revisions\/45546"}],"wp:attachment":[{"href":"https:\/\/silvereco.org\/doc\/wp-json\/wp\/v2\/media?parent=44771"}],"curies":[{"name":"wp","href":"https:\/\/api.w.org\/{rel}","templated":true}]}}