{"id":44770,"date":"2025-10-11T13:38:17","date_gmt":"2025-10-11T11:38:17","guid":{"rendered":"https:\/\/silvereco.org\/doc\/?page_id=44770"},"modified":"2026-01-22T14:10:45","modified_gmt":"2026-01-22T13:10:45","slug":"ping4alzheimer-c6-hallc","status":"publish","type":"page","link":"https:\/\/silvereco.org\/doc\/ping4alzheimer-c6-hallc\/","title":{"rendered":"Ping4Alzheimer \/ C6 \/ HALLC"},"content":{"rendered":"\n<figure class=\"wp-block-image is-resized\"><img decoding=\"async\" src=\"https:\/\/silvereco.org\/festival\/fr\/wp-content\/medias\/2025\/10\/ping4alzheimer-25.jpg\" alt=\"\" style=\"width:238px;height:auto\"\/><\/figure>\n\n\n\n<h5 class=\"wp-block-heading\"><\/h5>\n\n\n\n<figure class=\"wp-block-image size-full\"><img loading=\"lazy\" decoding=\"async\" width=\"25\" height=\"24\" src=\"https:\/\/silvereco.org\/doc\/wp-content\/uploads\/2025\/10\/image-168.png\" alt=\"\" class=\"wp-image-45301\"\/><\/figure>\n\n\n\n<p>Programme de tennis de table qui ralentit la maladie et le d\u00e9clin cognitif gr\u00e2ce \u00e0 trois piliers. <br>L\u2019activit\u00e9 physique, la stimulation cognitive et les interactions sociales.<\/p>\n\n\n\n<p>Pr\u00e9sent dans 50 villes en France et \u00e9galement \u00e0 l\u2019\u00e9tranger, Ping4Alzheimer s\u2019adapte \u00e0 tout types de patients, de la pr\u00e9vention primaire jusqu\u2019au patient compl\u00e9tement d\u00e9pendant \u00e0 un stade avanc\u00e9 de la maladie. <\/p>\n\n\n\n<p>Nous avons \u00e9galement donn\u00e9 une place importante \u00e0 l\u2019aidant, afin de l\u2019aider dans son accompagnement du quotidien et \u00e9galement au sein des Ehpad, ou le ping-pong est utilis\u00e9 aussi comme m\u00e9dia de visite afin de reconnecter les familles. <\/p>\n\n\n\n<p>Ce programme contient un protocole d\u2019intervention pr\u00e9cis, dont l\u2019objectif est de maintenir l\u2019autonomie des patients. Le parcours contient des jeux destin\u00e9s a am\u00e9liorer \u00e9galement l\u2019\u00e9quilibre, la concentration et la confiance des patients, le tout avec des interactions sociales sp\u00e9cifiques afin que la personne garde son \u00ab&nbsp;&nbsp;\u00bbidentit\u00e9&nbsp;\u00bb&nbsp;\u00bb le plus longtemps possible.<\/p>\n\n\n\n<figure class=\"wp-block-image size-full\"><img loading=\"lazy\" decoding=\"async\" width=\"25\" height=\"25\" src=\"https:\/\/silvereco.org\/doc\/wp-content\/uploads\/2025\/10\/image-171.png\" alt=\"\" class=\"wp-image-45308\"\/><\/figure>\n\n\n\n<p>Ping4Alzheimer is a table tennis program designed to slow down the progression of Alzheimer\u2019s disease and cognitive decline through three core pillars: physical activity, cognitive stimulation, and social interaction.<\/p>\n\n\n\n<p>Active in 50 cities across France and abroad, Ping4Alzheimer adapts to all types of participants \u2014 from primary prevention to individuals in advanced stages of the disease. The program also places great emphasis on supporting caregivers, helping them in daily assistance and within nursing homes, where ping pong is used as a medium to reconnect families during visits.<\/p>\n\n\n\n<p>The initiative follows a structured intervention protocol aimed at maintaining patients\u2019 autonomy. The sessions include games that improve balance, focus, and confidence, all while fostering meaningful social interactions that help participants preserve their sense of identity for as long as possible.<\/p>\n\n\n\n<p><strong>Mots Clefs :<\/strong><br>Alzheimer, D\u00e9mences, sport adapt\u00e9, activit\u00e9 physique, ping pong, tennis de table, d\u00e9clin cognitif, aidants.<\/p>\n\n\n\n<p><strong>KeyWords :<\/strong><br>Alzheimer, dementias, adapted sport, physical activity, ping pong, table tennis, cognitive decline, caregivers.<\/p>\n\n\n\n<p><strong>SilverEco Congr\u00e8s \/ Summits :<\/strong><br>Living at Home Summit \u2013 le Congr\u00e8s Bien-vieillir chez soi<br>Nursing Home Summit \u2013 le Congr\u00e8s EHPAD, RSS et h\u00e9bergement collectif<br>Yes We Care Summit \u2013 le Congr\u00e8s de l\u2019aide aux aidants<\/p>\n\n\n\n<p><strong>Contact :<\/strong><br>30 rue Helene Boucher\/Massy\/91300\/France<br>+33 6 29 22 11 99<br>ping4alzheimer@gmail.com<br><a href=\"https:\/\/www.ping4alzheimer.com\/\">Website<\/a><\/p>\n","protected":false},"excerpt":{"rendered":"<p>Programme de tennis de table qui ralentit la maladie et le d\u00e9clin cognitif gr\u00e2ce \u00e0 trois piliers. L\u2019activit\u00e9 physique, la stimulation cognitive et les interactions sociales. Pr\u00e9sent dans 50 villes en France et \u00e9galement \u00e0 l\u2019\u00e9tranger, Ping4Alzheimer s\u2019adapte \u00e0 tout types de patients, de la pr\u00e9vention primaire jusqu\u2019au patient compl\u00e9tement d\u00e9pendant \u00e0 un stade avanc\u00e9 [&hellip;]<\/p>\n","protected":false},"author":639,"featured_media":0,"parent":0,"menu_order":0,"comment_status":"closed","ping_status":"closed","template":"","meta":{"site-sidebar-layout":"default","site-content-layout":"","ast-site-content-layout":"default","site-content-style":"default","site-sidebar-style":"default","ast-global-header-display":"","ast-banner-title-visibility":"","ast-main-header-display":"","ast-hfb-above-header-display":"","ast-hfb-below-header-display":"","ast-hfb-mobile-header-display":"","site-post-title":"","ast-breadcrumbs-content":"","ast-featured-img":"","footer-sml-layout":"","ast-disable-related-posts":"","theme-transparent-header-meta":"","adv-header-id-meta":"","stick-header-meta":"","header-above-stick-meta":"","header-main-stick-meta":"","header-below-stick-meta":"","astra-migrate-meta-layouts":"set","ast-page-background-enabled":"default","ast-page-background-meta":{"desktop":{"background-color":"var(--ast-global-color-4)","background-image":"","background-repeat":"repeat","background-position":"center center","background-size":"auto","background-attachment":"scroll","background-type":"","background-media":"","overlay-type":"","overlay-color":"","overlay-opacity":"","overlay-gradient":""},"tablet":{"background-color":"","background-image":"","background-repeat":"repeat","background-position":"center center","background-size":"auto","background-attachment":"scroll","background-type":"","background-media":"","overlay-type":"","overlay-color":"","overlay-opacity":"","overlay-gradient":""},"mobile":{"background-color":"","background-image":"","background-repeat":"repeat","background-position":"center center","background-size":"auto","background-attachment":"scroll","background-type":"","background-media":"","overlay-type":"","overlay-color":"","overlay-opacity":"","overlay-gradient":""}},"ast-content-background-meta":{"desktop":{"background-color":"var(--ast-global-color-5)","background-image":"","background-repeat":"repeat","background-position":"center center","background-size":"auto","background-attachment":"scroll","background-type":"","background-media":"","overlay-type":"","overlay-color":"","overlay-opacity":"","overlay-gradient":""},"tablet":{"background-color":"var(--ast-global-color-5)","background-image":"","background-repeat":"repeat","background-position":"center center","background-size":"auto","background-attachment":"scroll","background-type":"","background-media":"","overlay-type":"","overlay-color":"","overlay-opacity":"","overlay-gradient":""},"mobile":{"background-color":"var(--ast-global-color-5)","background-image":"","background-repeat":"repeat","background-position":"center center","background-size":"auto","background-attachment":"scroll","background-type":"","background-media":"","overlay-type":"","overlay-color":"","overlay-opacity":"","overlay-gradient":""}},"footnotes":""},"class_list":["post-44770","page","type-page","status-publish","hentry"],"_links":{"self":[{"href":"https:\/\/silvereco.org\/doc\/wp-json\/wp\/v2\/pages\/44770","targetHints":{"allow":["GET"]}}],"collection":[{"href":"https:\/\/silvereco.org\/doc\/wp-json\/wp\/v2\/pages"}],"about":[{"href":"https:\/\/silvereco.org\/doc\/wp-json\/wp\/v2\/types\/page"}],"author":[{"embeddable":true,"href":"https:\/\/silvereco.org\/doc\/wp-json\/wp\/v2\/users\/639"}],"replies":[{"embeddable":true,"href":"https:\/\/silvereco.org\/doc\/wp-json\/wp\/v2\/comments?post=44770"}],"version-history":[{"count":4,"href":"https:\/\/silvereco.org\/doc\/wp-json\/wp\/v2\/pages\/44770\/revisions"}],"predecessor-version":[{"id":45666,"href":"https:\/\/silvereco.org\/doc\/wp-json\/wp\/v2\/pages\/44770\/revisions\/45666"}],"wp:attachment":[{"href":"https:\/\/silvereco.org\/doc\/wp-json\/wp\/v2\/media?parent=44770"}],"curies":[{"name":"wp","href":"https:\/\/api.w.org\/{rel}","templated":true}]}}