{"id":44768,"date":"2025-10-11T13:35:47","date_gmt":"2025-10-11T11:35:47","guid":{"rendered":"https:\/\/silvereco.org\/doc\/?page_id=44768"},"modified":"2026-01-22T14:10:23","modified_gmt":"2026-01-22T13:10:23","slug":"digirehab-as-h44-hall-a","status":"publish","type":"page","link":"https:\/\/silvereco.org\/doc\/digirehab-as-h44-hall-a\/","title":{"rendered":"DIGIREHAB AS \/ H44 \/ HALL A"},"content":{"rendered":"\n<figure class=\"wp-block-image\"><img decoding=\"async\" src=\"https:\/\/silvereco.org\/festival\/fr\/wp-content\/medias\/2025\/10\/digirehab-25.jpg\" alt=\"\"\/><\/figure>\n\n\n\n<h5 class=\"wp-block-heading\"><\/h5>\n\n\n\n<figure class=\"wp-block-image size-full\"><img loading=\"lazy\" decoding=\"async\" width=\"25\" height=\"25\" src=\"https:\/\/silvereco.org\/doc\/wp-content\/uploads\/2025\/10\/image-231.png\" alt=\"\" class=\"wp-image-45427\"\/><\/figure>\n\n\n\n<p>We offer exercise solutions for every stage of senior life.<\/p>\n\n\n\n<p>As people grow older, many experience a gradual physical decline and eventually need support to manage everyday life. Shortly thereafter, many will require personal care. <\/p>\n\n\n\n<p>DigiRehab helps build and maintain strength in later life \u2014 supporting independence and reducing the need for care. The program is both rehabilitative and preventive. 10 hours of targeted exercise can reduce care needs by 89 hours. Many \u2013 all \u2013 seniors can benefit for exercising. When someone wants to optimize the training to prevent seniors from falling our AI-enabled analysis solution Detect can used to prioritize who should be in focus for interventions.<\/p>\n\n\n\n<figure class=\"wp-block-image size-full\"><img loading=\"lazy\" decoding=\"async\" width=\"25\" height=\"24\" src=\"https:\/\/silvereco.org\/doc\/wp-content\/uploads\/2025\/10\/image-197.png\" alt=\"\" class=\"wp-image-45364\"\/><\/figure>\n\n\n\n<p>Nous proposons des solutions d\u2019exercices adapt\u00e9es \u00e0 chaque \u00e9tape de la vie des seniors.<\/p>\n\n\n\n<p>Avec l\u2019\u00e2ge, beaucoup de personnes connaissent un d\u00e9clin physique progressif et finissent par avoir besoin d\u2019aide pour g\u00e9rer leur quotidien, puis de soins personnels. DigiRehab aide \u00e0 renforcer et \u00e0 maintenir les capacit\u00e9s physiques \u00e0 un \u00e2ge avanc\u00e9 \u2014 favorisant ainsi l\u2019autonomie et r\u00e9duisant le besoin d\u2019assistance. Le programme a \u00e0 la fois une dimension r\u00e9\u00e9ducative et pr\u00e9ventive : 10 heures d\u2019exercices cibl\u00e9s peuvent r\u00e9duire les besoins en soins de 89 heures.<\/p>\n\n\n\n<p>Tous les seniors peuvent b\u00e9n\u00e9ficier d\u2019une activit\u00e9 physique adapt\u00e9e. Lorsqu\u2019il s\u2019agit d\u2019optimiser les entra\u00eenements pour pr\u00e9venir les chutes, notre solution d\u2019analyse bas\u00e9e sur l\u2019IA, Detect, permet de hi\u00e9rarchiser les priorit\u00e9s et d\u2019identifier les personnes \u00e0 accompagner en priorit\u00e9.<\/p>\n\n\n\n<p><strong>Mots Clefs :<\/strong><br>exercices adapt\u00e9es, IA, besoins d&rsquo;assistance<\/p>\n\n\n\n<p><strong>KeyWords :<\/strong><br>Exercising, AI, need of care<\/p>\n\n\n\n<p><strong>SilverEco Congr\u00e8s \/ Summits :<\/strong><br>Living at Home Summit \u2013 le Congr\u00e8s Bien-vieillir chez soi<br>Healthy Ageing Summit \u2013 le Congr\u00e8s Sant\u00e9 e-Sant\u00e9<\/p>\n\n\n\n<p><strong>Contact :<\/strong><br>Brovej 20A \/ 8800 Viborg \/ Denmark<br>+4522727220<br>niels@digirehab.dk<br><a href=\"https:\/\/www.digirehab.info\/\">Website<\/a><\/p>\n","protected":false},"excerpt":{"rendered":"<p>We offer exercise solutions for every stage of senior life. As people grow older, many experience a gradual physical decline and eventually need support to manage everyday life. Shortly thereafter, many will require personal care. DigiRehab helps build and maintain strength in later life \u2014 supporting independence and reducing the need for care. The program [&hellip;]<\/p>\n","protected":false},"author":639,"featured_media":0,"parent":0,"menu_order":0,"comment_status":"closed","ping_status":"closed","template":"","meta":{"site-sidebar-layout":"default","site-content-layout":"","ast-site-content-layout":"default","site-content-style":"default","site-sidebar-style":"default","ast-global-header-display":"","ast-banner-title-visibility":"","ast-main-header-display":"","ast-hfb-above-header-display":"","ast-hfb-below-header-display":"","ast-hfb-mobile-header-display":"","site-post-title":"","ast-breadcrumbs-content":"","ast-featured-img":"","footer-sml-layout":"","ast-disable-related-posts":"","theme-transparent-header-meta":"","adv-header-id-meta":"","stick-header-meta":"","header-above-stick-meta":"","header-main-stick-meta":"","header-below-stick-meta":"","astra-migrate-meta-layouts":"set","ast-page-background-enabled":"default","ast-page-background-meta":{"desktop":{"background-color":"var(--ast-global-color-4)","background-image":"","background-repeat":"repeat","background-position":"center center","background-size":"auto","background-attachment":"scroll","background-type":"","background-media":"","overlay-type":"","overlay-color":"","overlay-opacity":"","overlay-gradient":""},"tablet":{"background-color":"","background-image":"","background-repeat":"repeat","background-position":"center center","background-size":"auto","background-attachment":"scroll","background-type":"","background-media":"","overlay-type":"","overlay-color":"","overlay-opacity":"","overlay-gradient":""},"mobile":{"background-color":"","background-image":"","background-repeat":"repeat","background-position":"center center","background-size":"auto","background-attachment":"scroll","background-type":"","background-media":"","overlay-type":"","overlay-color":"","overlay-opacity":"","overlay-gradient":""}},"ast-content-background-meta":{"desktop":{"background-color":"var(--ast-global-color-5)","background-image":"","background-repeat":"repeat","background-position":"center center","background-size":"auto","background-attachment":"scroll","background-type":"","background-media":"","overlay-type":"","overlay-color":"","overlay-opacity":"","overlay-gradient":""},"tablet":{"background-color":"var(--ast-global-color-5)","background-image":"","background-repeat":"repeat","background-position":"center center","background-size":"auto","background-attachment":"scroll","background-type":"","background-media":"","overlay-type":"","overlay-color":"","overlay-opacity":"","overlay-gradient":""},"mobile":{"background-color":"var(--ast-global-color-5)","background-image":"","background-repeat":"repeat","background-position":"center center","background-size":"auto","background-attachment":"scroll","background-type":"","background-media":"","overlay-type":"","overlay-color":"","overlay-opacity":"","overlay-gradient":""}},"footnotes":""},"class_list":["post-44768","page","type-page","status-publish","hentry"],"_links":{"self":[{"href":"https:\/\/silvereco.org\/doc\/wp-json\/wp\/v2\/pages\/44768","targetHints":{"allow":["GET"]}}],"collection":[{"href":"https:\/\/silvereco.org\/doc\/wp-json\/wp\/v2\/pages"}],"about":[{"href":"https:\/\/silvereco.org\/doc\/wp-json\/wp\/v2\/types\/page"}],"author":[{"embeddable":true,"href":"https:\/\/silvereco.org\/doc\/wp-json\/wp\/v2\/users\/639"}],"replies":[{"embeddable":true,"href":"https:\/\/silvereco.org\/doc\/wp-json\/wp\/v2\/comments?post=44768"}],"version-history":[{"count":4,"href":"https:\/\/silvereco.org\/doc\/wp-json\/wp\/v2\/pages\/44768\/revisions"}],"predecessor-version":[{"id":45542,"href":"https:\/\/silvereco.org\/doc\/wp-json\/wp\/v2\/pages\/44768\/revisions\/45542"}],"wp:attachment":[{"href":"https:\/\/silvereco.org\/doc\/wp-json\/wp\/v2\/media?parent=44768"}],"curies":[{"name":"wp","href":"https:\/\/api.w.org\/{rel}","templated":true}]}}