{"id":44767,"date":"2025-10-11T13:34:57","date_gmt":"2025-10-11T11:34:57","guid":{"rendered":"https:\/\/silvereco.org\/doc\/?page_id=44767"},"modified":"2026-01-22T14:10:46","modified_gmt":"2026-01-22T13:10:46","slug":"sonaid-h42-hall-a","status":"publish","type":"page","link":"https:\/\/silvereco.org\/doc\/sonaid-h42-hall-a\/","title":{"rendered":"Sonaid \/ H42 \/ HALL A"},"content":{"rendered":"\n<figure class=\"wp-block-image is-resized\"><img decoding=\"async\" src=\"https:\/\/silvereco.org\/festival\/fr\/wp-content\/medias\/2025\/10\/sonaid-25.png\" alt=\"\" style=\"width:396px;height:auto\"\/><\/figure>\n\n\n\n<h5 class=\"wp-block-heading\"><\/h5>\n\n\n\n<figure class=\"wp-block-image size-full\"><img loading=\"lazy\" decoding=\"async\" width=\"25\" height=\"25\" src=\"https:\/\/silvereco.org\/doc\/wp-content\/uploads\/2025\/10\/image-230.png\" alt=\"\" class=\"wp-image-45425\"\/><\/figure>\n\n\n\n<p>Detection Meets Prevention: Safe &amp; Sound with Sonaid and Anyware Solutions.<\/p>\n\n\n\n<p>We help caregivers and their residents in their daily lives by: <br>\u2013 Detecting emergency situations (falls, distress, pain, panic) through **critical sound event detection**. <br>\u2013 Giving unique insights about the quality of the sleep environment with a multi-sensor approach to prevent decline. <\/p>\n\n\n\n<p>We develop a plug-and-play device with data privacy at heart. The technology runs locally on the device, and full control of the night data can be given to the resident. <\/p>\n\n\n\n<p>This non-wearable solution is very well accepted by elderly people, increasing their quality of life. Caregivers save time and resources, focusing on what really matters: human interaction and intervention.<\/p>\n\n\n\n<figure class=\"wp-block-image size-full\"><img loading=\"lazy\" decoding=\"async\" width=\"25\" height=\"24\" src=\"https:\/\/silvereco.org\/doc\/wp-content\/uploads\/2025\/10\/image-198.png\" alt=\"\" class=\"wp-image-45365\"\/><\/figure>\n\n\n\n<p>D\u00e9tection et pr\u00e9vention r\u00e9unies : s\u00e9curit\u00e9 et s\u00e9r\u00e9nit\u00e9 avec Sonaid et Anyware Solutions.<\/p>\n\n\n\n<p>Nous aidons les soignants et leurs r\u00e9sidents au quotidien en :<br>\u2013 D\u00e9tectant les situations d\u2019urgence (chutes, d\u00e9tresse, douleur, panique) gr\u00e2ce \u00e0 la d\u00e9tection sonore d\u2019\u00e9v\u00e9nements critiques.<br>\u2013 Fournissant des informations uniques sur la qualit\u00e9 de l\u2019environnement de sommeil gr\u00e2ce \u00e0 une approche multi-capteurs pour pr\u00e9venir le d\u00e9clin.<\/p>\n\n\n\n<p>Nous d\u00e9veloppons un dispositif <em>plug-and-play<\/em> con\u00e7u avec la confidentialit\u00e9 des donn\u00e9es au c\u0153ur. La technologie fonctionne localement sur l\u2019appareil, et le r\u00e9sident conserve un contr\u00f4le total sur ses donn\u00e9es nocturnes.<\/p>\n\n\n\n<p>Cette solution non port\u00e9e est tr\u00e8s bien accept\u00e9e par les personnes \u00e2g\u00e9es, am\u00e9liorant leur qualit\u00e9 de vie. Les soignants, eux, gagnent du temps et des ressources, pour se concentrer sur l\u2019essentiel : l\u2019interaction et l\u2019accompagnement humains.<\/p>\n\n\n\n<p><strong>Mots Clefs :<\/strong><br>T\u00e9l\u00e9assistance, D\u00e9tection sonore, Domotique, IoT<\/p>\n\n\n\n<p><strong>KeyWords :<\/strong><br>Telecare, Sound Detection, IoT<\/p>\n\n\n\n<p><strong>SilverEco Congr\u00e8s \/ Summits :<\/strong><br>Living at Home Summit \u2013 le Congr\u00e8s Bien-vieillir chez soi<br>Nursing Home Summit \u2013 le Congr\u00e8s EHPAD, RSS et h\u00e9bergement collectif<br>SilverTech Summit \u2013 le Congr\u00e8s des technologies pour l\u2019autonomie<\/p>\n\n\n\n<p><strong>Contact :<\/strong><br>263 Avenue G\u00e9n\u00e9ral Leclerc, 35700 Rennes \u2013 France<br>+33 6 03 47 52 26<br>nicolas.turpault@sonaid.ai<br><a href=\"https:\/\/www.sonaid.ai\/\">Website<\/a><\/p>\n","protected":false},"excerpt":{"rendered":"<p>Detection Meets Prevention: Safe &amp; Sound with Sonaid and Anyware Solutions. We help caregivers and their residents in their daily lives by: \u2013 Detecting emergency situations (falls, distress, pain, panic) through **critical sound event detection**. \u2013 Giving unique insights about the quality of the sleep environment with a multi-sensor approach to prevent decline. We develop [&hellip;]<\/p>\n","protected":false},"author":639,"featured_media":0,"parent":0,"menu_order":0,"comment_status":"closed","ping_status":"closed","template":"","meta":{"site-sidebar-layout":"default","site-content-layout":"","ast-site-content-layout":"default","site-content-style":"default","site-sidebar-style":"default","ast-global-header-display":"","ast-banner-title-visibility":"","ast-main-header-display":"","ast-hfb-above-header-display":"","ast-hfb-below-header-display":"","ast-hfb-mobile-header-display":"","site-post-title":"","ast-breadcrumbs-content":"","ast-featured-img":"","footer-sml-layout":"","ast-disable-related-posts":"","theme-transparent-header-meta":"","adv-header-id-meta":"","stick-header-meta":"","header-above-stick-meta":"","header-main-stick-meta":"","header-below-stick-meta":"","astra-migrate-meta-layouts":"set","ast-page-background-enabled":"default","ast-page-background-meta":{"desktop":{"background-color":"var(--ast-global-color-4)","background-image":"","background-repeat":"repeat","background-position":"center center","background-size":"auto","background-attachment":"scroll","background-type":"","background-media":"","overlay-type":"","overlay-color":"","overlay-opacity":"","overlay-gradient":""},"tablet":{"background-color":"","background-image":"","background-repeat":"repeat","background-position":"center center","background-size":"auto","background-attachment":"scroll","background-type":"","background-media":"","overlay-type":"","overlay-color":"","overlay-opacity":"","overlay-gradient":""},"mobile":{"background-color":"","background-image":"","background-repeat":"repeat","background-position":"center center","background-size":"auto","background-attachment":"scroll","background-type":"","background-media":"","overlay-type":"","overlay-color":"","overlay-opacity":"","overlay-gradient":""}},"ast-content-background-meta":{"desktop":{"background-color":"var(--ast-global-color-5)","background-image":"","background-repeat":"repeat","background-position":"center center","background-size":"auto","background-attachment":"scroll","background-type":"","background-media":"","overlay-type":"","overlay-color":"","overlay-opacity":"","overlay-gradient":""},"tablet":{"background-color":"var(--ast-global-color-5)","background-image":"","background-repeat":"repeat","background-position":"center center","background-size":"auto","background-attachment":"scroll","background-type":"","background-media":"","overlay-type":"","overlay-color":"","overlay-opacity":"","overlay-gradient":""},"mobile":{"background-color":"var(--ast-global-color-5)","background-image":"","background-repeat":"repeat","background-position":"center center","background-size":"auto","background-attachment":"scroll","background-type":"","background-media":"","overlay-type":"","overlay-color":"","overlay-opacity":"","overlay-gradient":""}},"footnotes":""},"class_list":["post-44767","page","type-page","status-publish","hentry"],"_links":{"self":[{"href":"https:\/\/silvereco.org\/doc\/wp-json\/wp\/v2\/pages\/44767","targetHints":{"allow":["GET"]}}],"collection":[{"href":"https:\/\/silvereco.org\/doc\/wp-json\/wp\/v2\/pages"}],"about":[{"href":"https:\/\/silvereco.org\/doc\/wp-json\/wp\/v2\/types\/page"}],"author":[{"embeddable":true,"href":"https:\/\/silvereco.org\/doc\/wp-json\/wp\/v2\/users\/639"}],"replies":[{"embeddable":true,"href":"https:\/\/silvereco.org\/doc\/wp-json\/wp\/v2\/comments?post=44767"}],"version-history":[{"count":4,"href":"https:\/\/silvereco.org\/doc\/wp-json\/wp\/v2\/pages\/44767\/revisions"}],"predecessor-version":[{"id":45648,"href":"https:\/\/silvereco.org\/doc\/wp-json\/wp\/v2\/pages\/44767\/revisions\/45648"}],"wp:attachment":[{"href":"https:\/\/silvereco.org\/doc\/wp-json\/wp\/v2\/media?parent=44767"}],"curies":[{"name":"wp","href":"https:\/\/api.w.org\/{rel}","templated":true}]}}