{"id":44766,"date":"2025-10-11T13:34:04","date_gmt":"2025-10-11T11:34:04","guid":{"rendered":"https:\/\/silvereco.org\/doc\/?page_id=44766"},"modified":"2026-01-22T14:10:46","modified_gmt":"2026-01-22T13:10:46","slug":"pontosense-b9-hall-b","status":"publish","type":"page","link":"https:\/\/silvereco.org\/doc\/pontosense-b9-hall-b\/","title":{"rendered":"Pontosense \/ B9 \/ HALL B"},"content":{"rendered":"\n<figure class=\"wp-block-image is-resized\"><img decoding=\"async\" src=\"https:\/\/silvereco.org\/festival\/fr\/wp-content\/medias\/2025\/10\/pontosens-25.png\" alt=\"\" style=\"width:424px;height:auto\"\/><\/figure>\n\n\n\n<h5 class=\"wp-block-heading\"><\/h5>\n\n\n\n<figure class=\"wp-block-image size-full\"><img loading=\"lazy\" decoding=\"async\" width=\"25\" height=\"25\" src=\"https:\/\/silvereco.org\/doc\/wp-content\/uploads\/2025\/10\/image-229.png\" alt=\"\" class=\"wp-image-45423\"\/><\/figure>\n\n\n\n<p>Pontosense develops privacy-first, contactless sensing technology that keeps people safe, healthy, and independent.<\/p>\n\n\n\n<p>By combining wireless engineering with AI, Pontosense transforms everyday spaces into intelligent, protective environments. Its flagship solution, Silver Shield, empowers families and care providers with real-time safety and wellness insights \u2014 while the broader platform extends into automotive and wellness applications worldwide.<\/p>\n\n\n\n<figure class=\"wp-block-image size-full\"><img loading=\"lazy\" decoding=\"async\" width=\"25\" height=\"24\" src=\"https:\/\/silvereco.org\/doc\/wp-content\/uploads\/2025\/10\/image-199.png\" alt=\"\" class=\"wp-image-45366\"\/><\/figure>\n\n\n\n<p>Pontosense d\u00e9veloppe une technologie de d\u00e9tection sans contact et respectueuse de la vie priv\u00e9e, con\u00e7ue pour garantir la s\u00e9curit\u00e9, la sant\u00e9 et l\u2019autonomie des personnes.<\/p>\n\n\n\n<p>En combinant l\u2019ing\u00e9nierie sans fil et l\u2019intelligence artificielle, Pontosense transforme les environnements du quotidien en espaces intelligents et protecteurs. Sa solution phare, <strong>Silver Shield<\/strong>, offre aux familles et aux professionnels de sant\u00e9 des informations en temps r\u00e9el sur la s\u00e9curit\u00e9 et le bien-\u00eatre, tandis que sa plateforme plus large s\u2019\u00e9tend \u00e0 des applications dans les secteurs automobile et du bien-\u00eatre \u00e0 l\u2019\u00e9chelle mondiale.<\/p>\n\n\n\n<p><strong>Mots Clefs :<\/strong><br>agetech, radar, d\u00e9tection ambiante, d\u00e9tection de chutes, signes vitaux, surveillance des constantes, bien-\u00eatre, soins aux personnes \u00e2g\u00e9es, maintien \u00e0 domicile, \u00e9tablissements de soins, intelligence artificielle, analyses IA, bien-\u00eatre assist\u00e9 par IA.<\/p>\n\n\n\n<p><strong>KeyWords :<\/strong><br>agetech, radar, ambient sensing, fall detection, vitals, vitals detection, wellness, elderly care, aging in place, care homes, ai, ai insights, ai wellness<\/p>\n\n\n\n<p><strong>SilverEco Congr\u00e8s \/ Summits :<\/strong><br>Living at Home Summit \u2013 le Congr\u00e8s Bien-vieillir chez soi<br>Nursing Home Summit \u2013 le Congr\u00e8s EHPAD, RSS et h\u00e9bergement collectif<br>SilverTech Summit \u2013 le Congr\u00e8s des technologies pour l\u2019autonomie<\/p>\n\n\n\n<p><strong>Contact :<\/strong><br>30 Adelaide St E, TORONTO ONTARIO M5C 3G8 \u2013 CANADA<br><a href=\"https:\/\/www.pontosense.com\/\">Website<\/a><\/p>\n","protected":false},"excerpt":{"rendered":"<p>Pontosense develops privacy-first, contactless sensing technology that keeps people safe, healthy, and independent. By combining wireless engineering with AI, Pontosense transforms everyday spaces into intelligent, protective environments. Its flagship solution, Silver Shield, empowers families and care providers with real-time safety and wellness insights \u2014 while the broader platform extends into automotive and wellness applications worldwide. [&hellip;]<\/p>\n","protected":false},"author":639,"featured_media":0,"parent":0,"menu_order":0,"comment_status":"closed","ping_status":"closed","template":"","meta":{"site-sidebar-layout":"default","site-content-layout":"","ast-site-content-layout":"default","site-content-style":"default","site-sidebar-style":"default","ast-global-header-display":"","ast-banner-title-visibility":"","ast-main-header-display":"","ast-hfb-above-header-display":"","ast-hfb-below-header-display":"","ast-hfb-mobile-header-display":"","site-post-title":"","ast-breadcrumbs-content":"","ast-featured-img":"","footer-sml-layout":"","ast-disable-related-posts":"","theme-transparent-header-meta":"","adv-header-id-meta":"","stick-header-meta":"","header-above-stick-meta":"","header-main-stick-meta":"","header-below-stick-meta":"","astra-migrate-meta-layouts":"set","ast-page-background-enabled":"default","ast-page-background-meta":{"desktop":{"background-color":"var(--ast-global-color-4)","background-image":"","background-repeat":"repeat","background-position":"center center","background-size":"auto","background-attachment":"scroll","background-type":"","background-media":"","overlay-type":"","overlay-color":"","overlay-opacity":"","overlay-gradient":""},"tablet":{"background-color":"","background-image":"","background-repeat":"repeat","background-position":"center center","background-size":"auto","background-attachment":"scroll","background-type":"","background-media":"","overlay-type":"","overlay-color":"","overlay-opacity":"","overlay-gradient":""},"mobile":{"background-color":"","background-image":"","background-repeat":"repeat","background-position":"center center","background-size":"auto","background-attachment":"scroll","background-type":"","background-media":"","overlay-type":"","overlay-color":"","overlay-opacity":"","overlay-gradient":""}},"ast-content-background-meta":{"desktop":{"background-color":"var(--ast-global-color-5)","background-image":"","background-repeat":"repeat","background-position":"center center","background-size":"auto","background-attachment":"scroll","background-type":"","background-media":"","overlay-type":"","overlay-color":"","overlay-opacity":"","overlay-gradient":""},"tablet":{"background-color":"var(--ast-global-color-5)","background-image":"","background-repeat":"repeat","background-position":"center center","background-size":"auto","background-attachment":"scroll","background-type":"","background-media":"","overlay-type":"","overlay-color":"","overlay-opacity":"","overlay-gradient":""},"mobile":{"background-color":"var(--ast-global-color-5)","background-image":"","background-repeat":"repeat","background-position":"center center","background-size":"auto","background-attachment":"scroll","background-type":"","background-media":"","overlay-type":"","overlay-color":"","overlay-opacity":"","overlay-gradient":""}},"footnotes":""},"class_list":["post-44766","page","type-page","status-publish","hentry"],"_links":{"self":[{"href":"https:\/\/silvereco.org\/doc\/wp-json\/wp\/v2\/pages\/44766","targetHints":{"allow":["GET"]}}],"collection":[{"href":"https:\/\/silvereco.org\/doc\/wp-json\/wp\/v2\/pages"}],"about":[{"href":"https:\/\/silvereco.org\/doc\/wp-json\/wp\/v2\/types\/page"}],"author":[{"embeddable":true,"href":"https:\/\/silvereco.org\/doc\/wp-json\/wp\/v2\/users\/639"}],"replies":[{"embeddable":true,"href":"https:\/\/silvereco.org\/doc\/wp-json\/wp\/v2\/comments?post=44766"}],"version-history":[{"count":5,"href":"https:\/\/silvereco.org\/doc\/wp-json\/wp\/v2\/pages\/44766\/revisions"}],"predecessor-version":[{"id":45665,"href":"https:\/\/silvereco.org\/doc\/wp-json\/wp\/v2\/pages\/44766\/revisions\/45665"}],"wp:attachment":[{"href":"https:\/\/silvereco.org\/doc\/wp-json\/wp\/v2\/media?parent=44766"}],"curies":[{"name":"wp","href":"https:\/\/api.w.org\/{rel}","templated":true}]}}