{"id":44753,"date":"2025-10-11T13:23:42","date_gmt":"2025-10-11T11:23:42","guid":{"rendered":"https:\/\/silvereco.org\/doc\/?page_id=44753"},"modified":"2026-01-22T14:10:23","modified_gmt":"2026-01-22T13:10:23","slug":"association-francaise-des-ergotherapeutes-en-geriatrie-afeg-c1-c2-hallc","status":"publish","type":"page","link":"https:\/\/silvereco.org\/doc\/association-francaise-des-ergotherapeutes-en-geriatrie-afeg-c1-c2-hallc\/","title":{"rendered":"Association Fran\u00e7aise des Ergoth\u00e9rapeutes en G\u00e9riatrie (AFEG) \/ C1-C2 \/ HALLC"},"content":{"rendered":"\n<figure class=\"wp-block-image is-resized\"><img decoding=\"async\" src=\"https:\/\/silvereco.org\/festival\/fr\/wp-content\/medias\/2025\/10\/AFEG-25.jpg\" alt=\"\" style=\"width:380px;height:auto\"\/><\/figure>\n\n\n\n<h5 class=\"wp-block-heading\"><\/h5>\n\n\n\n<figure class=\"wp-block-image size-full\"><img loading=\"lazy\" decoding=\"async\" width=\"25\" height=\"24\" src=\"https:\/\/silvereco.org\/doc\/wp-content\/uploads\/2025\/10\/image-206.png\" alt=\"\" class=\"wp-image-45380\"\/><\/figure>\n\n\n\n<p>L\u2019Association Fran\u00e7aise des Ergoth\u00e9rapeutes en G\u00e9riatrie (AFEG), est une association loi 1901 qui f\u00e9d\u00e8re les ergoth\u00e9rapeutes cliniciens investis dans le champ du vieillissement.<\/p>\n\n\n\n<p>Elle a pour mission de promouvoir et de faire reconna\u00eetre la sp\u00e9cificit\u00e9 de l\u2019ergoth\u00e9rapie en g\u00e9riatrie, de favoriser les \u00e9changes professionnels, de produire et diffuser des outils et recommandations adapt\u00e9s aux besoins des personnes \u00e2g\u00e9es, et de soutenir la recherche et la d\u00e9marche scientifique dans ce domaine.<\/p>\n\n\n\n<figure class=\"wp-block-image size-full\"><img loading=\"lazy\" decoding=\"async\" width=\"25\" height=\"25\" src=\"https:\/\/silvereco.org\/doc\/wp-content\/uploads\/2025\/10\/image-222.png\" alt=\"\" class=\"wp-image-45409\"\/><\/figure>\n\n\n\n<p>The French Association of Occupational Therapists in Geriatrics (AFEG) is a non-profit organization that brings together clinical occupational therapists working in the field of ageing.<\/p>\n\n\n\n<p>Its mission is to promote and advocate for the recognition of the specific role of occupational therapy in geriatrics, encourage professional exchange, produce and share tools and recommendations tailored to the needs of older adults, and support research and scientific advancement in this area.<\/p>\n\n\n\n<p><strong>Mots Clefs :<\/strong><br>Ergoth\u00e9rapeute, G\u00e9riatrie, Autonomie<\/p>\n\n\n\n<p><strong>KeyWords :<\/strong><br>Occupational therapist, Geriatrics, Autonomy<\/p>\n\n\n\n<p><strong>SilverEco Congr\u00e8s \/ Summits :<\/strong><br>Living at Home Summit \u2013 le Congr\u00e8s Bien-vieillir chez soi<br>Nursing Home Summit \u2013 le Congr\u00e8s EHPAD, RSS et h\u00e9bergement collectif<br>SilverTech Summit \u2013 le Congr\u00e8s des technologies pour l\u2019autonomie<br>Yes We Care Summit \u2013 le Congr\u00e8s de l\u2019aide aux aidants<\/p>\n\n\n\n<p><strong>Contact :<\/strong><br>4 chemin des Nues 39600 Cramans, France<br>+33 7 71 77 52 31<br>afeg.idf@gmail.com<br><a href=\"https:\/\/afeg-asso.fr\/\">Website<\/a><\/p>\n","protected":false},"excerpt":{"rendered":"<p>L\u2019Association Fran\u00e7aise des Ergoth\u00e9rapeutes en G\u00e9riatrie (AFEG), est une association loi 1901 qui f\u00e9d\u00e8re les ergoth\u00e9rapeutes cliniciens investis dans le champ du vieillissement. Elle a pour mission de promouvoir et de faire reconna\u00eetre la sp\u00e9cificit\u00e9 de l\u2019ergoth\u00e9rapie en g\u00e9riatrie, de favoriser les \u00e9changes professionnels, de produire et diffuser des outils et recommandations adapt\u00e9s aux besoins [&hellip;]<\/p>\n","protected":false},"author":639,"featured_media":0,"parent":0,"menu_order":0,"comment_status":"closed","ping_status":"closed","template":"","meta":{"site-sidebar-layout":"default","site-content-layout":"","ast-site-content-layout":"default","site-content-style":"default","site-sidebar-style":"default","ast-global-header-display":"","ast-banner-title-visibility":"","ast-main-header-display":"","ast-hfb-above-header-display":"","ast-hfb-below-header-display":"","ast-hfb-mobile-header-display":"","site-post-title":"","ast-breadcrumbs-content":"","ast-featured-img":"","footer-sml-layout":"","ast-disable-related-posts":"","theme-transparent-header-meta":"","adv-header-id-meta":"","stick-header-meta":"","header-above-stick-meta":"","header-main-stick-meta":"","header-below-stick-meta":"","astra-migrate-meta-layouts":"set","ast-page-background-enabled":"default","ast-page-background-meta":{"desktop":{"background-color":"var(--ast-global-color-4)","background-image":"","background-repeat":"repeat","background-position":"center center","background-size":"auto","background-attachment":"scroll","background-type":"","background-media":"","overlay-type":"","overlay-color":"","overlay-opacity":"","overlay-gradient":""},"tablet":{"background-color":"","background-image":"","background-repeat":"repeat","background-position":"center center","background-size":"auto","background-attachment":"scroll","background-type":"","background-media":"","overlay-type":"","overlay-color":"","overlay-opacity":"","overlay-gradient":""},"mobile":{"background-color":"","background-image":"","background-repeat":"repeat","background-position":"center center","background-size":"auto","background-attachment":"scroll","background-type":"","background-media":"","overlay-type":"","overlay-color":"","overlay-opacity":"","overlay-gradient":""}},"ast-content-background-meta":{"desktop":{"background-color":"var(--ast-global-color-5)","background-image":"","background-repeat":"repeat","background-position":"center center","background-size":"auto","background-attachment":"scroll","background-type":"","background-media":"","overlay-type":"","overlay-color":"","overlay-opacity":"","overlay-gradient":""},"tablet":{"background-color":"var(--ast-global-color-5)","background-image":"","background-repeat":"repeat","background-position":"center center","background-size":"auto","background-attachment":"scroll","background-type":"","background-media":"","overlay-type":"","overlay-color":"","overlay-opacity":"","overlay-gradient":""},"mobile":{"background-color":"var(--ast-global-color-5)","background-image":"","background-repeat":"repeat","background-position":"center center","background-size":"auto","background-attachment":"scroll","background-type":"","background-media":"","overlay-type":"","overlay-color":"","overlay-opacity":"","overlay-gradient":""}},"footnotes":""},"class_list":["post-44753","page","type-page","status-publish","hentry"],"_links":{"self":[{"href":"https:\/\/silvereco.org\/doc\/wp-json\/wp\/v2\/pages\/44753","targetHints":{"allow":["GET"]}}],"collection":[{"href":"https:\/\/silvereco.org\/doc\/wp-json\/wp\/v2\/pages"}],"about":[{"href":"https:\/\/silvereco.org\/doc\/wp-json\/wp\/v2\/types\/page"}],"author":[{"embeddable":true,"href":"https:\/\/silvereco.org\/doc\/wp-json\/wp\/v2\/users\/639"}],"replies":[{"embeddable":true,"href":"https:\/\/silvereco.org\/doc\/wp-json\/wp\/v2\/comments?post=44753"}],"version-history":[{"count":4,"href":"https:\/\/silvereco.org\/doc\/wp-json\/wp\/v2\/pages\/44753\/revisions"}],"predecessor-version":[{"id":45568,"href":"https:\/\/silvereco.org\/doc\/wp-json\/wp\/v2\/pages\/44753\/revisions\/45568"}],"wp:attachment":[{"href":"https:\/\/silvereco.org\/doc\/wp-json\/wp\/v2\/media?parent=44753"}],"curies":[{"name":"wp","href":"https:\/\/api.w.org\/{rel}","templated":true}]}}