{"id":44749,"date":"2025-10-11T13:29:34","date_gmt":"2025-10-11T11:29:34","guid":{"rendered":"https:\/\/silvereco.org\/doc\/?page_id=44749"},"modified":"2026-01-22T14:10:45","modified_gmt":"2026-01-22T13:10:45","slug":"la-maison-de-blandine-h24-hall-a","status":"publish","type":"page","link":"https:\/\/silvereco.org\/doc\/la-maison-de-blandine-h24-hall-a\/","title":{"rendered":"La Maison de Blandine \/ H24 \/ HALL A"},"content":{"rendered":"\n<figure class=\"wp-block-image is-resized\"><img decoding=\"async\" src=\"https:\/\/silvereco.org\/festival\/fr\/wp-content\/medias\/2025\/10\/maisondeblandine-25.jpg\" alt=\"\" style=\"width:329px;height:auto\"\/><\/figure>\n\n\n\n<h5 class=\"wp-block-heading\"><\/h5>\n\n\n\n<figure class=\"wp-block-image size-full\"><img loading=\"lazy\" decoding=\"async\" width=\"25\" height=\"24\" src=\"https:\/\/silvereco.org\/doc\/wp-content\/uploads\/2025\/10\/image-203.png\" alt=\"\" class=\"wp-image-45374\"\/><\/figure>\n\n\n\n<p>Habitat partag\u00e9, accompagn\u00e9, big\u00e9n\u00e9rationnel et inclusif pour personnes \u00e2g\u00e9es.<\/p>\n\n\n\n<p>Compos\u00e9e de 25 appartements privatifs, prolong\u00e9s par 250 m\/2 d\u2019espaces de vie partag\u00e9e, pour \u00ab Mieux vieillir chez soi mais pas tout seul \u00bb, v\u00e9ritable alternative entre le domicile et les EHPAD, un accompagnement humain singulier est mis en place, pour lutter contre l\u2019isolement par la cr\u00e9ation de lien social, revaloriser et responsabiliser les seniors. <\/p>\n\n\n\n<p>Elle s\u2019inscrit dans le paysage territorial et le tissu \u00e9conomique ambarrois \u00e0 travers des partenariats, la construction d\u2019\u00e9changes et des sorties. <\/p>\n\n\n\n<p>Anim\u00e9e et coordonn\u00e9e par 2 professionnelles de l\u2019\u00e9quipe, cette Maison combine \u00e0 la fois un Projet de Vie Social et Partag\u00e9 en fonction des talents et comp\u00e9tences de chacun, ainsi qu\u2019un accompagnement personnalis\u00e9 qui int\u00e8gre les proches et les aidants. <\/p>\n\n\n\n<p>C\u2019est un mod\u00e8le innovant de r\u00e9f\u00e9rence pour le bienvieillir fond\u00e9 sur 2 activit\u00e9s\/jour choisies et coconstruit par les habitants, favorisant la pr\u00e9vention en sant\u00e9 \u2013 notamment la perte de l\u2019estime de soi, les troubles cognitifs, nutritionnels et physiques \u2013 gr\u00e2ce au lien social. Le quotidien des habitants est partag\u00e9 \u00e9galement par 4 jeunes qui rythment le vie de la maison et garantissent la s\u00e9curit\u00e9 des seniors.<\/p>\n\n\n\n<figure class=\"wp-block-image size-full\"><img loading=\"lazy\" decoding=\"async\" width=\"25\" height=\"25\" src=\"https:\/\/silvereco.org\/doc\/wp-content\/uploads\/2025\/10\/image-225.png\" alt=\"\" class=\"wp-image-45415\"\/><\/figure>\n\n\n\n<p>A shared, supported, intergenerational, and inclusive housing concept for older adults.<\/p>\n\n\n\n<p>The residence includes 25 private apartments and 250 m\u00b2 of shared living spaces, offering a genuine alternative between home and nursing care facilities \u2014 allowing seniors to \u201cage well at home, but not alone.\u201d A unique human-centered support system helps combat isolation, foster social connections, and promote empowerment and self-worth among residents.<\/p>\n\n\n\n<p>Integrated into the local community and economy of Amb\u00e9rieu through partnerships, exchanges, and outings, the house is coordinated by two professionals who facilitate both a shared social life project \u2014 based on each resident\u2019s talents and skills \u2014 and personalized support involving family members and caregivers.<\/p>\n\n\n\n<p>This innovative model of ageing well is built around two daily co-designed activities that promote health prevention \u2014 addressing issues such as self-esteem loss, cognitive, nutritional, and physical decline \u2014 through the power of social interaction. Four young residents also share daily life in the house, enriching its dynamic and ensuring the safety of seniors.<\/p>\n\n\n\n<p><strong>Mots Clefs :<\/strong><br>Habitat partag\u00e9, accompagn\u00e9, big\u00e9n\u00e9rationnel et inclusif pour personnes \u00e2g\u00e9es.<\/p>\n\n\n\n<p><strong>KeyWords :<\/strong><br>Shared, supported, intergenerational, and inclusive housing for older adults.<\/p>\n\n\n\n<p><strong>SilverEco Congr\u00e8s \/ Summits :<\/strong><br>Living at Home Summit \u2013 le Congr\u00e8s Bien-vieillir chez soi<br>Nursing Home Summit \u2013 le Congr\u00e8s EHPAD, RSS et h\u00e9bergement collectif<br>Yes We Care Summit \u2013 le Congr\u00e8s de l\u2019aide aux aidants<\/p>\n\n\n\n<p><strong>Contact :<\/strong><br>12 A rue du Professeur Dep\u00e9ret, Tassin la Demi-Lune, 69160, FRANCE<br>+33 4 82 29 66 66<br>contact@maisondeblandine.fr<br><a href=\"https:\/\/maisondeblandine.fr\/\">Website<\/a><\/p>\n","protected":false},"excerpt":{"rendered":"<p>Habitat partag\u00e9, accompagn\u00e9, big\u00e9n\u00e9rationnel et inclusif pour personnes \u00e2g\u00e9es. Compos\u00e9e de 25 appartements privatifs, prolong\u00e9s par 250 m\/2 d\u2019espaces de vie partag\u00e9e, pour \u00ab Mieux vieillir chez soi mais pas tout seul \u00bb, v\u00e9ritable alternative entre le domicile et les EHPAD, un accompagnement humain singulier est mis en place, pour lutter contre l\u2019isolement par la [&hellip;]<\/p>\n","protected":false},"author":639,"featured_media":0,"parent":0,"menu_order":0,"comment_status":"closed","ping_status":"closed","template":"","meta":{"site-sidebar-layout":"default","site-content-layout":"","ast-site-content-layout":"default","site-content-style":"default","site-sidebar-style":"default","ast-global-header-display":"","ast-banner-title-visibility":"","ast-main-header-display":"","ast-hfb-above-header-display":"","ast-hfb-below-header-display":"","ast-hfb-mobile-header-display":"","site-post-title":"","ast-breadcrumbs-content":"","ast-featured-img":"","footer-sml-layout":"","ast-disable-related-posts":"","theme-transparent-header-meta":"","adv-header-id-meta":"","stick-header-meta":"","header-above-stick-meta":"","header-main-stick-meta":"","header-below-stick-meta":"","astra-migrate-meta-layouts":"set","ast-page-background-enabled":"default","ast-page-background-meta":{"desktop":{"background-color":"var(--ast-global-color-4)","background-image":"","background-repeat":"repeat","background-position":"center center","background-size":"auto","background-attachment":"scroll","background-type":"","background-media":"","overlay-type":"","overlay-color":"","overlay-opacity":"","overlay-gradient":""},"tablet":{"background-color":"","background-image":"","background-repeat":"repeat","background-position":"center center","background-size":"auto","background-attachment":"scroll","background-type":"","background-media":"","overlay-type":"","overlay-color":"","overlay-opacity":"","overlay-gradient":""},"mobile":{"background-color":"","background-image":"","background-repeat":"repeat","background-position":"center center","background-size":"auto","background-attachment":"scroll","background-type":"","background-media":"","overlay-type":"","overlay-color":"","overlay-opacity":"","overlay-gradient":""}},"ast-content-background-meta":{"desktop":{"background-color":"var(--ast-global-color-5)","background-image":"","background-repeat":"repeat","background-position":"center center","background-size":"auto","background-attachment":"scroll","background-type":"","background-media":"","overlay-type":"","overlay-color":"","overlay-opacity":"","overlay-gradient":""},"tablet":{"background-color":"var(--ast-global-color-5)","background-image":"","background-repeat":"repeat","background-position":"center center","background-size":"auto","background-attachment":"scroll","background-type":"","background-media":"","overlay-type":"","overlay-color":"","overlay-opacity":"","overlay-gradient":""},"mobile":{"background-color":"var(--ast-global-color-5)","background-image":"","background-repeat":"repeat","background-position":"center center","background-size":"auto","background-attachment":"scroll","background-type":"","background-media":"","overlay-type":"","overlay-color":"","overlay-opacity":"","overlay-gradient":""}},"footnotes":""},"class_list":["post-44749","page","type-page","status-publish","hentry"],"_links":{"self":[{"href":"https:\/\/silvereco.org\/doc\/wp-json\/wp\/v2\/pages\/44749","targetHints":{"allow":["GET"]}}],"collection":[{"href":"https:\/\/silvereco.org\/doc\/wp-json\/wp\/v2\/pages"}],"about":[{"href":"https:\/\/silvereco.org\/doc\/wp-json\/wp\/v2\/types\/page"}],"author":[{"embeddable":true,"href":"https:\/\/silvereco.org\/doc\/wp-json\/wp\/v2\/users\/639"}],"replies":[{"embeddable":true,"href":"https:\/\/silvereco.org\/doc\/wp-json\/wp\/v2\/comments?post=44749"}],"version-history":[{"count":4,"href":"https:\/\/silvereco.org\/doc\/wp-json\/wp\/v2\/pages\/44749\/revisions"}],"predecessor-version":[{"id":45627,"href":"https:\/\/silvereco.org\/doc\/wp-json\/wp\/v2\/pages\/44749\/revisions\/45627"}],"wp:attachment":[{"href":"https:\/\/silvereco.org\/doc\/wp-json\/wp\/v2\/media?parent=44749"}],"curies":[{"name":"wp","href":"https:\/\/api.w.org\/{rel}","templated":true}]}}