{"id":44748,"date":"2025-10-11T13:30:12","date_gmt":"2025-10-11T11:30:12","guid":{"rendered":"https:\/\/silvereco.org\/doc\/?page_id=44748"},"modified":"2026-01-22T14:10:45","modified_gmt":"2026-01-22T13:10:45","slug":"legrand-care-a24-hall-a","status":"publish","type":"page","link":"https:\/\/silvereco.org\/doc\/legrand-care-a24-hall-a\/","title":{"rendered":"LEGRAND CARE \/ A24 \/ HALL A"},"content":{"rendered":"\n<figure class=\"wp-block-image is-resized\"><img decoding=\"async\" src=\"https:\/\/silvereco.org\/festival\/fr\/wp-content\/medias\/2025\/10\/legrand-25.png\" alt=\"\" style=\"width:406px;height:auto\"\/><\/figure>\n\n\n\n<h5 class=\"wp-block-heading\"><\/h5>\n\n\n\n<figure class=\"wp-block-image size-full\"><img loading=\"lazy\" decoding=\"async\" width=\"25\" height=\"24\" src=\"https:\/\/silvereco.org\/doc\/wp-content\/uploads\/2025\/10\/image-202.png\" alt=\"\" class=\"wp-image-45371\"\/><\/figure>\n\n\n\n<p>Legrand Care, la branche Bien Vieillir du groupe Legrand, cumule plus de 40 ans d\u2019exp\u00e9rience au service des personnes vuln\u00e9rables et de leurs aidants.<\/p>\n\n\n\n<p>Leader dans l\u2019int\u00e9gration de la technologie num\u00e9rique aux services de t\u00e9l\u00e9assistance, Legrand Care con\u00e7oit et fabrique des solutions innovantes, simples et \u00e9volutives \u2013 en mati\u00e8re de t\u00e9l\u00e9assistance, d\u2019appel d\u2019urgence, de pr\u00e9vention des chutes et de localisation \u2013 d\u00e9j\u00e0 d\u00e9ploy\u00e9es dans de nombreux logements individuels et collectifs. <\/p>\n\n\n\n<p>Gr\u00e2ce \u00e0 une \u00e9coute attentive des retours consommateurs, des \u00e9tudes clients approfondies et une conception \u00e0 la pointe de la technologie, Legrand Care est en mesure d\u2019offrir aujourd\u2019hui la technologie de demain, tout en respectant des exigences fortes en mati\u00e8re d\u2019environnement et de fiabilit\u00e9. Engag\u00e9 en faveur de l\u2019autonomie, Legrand Care accompagne ses clients avec une \u00e9quipe d\u00e9di\u00e9e et qualifi\u00e9e, pr\u00eate \u00e0 \u00e9changer sur tous vos projets.<\/p>\n\n\n\n<figure class=\"wp-block-image size-full\"><img loading=\"lazy\" decoding=\"async\" width=\"25\" height=\"25\" src=\"https:\/\/silvereco.org\/doc\/wp-content\/uploads\/2025\/10\/image-226.png\" alt=\"\" class=\"wp-image-45417\"\/><\/figure>\n\n\n\n<p>Legrand Care, the ageing-well division of the Legrand Group, brings over 40 years of experience serving vulnerable individuals and their caregivers.<\/p>\n\n\n\n<p>A leader in integrating digital technology into telecare services, Legrand Care designs and manufactures innovative, simple, and scalable solutions for teleassistance, emergency response, fall prevention, and geolocation. These technologies are already deployed across numerous individual and collective housing environments.<\/p>\n\n\n\n<p>By closely listening to user feedback, conducting in-depth client studies, and leveraging cutting-edge design, Legrand Care delivers the technology of tomorrow \u2014 today \u2014 while maintaining high standards of reliability and environmental responsibility. Deeply committed to supporting autonomy, Legrand Care provides expert guidance and personalized support through its dedicated, qualified team, ready to collaborate on any project.<\/p>\n\n\n\n<p><strong>Mots Clefs :<\/strong><br>T\u00e9l\u00e9assistance, appel malade<\/p>\n\n\n\n<p><strong>KeyWords :<\/strong><br>Telecare, appel malade<\/p>\n\n\n\n<p><strong>SilverEco Congr\u00e8s \/ Summits :<\/strong><br>Living at Home Summit \u2013 le Congr\u00e8s Bien-vieillir chez soi<br>Nursing Home Summit \u2013 le Congr\u00e8s EHPAD, RSS et h\u00e9bergement collectif<br>SilverTech Summit \u2013 le Congr\u00e8s des technologies pour l\u2019autonomie<\/p>\n\n\n\n<p><strong>Contact :<\/strong><br>93170 \u2013 France<br>+33 6 79 70 36 09<br>xavier.guisthau@legrand.com<br><a href=\"https:\/\/neat-group.com\/fr\">Website<\/a><\/p>\n","protected":false},"excerpt":{"rendered":"<p>Legrand Care, la branche Bien Vieillir du groupe Legrand, cumule plus de 40 ans d\u2019exp\u00e9rience au service des personnes vuln\u00e9rables et de leurs aidants. Leader dans l\u2019int\u00e9gration de la technologie num\u00e9rique aux services de t\u00e9l\u00e9assistance, Legrand Care con\u00e7oit et fabrique des solutions innovantes, simples et \u00e9volutives \u2013 en mati\u00e8re de t\u00e9l\u00e9assistance, d\u2019appel d\u2019urgence, de pr\u00e9vention [&hellip;]<\/p>\n","protected":false},"author":639,"featured_media":0,"parent":0,"menu_order":0,"comment_status":"closed","ping_status":"closed","template":"","meta":{"site-sidebar-layout":"default","site-content-layout":"","ast-site-content-layout":"default","site-content-style":"default","site-sidebar-style":"default","ast-global-header-display":"","ast-banner-title-visibility":"","ast-main-header-display":"","ast-hfb-above-header-display":"","ast-hfb-below-header-display":"","ast-hfb-mobile-header-display":"","site-post-title":"","ast-breadcrumbs-content":"","ast-featured-img":"","footer-sml-layout":"","ast-disable-related-posts":"","theme-transparent-header-meta":"","adv-header-id-meta":"","stick-header-meta":"","header-above-stick-meta":"","header-main-stick-meta":"","header-below-stick-meta":"","astra-migrate-meta-layouts":"set","ast-page-background-enabled":"default","ast-page-background-meta":{"desktop":{"background-color":"var(--ast-global-color-4)","background-image":"","background-repeat":"repeat","background-position":"center center","background-size":"auto","background-attachment":"scroll","background-type":"","background-media":"","overlay-type":"","overlay-color":"","overlay-opacity":"","overlay-gradient":""},"tablet":{"background-color":"","background-image":"","background-repeat":"repeat","background-position":"center center","background-size":"auto","background-attachment":"scroll","background-type":"","background-media":"","overlay-type":"","overlay-color":"","overlay-opacity":"","overlay-gradient":""},"mobile":{"background-color":"","background-image":"","background-repeat":"repeat","background-position":"center center","background-size":"auto","background-attachment":"scroll","background-type":"","background-media":"","overlay-type":"","overlay-color":"","overlay-opacity":"","overlay-gradient":""}},"ast-content-background-meta":{"desktop":{"background-color":"var(--ast-global-color-5)","background-image":"","background-repeat":"repeat","background-position":"center center","background-size":"auto","background-attachment":"scroll","background-type":"","background-media":"","overlay-type":"","overlay-color":"","overlay-opacity":"","overlay-gradient":""},"tablet":{"background-color":"var(--ast-global-color-5)","background-image":"","background-repeat":"repeat","background-position":"center center","background-size":"auto","background-attachment":"scroll","background-type":"","background-media":"","overlay-type":"","overlay-color":"","overlay-opacity":"","overlay-gradient":""},"mobile":{"background-color":"var(--ast-global-color-5)","background-image":"","background-repeat":"repeat","background-position":"center center","background-size":"auto","background-attachment":"scroll","background-type":"","background-media":"","overlay-type":"","overlay-color":"","overlay-opacity":"","overlay-gradient":""}},"footnotes":""},"class_list":["post-44748","page","type-page","status-publish","hentry"],"_links":{"self":[{"href":"https:\/\/silvereco.org\/doc\/wp-json\/wp\/v2\/pages\/44748","targetHints":{"allow":["GET"]}}],"collection":[{"href":"https:\/\/silvereco.org\/doc\/wp-json\/wp\/v2\/pages"}],"about":[{"href":"https:\/\/silvereco.org\/doc\/wp-json\/wp\/v2\/types\/page"}],"author":[{"embeddable":true,"href":"https:\/\/silvereco.org\/doc\/wp-json\/wp\/v2\/users\/639"}],"replies":[{"embeddable":true,"href":"https:\/\/silvereco.org\/doc\/wp-json\/wp\/v2\/comments?post=44748"}],"version-history":[{"count":3,"href":"https:\/\/silvereco.org\/doc\/wp-json\/wp\/v2\/pages\/44748\/revisions"}],"predecessor-version":[{"id":45535,"href":"https:\/\/silvereco.org\/doc\/wp-json\/wp\/v2\/pages\/44748\/revisions\/45535"}],"wp:attachment":[{"href":"https:\/\/silvereco.org\/doc\/wp-json\/wp\/v2\/media?parent=44748"}],"curies":[{"name":"wp","href":"https:\/\/api.w.org\/{rel}","templated":true}]}}