{"id":44727,"date":"2025-10-11T13:07:42","date_gmt":"2025-10-11T11:07:42","guid":{"rendered":"https:\/\/silvereco.org\/doc\/?page_id=44727"},"modified":"2026-01-22T14:10:45","modified_gmt":"2026-01-22T13:10:45","slug":"hugo-networks-b17-hall-b","status":"publish","type":"page","link":"https:\/\/silvereco.org\/doc\/hugo-networks-b17-hall-b\/","title":{"rendered":"HUGO NETWORKS \/ B17 \/ HALL B"},"content":{"rendered":"\n<figure class=\"wp-block-image is-resized\"><img decoding=\"async\" src=\"https:\/\/silvereco.org\/festival\/fr\/wp-content\/medias\/2025\/10\/hugonetwork-25.png\" alt=\"\" style=\"width:515px;height:auto\"\/><\/figure>\n\n\n\n<h5 class=\"wp-block-heading\"><\/h5>\n\n\n\n<figure class=\"wp-block-image size-full\"><img loading=\"lazy\" decoding=\"async\" width=\"25\" height=\"24\" src=\"https:\/\/silvereco.org\/doc\/wp-content\/uploads\/2025\/10\/image-212.png\" alt=\"\" class=\"wp-image-45392\"\/><\/figure>\n\n\n\n<p>HUGO NETWORKS, fort de ses 10 ans d\u2019existence, est \u00e9diteur de logiciels en robotique sociale, intelligence artificielle et iOT. Nous innovons dans les domaines de la sant\u00e9, du bien-\u00eatre, de la sant\u00e9 mentale, de la pr\u00e9vention.<\/p>\n\n\n\n<p>Nos solutions se basent sur des recherches scientifiques (travaux de scientifiques de renom) . <\/p>\n\n\n\n<p>L\u2019une de nos solutions, Renaissance, informe sur le rayonnement du corps en fonction des \u00e9motions et propose une fonctionnalit\u00e9 de coloriage, une \u00e9chelle de guidance \u00e9motionnelle proposant la gestion de 40 sentiments, des synergies d\u2019huiles essentielles ou des exercices de tapotement via une intelligence artificielle savamment travaill\u00e9e. <\/p>\n\n\n\n<p>Renaissance comporte aussi un Op\u00e9ra qui met en sc\u00e8ne deux \u00e9motions. Notre autre produit phare du nom de Pline, qui vous permet un acc\u00e8s en un temps record aux \u00e9l\u00e9ments cl\u00e9s d\u2019une notice de m\u00e9dicament par simple scan de la boite du m\u00e9dicament \u00e0 partir d\u2019un robot social a fait l\u2019objet d\u2019une publication dans la revue scientifique Plan\u00e8te robots N\u00b084 mars-avril 2024.<\/p>\n\n\n\n<figure class=\"wp-block-image size-full\"><img loading=\"lazy\" decoding=\"async\" width=\"25\" height=\"25\" src=\"https:\/\/silvereco.org\/doc\/wp-content\/uploads\/2025\/10\/image-217.png\" alt=\"\" class=\"wp-image-45399\"\/><\/figure>\n\n\n\n<p>HUGO NETWORKS, with over ten years of experience, develops software in social robotics, artificial intelligence, and IoT. The company innovates in the fields of health, wellbeing, mental health, and prevention, basing its solutions on renowned scientific research.<\/p>\n\n\n\n<p>One of its key solutions, Renaissance, analyzes the body\u2019s energetic radiation in relation to emotions and offers features such as coloring activities, an emotional guidance scale managing 40 distinct feelings, essential oil synergies, and tapping exercises \u2014 all powered by a refined artificial intelligence engine. Renaissance also includes an \u201cOpera\u201d module that stages interactions between two emotions.<\/p>\n\n\n\n<p>Another flagship innovation, Pline, allows users to instantly access key information from a medication leaflet by simply scanning the medicine box via a social robot. This solution was featured in <em>Plan\u00e8te Robots<\/em> magazine (Issue No. 84, March\u2013April 2024).<\/p>\n\n\n\n<p><strong>Mots Clefs :<\/strong><br>Robots sociaux, Robots de service, Intelligence artificielle, iOT<\/p>\n\n\n\n<p><strong>KeyWords :<\/strong><br>Social robots, Service robots, Artificial intelligence, iOT<\/p>\n\n\n\n<p><strong>SilverEco Congr\u00e8s \/ Summits :<\/strong><br>Living at Home Summit \u2013 le Congr\u00e8s Bien-vieillir chez soi<br>SilverTech Summit \u2013 le Congr\u00e8s des technologies pour l\u2019autonomie<br>Healthy Ageing Summit \u2013 le Congr\u00e8s Sant\u00e9 e-Sant\u00e9<\/p>\n\n\n\n<p><strong>Contact :<\/strong><br>18 rue de la For\u00eat de Binel 77150 L\u00e9signy \u2013 France<br>julius.hugo@hugonetworks.com<br><a href=\"http:\/\/hugonetworks.com\">Website<\/a><\/p>\n","protected":false},"excerpt":{"rendered":"<p>HUGO NETWORKS, fort de ses 10 ans d\u2019existence, est \u00e9diteur de logiciels en robotique sociale, intelligence artificielle et iOT. Nous innovons dans les domaines de la sant\u00e9, du bien-\u00eatre, de la sant\u00e9 mentale, de la pr\u00e9vention. Nos solutions se basent sur des recherches scientifiques (travaux de scientifiques de renom) . L\u2019une de nos solutions, Renaissance, [&hellip;]<\/p>\n","protected":false},"author":639,"featured_media":0,"parent":0,"menu_order":0,"comment_status":"closed","ping_status":"closed","template":"","meta":{"site-sidebar-layout":"default","site-content-layout":"","ast-site-content-layout":"default","site-content-style":"default","site-sidebar-style":"default","ast-global-header-display":"","ast-banner-title-visibility":"","ast-main-header-display":"","ast-hfb-above-header-display":"","ast-hfb-below-header-display":"","ast-hfb-mobile-header-display":"","site-post-title":"","ast-breadcrumbs-content":"","ast-featured-img":"","footer-sml-layout":"","ast-disable-related-posts":"","theme-transparent-header-meta":"","adv-header-id-meta":"","stick-header-meta":"","header-above-stick-meta":"","header-main-stick-meta":"","header-below-stick-meta":"","astra-migrate-meta-layouts":"set","ast-page-background-enabled":"default","ast-page-background-meta":{"desktop":{"background-color":"var(--ast-global-color-4)","background-image":"","background-repeat":"repeat","background-position":"center center","background-size":"auto","background-attachment":"scroll","background-type":"","background-media":"","overlay-type":"","overlay-color":"","overlay-opacity":"","overlay-gradient":""},"tablet":{"background-color":"","background-image":"","background-repeat":"repeat","background-position":"center center","background-size":"auto","background-attachment":"scroll","background-type":"","background-media":"","overlay-type":"","overlay-color":"","overlay-opacity":"","overlay-gradient":""},"mobile":{"background-color":"","background-image":"","background-repeat":"repeat","background-position":"center center","background-size":"auto","background-attachment":"scroll","background-type":"","background-media":"","overlay-type":"","overlay-color":"","overlay-opacity":"","overlay-gradient":""}},"ast-content-background-meta":{"desktop":{"background-color":"var(--ast-global-color-5)","background-image":"","background-repeat":"repeat","background-position":"center center","background-size":"auto","background-attachment":"scroll","background-type":"","background-media":"","overlay-type":"","overlay-color":"","overlay-opacity":"","overlay-gradient":""},"tablet":{"background-color":"var(--ast-global-color-5)","background-image":"","background-repeat":"repeat","background-position":"center center","background-size":"auto","background-attachment":"scroll","background-type":"","background-media":"","overlay-type":"","overlay-color":"","overlay-opacity":"","overlay-gradient":""},"mobile":{"background-color":"var(--ast-global-color-5)","background-image":"","background-repeat":"repeat","background-position":"center center","background-size":"auto","background-attachment":"scroll","background-type":"","background-media":"","overlay-type":"","overlay-color":"","overlay-opacity":"","overlay-gradient":""}},"footnotes":""},"class_list":["post-44727","page","type-page","status-publish","hentry"],"_links":{"self":[{"href":"https:\/\/silvereco.org\/doc\/wp-json\/wp\/v2\/pages\/44727","targetHints":{"allow":["GET"]}}],"collection":[{"href":"https:\/\/silvereco.org\/doc\/wp-json\/wp\/v2\/pages"}],"about":[{"href":"https:\/\/silvereco.org\/doc\/wp-json\/wp\/v2\/types\/page"}],"author":[{"embeddable":true,"href":"https:\/\/silvereco.org\/doc\/wp-json\/wp\/v2\/users\/639"}],"replies":[{"embeddable":true,"href":"https:\/\/silvereco.org\/doc\/wp-json\/wp\/v2\/comments?post=44727"}],"version-history":[{"count":5,"href":"https:\/\/silvereco.org\/doc\/wp-json\/wp\/v2\/pages\/44727\/revisions"}],"predecessor-version":[{"id":45526,"href":"https:\/\/silvereco.org\/doc\/wp-json\/wp\/v2\/pages\/44727\/revisions\/45526"}],"wp:attachment":[{"href":"https:\/\/silvereco.org\/doc\/wp-json\/wp\/v2\/media?parent=44727"}],"curies":[{"name":"wp","href":"https:\/\/api.w.org\/{rel}","templated":true}]}}