{"id":44726,"date":"2025-10-11T13:08:19","date_gmt":"2025-10-11T11:08:19","guid":{"rendered":"https:\/\/silvereco.org\/doc\/?page_id=44726"},"modified":"2026-01-22T14:10:23","modified_gmt":"2026-01-22T13:10:23","slug":"association-francaise-de-football-en-marchant-affm-b11-hall-b","status":"publish","type":"page","link":"https:\/\/silvereco.org\/doc\/association-francaise-de-football-en-marchant-affm-b11-hall-b\/","title":{"rendered":"Association Fran\u00e7aise de Football en Marchant (AFFM) \/ B11 \/ HALL B"},"content":{"rendered":"\n<figure class=\"wp-block-image is-resized\"><img decoding=\"async\" src=\"https:\/\/silvereco.org\/festival\/fr\/wp-content\/medias\/2025\/10\/affm-25.png\" alt=\"\" style=\"width:346px;height:auto\"\/><\/figure>\n\n\n\n<h5 class=\"wp-block-heading\"><\/h5>\n\n\n\n<figure class=\"wp-block-image size-full\"><img loading=\"lazy\" decoding=\"async\" width=\"25\" height=\"24\" src=\"https:\/\/silvereco.org\/doc\/wp-content\/uploads\/2025\/10\/image-211.png\" alt=\"\" class=\"wp-image-45391\"\/><\/figure>\n\n\n\n<p>L\u2019AFFM fait la promotion de la pratique du Walking Football en France, sport venu d\u2019Angleterre \u00e0 tr\u00e8s fort impact social, permettant aux seniors (+50 ans) de pratiquer le football en toute s\u00e9curit\u00e9.<\/p>\n\n\n\n<p>Invent\u00e9 en 2011 en Angleterre, le walking football est con\u00e7u en priorit\u00e9 pour les seniors. Il se joue sur petit terrain, \u00e0 6 contre 6 (un gardien et 5 joueurs de champ), avec un ballon de foot normal, des cages de 2m sur 4m et se diff\u00e9rencie du football avec 3 r\u00e8gles : <br>\u2013 pas de course (toujours un pied au sol) <br>\u2013 pas de contact (tacles ou coups d\u2019\u00e9paule interdits) <br>\u2013 pas de balle haute <\/p>\n\n\n\n<p>Ainsi, tout est fait pour limiter un engagement physique trop important, pouvant provoquer des blessures. Mais l\u2019activit\u00e9 reste tr\u00e8s tonique (marche rapide) et l\u2019aspect ludique, collectif et convivial du foot est pr\u00e9serv\u00e9.<\/p>\n\n\n\n<figure class=\"wp-block-image size-full\"><img loading=\"lazy\" decoding=\"async\" width=\"25\" height=\"25\" src=\"https:\/\/silvereco.org\/doc\/wp-content\/uploads\/2025\/10\/image-218.png\" alt=\"\" class=\"wp-image-45401\"\/><\/figure>\n\n\n\n<p>The AFFM promotes the practice of Walking Football in France \u2014 a sport originating from England with a strong social impact, allowing seniors (50+) to enjoy football safely.<\/p>\n\n\n\n<p>Invented in 2011 in the UK, Walking Football is specifically designed for older adults. It is played on a small pitch, 6 vs. 6 (one goalkeeper and five field players), with a standard football and 2m x 4m goals. The sport differs from traditional football through three key rules:<br>\u2013 No running (one foot must always remain on the ground)<br>\u2013 No contact (tackles and shoulder charges are forbidden)<br>\u2013 No high balls<\/p>\n\n\n\n<p>These rules minimize physical strain and reduce injury risk, while keeping the game dynamic (fast walking) and preserving the fun, social, and collective spirit that makes football so enjoyable.<\/p>\n\n\n\n<p><strong>Mots Clefs :<\/strong><br>Walking Football \/ Sport-Sant\u00e9 \/ Inclusion \/ Mixit\u00e9 \/ Bien-vieillir<\/p>\n\n\n\n<p><strong>KeyWords :<\/strong><br>Walking football, Health and wellness through sport, Inclusion, Diversity, Ageing well<\/p>\n\n\n\n<p><strong>SilverEco Congr\u00e8s \/ Summits :<\/strong><br>Living at Home Summit \u2013 le Congr\u00e8s Bien-vieillir chez soi<br>Healthy Ageing Summit \u2013 le Congr\u00e8s Sant\u00e9 e-Sant\u00e9<\/p>\n\n\n\n<p><strong>Contact :<\/strong><br>74 Boulevard Raspail, 75006 Paris \u2013 France<br>+33 6 13 43 38 68<br>contact@affm.football<br><a href=\"https:\/\/www.affm.football\/\">Website<\/a><\/p>\n","protected":false},"excerpt":{"rendered":"<p>L\u2019AFFM fait la promotion de la pratique du Walking Football en France, sport venu d\u2019Angleterre \u00e0 tr\u00e8s fort impact social, permettant aux seniors (+50 ans) de pratiquer le football en toute s\u00e9curit\u00e9. Invent\u00e9 en 2011 en Angleterre, le walking football est con\u00e7u en priorit\u00e9 pour les seniors. Il se joue sur petit terrain, \u00e0 6 [&hellip;]<\/p>\n","protected":false},"author":639,"featured_media":0,"parent":0,"menu_order":0,"comment_status":"closed","ping_status":"closed","template":"","meta":{"site-sidebar-layout":"default","site-content-layout":"","ast-site-content-layout":"default","site-content-style":"default","site-sidebar-style":"default","ast-global-header-display":"","ast-banner-title-visibility":"","ast-main-header-display":"","ast-hfb-above-header-display":"","ast-hfb-below-header-display":"","ast-hfb-mobile-header-display":"","site-post-title":"","ast-breadcrumbs-content":"","ast-featured-img":"","footer-sml-layout":"","ast-disable-related-posts":"","theme-transparent-header-meta":"","adv-header-id-meta":"","stick-header-meta":"","header-above-stick-meta":"","header-main-stick-meta":"","header-below-stick-meta":"","astra-migrate-meta-layouts":"set","ast-page-background-enabled":"default","ast-page-background-meta":{"desktop":{"background-color":"var(--ast-global-color-4)","background-image":"","background-repeat":"repeat","background-position":"center center","background-size":"auto","background-attachment":"scroll","background-type":"","background-media":"","overlay-type":"","overlay-color":"","overlay-opacity":"","overlay-gradient":""},"tablet":{"background-color":"","background-image":"","background-repeat":"repeat","background-position":"center center","background-size":"auto","background-attachment":"scroll","background-type":"","background-media":"","overlay-type":"","overlay-color":"","overlay-opacity":"","overlay-gradient":""},"mobile":{"background-color":"","background-image":"","background-repeat":"repeat","background-position":"center center","background-size":"auto","background-attachment":"scroll","background-type":"","background-media":"","overlay-type":"","overlay-color":"","overlay-opacity":"","overlay-gradient":""}},"ast-content-background-meta":{"desktop":{"background-color":"var(--ast-global-color-5)","background-image":"","background-repeat":"repeat","background-position":"center center","background-size":"auto","background-attachment":"scroll","background-type":"","background-media":"","overlay-type":"","overlay-color":"","overlay-opacity":"","overlay-gradient":""},"tablet":{"background-color":"var(--ast-global-color-5)","background-image":"","background-repeat":"repeat","background-position":"center center","background-size":"auto","background-attachment":"scroll","background-type":"","background-media":"","overlay-type":"","overlay-color":"","overlay-opacity":"","overlay-gradient":""},"mobile":{"background-color":"var(--ast-global-color-5)","background-image":"","background-repeat":"repeat","background-position":"center center","background-size":"auto","background-attachment":"scroll","background-type":"","background-media":"","overlay-type":"","overlay-color":"","overlay-opacity":"","overlay-gradient":""}},"footnotes":""},"class_list":["post-44726","page","type-page","status-publish","hentry"],"_links":{"self":[{"href":"https:\/\/silvereco.org\/doc\/wp-json\/wp\/v2\/pages\/44726","targetHints":{"allow":["GET"]}}],"collection":[{"href":"https:\/\/silvereco.org\/doc\/wp-json\/wp\/v2\/pages"}],"about":[{"href":"https:\/\/silvereco.org\/doc\/wp-json\/wp\/v2\/types\/page"}],"author":[{"embeddable":true,"href":"https:\/\/silvereco.org\/doc\/wp-json\/wp\/v2\/users\/639"}],"replies":[{"embeddable":true,"href":"https:\/\/silvereco.org\/doc\/wp-json\/wp\/v2\/comments?post=44726"}],"version-history":[{"count":5,"href":"https:\/\/silvereco.org\/doc\/wp-json\/wp\/v2\/pages\/44726\/revisions"}],"predecessor-version":[{"id":45569,"href":"https:\/\/silvereco.org\/doc\/wp-json\/wp\/v2\/pages\/44726\/revisions\/45569"}],"wp:attachment":[{"href":"https:\/\/silvereco.org\/doc\/wp-json\/wp\/v2\/media?parent=44726"}],"curies":[{"name":"wp","href":"https:\/\/api.w.org\/{rel}","templated":true}]}}