{"id":44725,"date":"2025-10-11T13:08:55","date_gmt":"2025-10-11T11:08:55","guid":{"rendered":"https:\/\/silvereco.org\/doc\/?page_id=44725"},"modified":"2026-01-22T14:10:46","modified_gmt":"2026-01-22T13:10:46","slug":"presence-verte-a34-hall-a","status":"publish","type":"page","link":"https:\/\/silvereco.org\/doc\/presence-verte-a34-hall-a\/","title":{"rendered":"Pr\u00e9sence Verte \/ A34 \/ HALL A"},"content":{"rendered":"\n<figure class=\"wp-block-image size-full is-resized\"><img loading=\"lazy\" decoding=\"async\" width=\"431\" height=\"461\" src=\"https:\/\/silvereco.org\/doc\/wp-content\/uploads\/2025\/10\/image-210.png\" alt=\"\" class=\"wp-image-45384\" style=\"width:226px;height:auto\" srcset=\"https:\/\/silvereco.org\/doc\/wp-content\/uploads\/2025\/10\/image-210.png 431w, https:\/\/silvereco.org\/doc\/wp-content\/uploads\/2025\/10\/image-210-280x300.png 280w\" sizes=\"auto, (max-width: 431px) 100vw, 431px\" \/><\/figure>\n\n\n\n<h5 class=\"wp-block-heading\"><\/h5>\n\n\n\n<figure class=\"wp-block-image size-full\"><img loading=\"lazy\" decoding=\"async\" width=\"25\" height=\"24\" src=\"https:\/\/silvereco.org\/doc\/wp-content\/uploads\/2025\/10\/image-209.png\" alt=\"\" class=\"wp-image-45383\"\/><\/figure>\n\n\n\n<p>Pr\u00e9sence Verte innove depuis plus de 35 ans pour proposer \u00e0 ses clients des solutions connect\u00e9es de t\u00e9l\u00e9assistance et un accompagnement de proximit\u00e9 pour favoriser le maintien \u00e0 domicile, lutter contre l\u2019isolement et l\u2019exclusion et r\u00e9pondre aux besoins soci\u00e9taux, territoriaux et structurels du vieillissement de la population.<\/p>\n\n\n\n<p>Moteur de coh\u00e9sion sociale, notre r\u00e9seau d\u2019agences maille l\u2019ensemble du territoire pour assurer un service r\u00e9actif et de proximit\u00e9 aupr\u00e8s des particuliers, des gestionnaires d\u2019\u00e9tablissements et des collectivit\u00e9s territoriales. <\/p>\n\n\n\n<p>Notre mission commune est de permettre \u00e0 chacun de conserver son autonomie et son ind\u00e9pendance, le plus longtemps possible, en fonction de ses capacit\u00e9s et de sa mobilit\u00e9, dans un environnement s\u00e9curis\u00e9 et bienveillant.<\/p>\n\n\n\n<figure class=\"wp-block-image size-full\"><img loading=\"lazy\" decoding=\"async\" width=\"25\" height=\"25\" src=\"https:\/\/silvereco.org\/doc\/wp-content\/uploads\/2025\/10\/image-219.png\" alt=\"\" class=\"wp-image-45403\"\/><\/figure>\n\n\n\n<p>For over 35 years, Pr\u00e9sence Verte has been innovating to provide connected teleassistance solutions and personalized local support that promote ageing at home, combat isolation and exclusion, and address the social, territorial, and structural challenges of an ageing population.<\/p>\n\n\n\n<p>As a driver of social cohesion, its network of agencies covers the entire country, ensuring responsive and close-to-home service for individuals, care facility managers, and local authorities. Pr\u00e9sence Verte\u2019s shared mission is to help everyone maintain their autonomy and independence for as long as possible, according to their abilities and mobility, within a safe and caring environment.<\/p>\n\n\n\n<p><strong>Mots Clefs :<\/strong><br>T\u00e9l\u00e9assistance<\/p>\n\n\n\n<p><strong>KeyWords :<\/strong><br>Telecare<\/p>\n\n\n\n<p><strong>SilverEco Congr\u00e8s \/ Summits :<\/strong><br>Living at Home Summit \u2013 le Congr\u00e8s Bien-vieillir chez soi<br>Nursing Home Summit \u2013 le Congr\u00e8s EHPAD, RSS et h\u00e9bergement collectif<\/p>\n\n\n\n<p><strong>Contact :<\/strong><br>19 Rue de Paris, 93000 Bobigny \u2013 France<br>communication@presenceverte.fr<br><a href=\"https:\/\/www.presenceverte.fr\/\">Website<\/a><\/p>\n","protected":false},"excerpt":{"rendered":"<p>Pr\u00e9sence Verte innove depuis plus de 35 ans pour proposer \u00e0 ses clients des solutions connect\u00e9es de t\u00e9l\u00e9assistance et un accompagnement de proximit\u00e9 pour favoriser le maintien \u00e0 domicile, lutter contre l\u2019isolement et l\u2019exclusion et r\u00e9pondre aux besoins soci\u00e9taux, territoriaux et structurels du vieillissement de la population. Moteur de coh\u00e9sion sociale, notre r\u00e9seau d\u2019agences maille [&hellip;]<\/p>\n","protected":false},"author":639,"featured_media":0,"parent":0,"menu_order":0,"comment_status":"closed","ping_status":"closed","template":"","meta":{"site-sidebar-layout":"default","site-content-layout":"","ast-site-content-layout":"default","site-content-style":"default","site-sidebar-style":"default","ast-global-header-display":"","ast-banner-title-visibility":"","ast-main-header-display":"","ast-hfb-above-header-display":"","ast-hfb-below-header-display":"","ast-hfb-mobile-header-display":"","site-post-title":"","ast-breadcrumbs-content":"","ast-featured-img":"","footer-sml-layout":"","ast-disable-related-posts":"","theme-transparent-header-meta":"","adv-header-id-meta":"","stick-header-meta":"","header-above-stick-meta":"","header-main-stick-meta":"","header-below-stick-meta":"","astra-migrate-meta-layouts":"set","ast-page-background-enabled":"default","ast-page-background-meta":{"desktop":{"background-color":"var(--ast-global-color-4)","background-image":"","background-repeat":"repeat","background-position":"center center","background-size":"auto","background-attachment":"scroll","background-type":"","background-media":"","overlay-type":"","overlay-color":"","overlay-opacity":"","overlay-gradient":""},"tablet":{"background-color":"","background-image":"","background-repeat":"repeat","background-position":"center center","background-size":"auto","background-attachment":"scroll","background-type":"","background-media":"","overlay-type":"","overlay-color":"","overlay-opacity":"","overlay-gradient":""},"mobile":{"background-color":"","background-image":"","background-repeat":"repeat","background-position":"center center","background-size":"auto","background-attachment":"scroll","background-type":"","background-media":"","overlay-type":"","overlay-color":"","overlay-opacity":"","overlay-gradient":""}},"ast-content-background-meta":{"desktop":{"background-color":"var(--ast-global-color-5)","background-image":"","background-repeat":"repeat","background-position":"center center","background-size":"auto","background-attachment":"scroll","background-type":"","background-media":"","overlay-type":"","overlay-color":"","overlay-opacity":"","overlay-gradient":""},"tablet":{"background-color":"var(--ast-global-color-5)","background-image":"","background-repeat":"repeat","background-position":"center center","background-size":"auto","background-attachment":"scroll","background-type":"","background-media":"","overlay-type":"","overlay-color":"","overlay-opacity":"","overlay-gradient":""},"mobile":{"background-color":"var(--ast-global-color-5)","background-image":"","background-repeat":"repeat","background-position":"center center","background-size":"auto","background-attachment":"scroll","background-type":"","background-media":"","overlay-type":"","overlay-color":"","overlay-opacity":"","overlay-gradient":""}},"footnotes":""},"class_list":["post-44725","page","type-page","status-publish","hentry"],"_links":{"self":[{"href":"https:\/\/silvereco.org\/doc\/wp-json\/wp\/v2\/pages\/44725","targetHints":{"allow":["GET"]}}],"collection":[{"href":"https:\/\/silvereco.org\/doc\/wp-json\/wp\/v2\/pages"}],"about":[{"href":"https:\/\/silvereco.org\/doc\/wp-json\/wp\/v2\/types\/page"}],"author":[{"embeddable":true,"href":"https:\/\/silvereco.org\/doc\/wp-json\/wp\/v2\/users\/639"}],"replies":[{"embeddable":true,"href":"https:\/\/silvereco.org\/doc\/wp-json\/wp\/v2\/comments?post=44725"}],"version-history":[{"count":3,"href":"https:\/\/silvereco.org\/doc\/wp-json\/wp\/v2\/pages\/44725\/revisions"}],"predecessor-version":[{"id":45528,"href":"https:\/\/silvereco.org\/doc\/wp-json\/wp\/v2\/pages\/44725\/revisions\/45528"}],"wp:attachment":[{"href":"https:\/\/silvereco.org\/doc\/wp-json\/wp\/v2\/media?parent=44725"}],"curies":[{"name":"wp","href":"https:\/\/api.w.org\/{rel}","templated":true}]}}