{"id":44722,"date":"2025-10-11T13:03:45","date_gmt":"2025-10-11T11:03:45","guid":{"rendered":"https:\/\/silvereco.org\/doc\/?page_id=44722"},"modified":"2026-01-22T14:11:09","modified_gmt":"2026-01-22T13:11:09","slug":"tunstall-vitaris-a33-hall-a","status":"publish","type":"page","link":"https:\/\/silvereco.org\/doc\/tunstall-vitaris-a33-hall-a\/","title":{"rendered":"Tunstall Vitaris \/ A33 \/ HALL A"},"content":{"rendered":"\n<figure class=\"wp-block-image is-resized\"><img decoding=\"async\" src=\"https:\/\/silvereco.org\/festival\/fr\/wp-content\/medias\/2025\/10\/tunstall-25.png\" alt=\"\" style=\"width:346px;height:auto\"\/><\/figure>\n\n\n\n<h5 class=\"wp-block-heading\"><\/h5>\n\n\n\n<figure class=\"wp-block-image size-full\"><img loading=\"lazy\" decoding=\"async\" width=\"25\" height=\"24\" src=\"https:\/\/silvereco.org\/doc\/wp-content\/uploads\/2025\/10\/image-214.png\" alt=\"\" class=\"wp-image-45394\"\/><\/figure>\n\n\n\n<p>Tunstall Vitaris \u2013 France Tunstall France \u2013 Vitaris, n\u00b01 de la T\u00e9l\u00e9assistance en France, est constructeur, \u00e9diteur et int\u00e9grateur de solutions innovantes en t\u00e9l\u00e9assistance et sant\u00e9 connect\u00e9e. Membre du groupe international Tunstall Healthcare, l\u2019entreprise propose des solutions sur mesure \u2013 en marque propre, blanche ou grise \u2013 pour accompagner les acteurs publics, associatifs et priv\u00e9s dans le maintien de l\u2019autonomie. Sa centrale d\u2019\u00e9coute et d\u2019assistance, situ\u00e9e au Creusot (Sa\u00f4ne-et-Loire), assure 24h\/24 et 7j\/7 un service humain et bienveillant, 100 % bas\u00e9 en France.<\/p>\n\n\n\n<p>Les solutions Tunstall Vitaris soutiennent les b\u00e9n\u00e9ficiaires et leurs proches aidants, \u00e0 domicile comme en mobilit\u00e9, \u00e0 travers des dispositifs de s\u00e9curisation, pr\u00e9vention, g\u00e9olocalisation, suivi d\u2019activit\u00e9 et lutte contre l\u2019isolement(\u2026). L\u2019entreprise d\u00e9fend une technologie humaine, inclusive et \u00e9thique, int\u00e9grant l\u2019intelligence artificielle pour une approche plus pr\u00e9ventive et personnalis\u00e9e. <\/p>\n\n\n\n<p>Tunstall France \u2013 Vitaris s\u2019inscrit dans une d\u00e9marche d\u2019excellence certifi\u00e9e : ISO 9001, NF Service T\u00e9l\u00e9assistance (AFNOR) et labellis\u00e9e AFRATA. Notre mission : faire de la technologie un v\u00e9ritable alli\u00e9 du bien-vieillir et de l\u2019autonomie.<\/p>\n\n\n\n<figure class=\"wp-block-image size-full\"><img loading=\"lazy\" decoding=\"async\" width=\"25\" height=\"25\" src=\"https:\/\/silvereco.org\/doc\/wp-content\/uploads\/2025\/10\/image-215.png\" alt=\"\" class=\"wp-image-45395\"\/><\/figure>\n\n\n\n<p>Tunstall Vitaris \u2013 France is the leading telecare provider in France, acting as a designer, developer, and integrator of innovative teleassistance and connected health solutions. A member of the international Tunstall Healthcare Group, the company offers tailor-made solutions \u2014 under its own brand, white label, or grey label \u2014 to support public, non-profit, and private stakeholders in promoting autonomy. Its monitoring and assistance center, based in Le Creusot (Sa\u00f4ne-et-Loire), provides 24\/7 human and compassionate support, entirely operated in France.<\/p>\n\n\n\n<p>Tunstall Vitaris solutions assist users and their caregivers, both at home and on the move, through systems for safety, prevention, geolocation, activity monitoring, and combating isolation. The company promotes human-centered, inclusive, and ethical technology, integrating artificial intelligence to enable a more preventive and personalized approach.<\/p>\n\n\n\n<p>Tunstall France \u2013 Vitaris adheres to a certified standard of excellence, holding ISO 9001 and NF Service T\u00e9l\u00e9assistance (AFNOR) certifications and the AFRATA label. Its mission: to make technology a true ally for ageing well and maintaining autonomy.<\/p>\n\n\n\n<p><strong>Mots Clefs :<\/strong><br>T\u00e9l\u00e9assistance , T\u00e9l\u00e9alarme, Sant\u00e9 connect\u00e9e, Bien-vieillir, Autonomie, Pr\u00e9vention, Innovation , Intelligence artificielle ,Lien humain , Lien Social, proximit\u00e9, s\u00e9curit\u00e9, Veille, Disponibilit\u00e9, 24\/7, Aidants , Inclusion<\/p>\n\n\n\n<p><strong>KeyWords :<\/strong><br>Telecare, Personal alarm, Connected health, Ageing-Well, Autonomy, Prevention, Innovation, Artificial intelligence, Human connection, Social connection, proximity, safety, monitoring, availability, 24\/7, caregivers, inclusion<\/p>\n\n\n\n<p><strong>SilverEco Congr\u00e8s \/ Summits :<\/strong><\/p>\n\n\n\n<p><strong>Contact :<\/strong><br>Tunstall Vitaris \u2013 Espace Harfleur \u2013 90A All\u00e9e Hubert Curien \u2013 71 200 Le Creusot \u2013 France<br>geraldine.painchaud@tunstall.com<br><a href=\"https:\/\/tunstall.fr\/\">Website<\/a><\/p>\n","protected":false},"excerpt":{"rendered":"<p>Tunstall Vitaris \u2013 France Tunstall France \u2013 Vitaris, n\u00b01 de la T\u00e9l\u00e9assistance en France, est constructeur, \u00e9diteur et int\u00e9grateur de solutions innovantes en t\u00e9l\u00e9assistance et sant\u00e9 connect\u00e9e. Membre du groupe international Tunstall Healthcare, l\u2019entreprise propose des solutions sur mesure \u2013 en marque propre, blanche ou grise \u2013 pour accompagner les acteurs publics, associatifs et priv\u00e9s [&hellip;]<\/p>\n","protected":false},"author":639,"featured_media":0,"parent":0,"menu_order":0,"comment_status":"closed","ping_status":"closed","template":"","meta":{"site-sidebar-layout":"default","site-content-layout":"","ast-site-content-layout":"default","site-content-style":"default","site-sidebar-style":"default","ast-global-header-display":"","ast-banner-title-visibility":"","ast-main-header-display":"","ast-hfb-above-header-display":"","ast-hfb-below-header-display":"","ast-hfb-mobile-header-display":"","site-post-title":"","ast-breadcrumbs-content":"","ast-featured-img":"","footer-sml-layout":"","ast-disable-related-posts":"","theme-transparent-header-meta":"","adv-header-id-meta":"","stick-header-meta":"","header-above-stick-meta":"","header-main-stick-meta":"","header-below-stick-meta":"","astra-migrate-meta-layouts":"set","ast-page-background-enabled":"default","ast-page-background-meta":{"desktop":{"background-color":"var(--ast-global-color-4)","background-image":"","background-repeat":"repeat","background-position":"center center","background-size":"auto","background-attachment":"scroll","background-type":"","background-media":"","overlay-type":"","overlay-color":"","overlay-opacity":"","overlay-gradient":""},"tablet":{"background-color":"","background-image":"","background-repeat":"repeat","background-position":"center center","background-size":"auto","background-attachment":"scroll","background-type":"","background-media":"","overlay-type":"","overlay-color":"","overlay-opacity":"","overlay-gradient":""},"mobile":{"background-color":"","background-image":"","background-repeat":"repeat","background-position":"center center","background-size":"auto","background-attachment":"scroll","background-type":"","background-media":"","overlay-type":"","overlay-color":"","overlay-opacity":"","overlay-gradient":""}},"ast-content-background-meta":{"desktop":{"background-color":"var(--ast-global-color-5)","background-image":"","background-repeat":"repeat","background-position":"center center","background-size":"auto","background-attachment":"scroll","background-type":"","background-media":"","overlay-type":"","overlay-color":"","overlay-opacity":"","overlay-gradient":""},"tablet":{"background-color":"var(--ast-global-color-5)","background-image":"","background-repeat":"repeat","background-position":"center center","background-size":"auto","background-attachment":"scroll","background-type":"","background-media":"","overlay-type":"","overlay-color":"","overlay-opacity":"","overlay-gradient":""},"mobile":{"background-color":"var(--ast-global-color-5)","background-image":"","background-repeat":"repeat","background-position":"center center","background-size":"auto","background-attachment":"scroll","background-type":"","background-media":"","overlay-type":"","overlay-color":"","overlay-opacity":"","overlay-gradient":""}},"footnotes":""},"class_list":["post-44722","page","type-page","status-publish","hentry"],"_links":{"self":[{"href":"https:\/\/silvereco.org\/doc\/wp-json\/wp\/v2\/pages\/44722","targetHints":{"allow":["GET"]}}],"collection":[{"href":"https:\/\/silvereco.org\/doc\/wp-json\/wp\/v2\/pages"}],"about":[{"href":"https:\/\/silvereco.org\/doc\/wp-json\/wp\/v2\/types\/page"}],"author":[{"embeddable":true,"href":"https:\/\/silvereco.org\/doc\/wp-json\/wp\/v2\/users\/639"}],"replies":[{"embeddable":true,"href":"https:\/\/silvereco.org\/doc\/wp-json\/wp\/v2\/comments?post=44722"}],"version-history":[{"count":6,"href":"https:\/\/silvereco.org\/doc\/wp-json\/wp\/v2\/pages\/44722\/revisions"}],"predecessor-version":[{"id":45645,"href":"https:\/\/silvereco.org\/doc\/wp-json\/wp\/v2\/pages\/44722\/revisions\/45645"}],"wp:attachment":[{"href":"https:\/\/silvereco.org\/doc\/wp-json\/wp\/v2\/media?parent=44722"}],"curies":[{"name":"wp","href":"https:\/\/api.w.org\/{rel}","templated":true}]}}