{"id":41204,"date":"2022-08-24T11:16:46","date_gmt":"2022-08-24T09:16:46","guid":{"rendered":"https:\/\/silvereco.org\/doc\/?page_id=41204"},"modified":"2026-01-22T14:11:09","modified_gmt":"2026-01-22T13:11:09","slug":"traduction","status":"publish","type":"page","link":"https:\/\/silvereco.org\/doc\/traduction\/","title":{"rendered":"TRANSLATION"},"content":{"rendered":"\n<p><strong>Vous pouvez utiliser diverses applications de traduction multilingue sur votre smartphone pour : <br><\/strong>&#8211; Echanger facilement avec une personne ne parlant pas votre langue<br>&#8211; Lire en direct sur votre smartphone la traduction d&rsquo;expos\u00e9s, ou d&rsquo;ateliers<br>&#8211; Suivre la c\u00e9r\u00e9monie SilverNight dans votre langue<\/p>\n\n\n\n<p><strong>You can use various multilingual translation applications on your smartphone to : <br><\/strong>&#8211; Easily communicate with a person who does not speak your language <br>&#8211; Read live translations of presentations or workshops on your smartphone <br>&#8211; Follow the SilverNight ceremony in your language.<\/p>\n\n\n\n<p><strong>Nous vous conseillons d&rsquo;installer cette application :<br>We recommend that you install this application :<\/strong><\/p>\n\n\n\n<h4 class=\"wp-block-heading\">Microsoft Translator<\/h4>\n\n\n\n<figure class=\"wp-block-image size-full\"><a href=\"https:\/\/itunes.apple.com\/app\/microsoft-translator\/id1018949559\"><img loading=\"lazy\" decoding=\"async\" width=\"192\" height=\"64\" src=\"https:\/\/silvereco.org\/doc\/wp-content\/uploads\/2024\/09\/app-button-apple-store.png\" alt=\"\" class=\"wp-image-44301\"\/><\/a><\/figure>\n\n\n\n<figure class=\"wp-block-image size-full\"><a href=\"https:\/\/play.google.com\/store\/apps\/details?id=com.microsoft.translator\"><img loading=\"lazy\" decoding=\"async\" width=\"192\" height=\"64\" src=\"https:\/\/silvereco.org\/doc\/wp-content\/uploads\/2024\/09\/app-button-google-play.png\" alt=\"\" class=\"wp-image-44302\"\/><\/a><\/figure>\n\n\n\n<div class=\"wp-block-buttons is-layout-flex wp-block-buttons-is-layout-flex\"><\/div>\n\n\n\n<div class=\"wp-block-buttons is-layout-flex wp-block-buttons-is-layout-flex\"><\/div>\n\n\n\n<p><\/p>\n","protected":false},"excerpt":{"rendered":"<p>Vous pouvez utiliser diverses applications de traduction multilingue sur votre smartphone pour : &#8211; Echanger facilement avec une personne ne parlant pas votre langue&#8211; Lire en direct sur votre smartphone la traduction d&rsquo;expos\u00e9s, ou d&rsquo;ateliers&#8211; Suivre la c\u00e9r\u00e9monie SilverNight dans votre langue You can use various multilingual translation applications on your smartphone to : &#8211; [&hellip;]<\/p>\n","protected":false},"author":639,"featured_media":0,"parent":0,"menu_order":0,"comment_status":"closed","ping_status":"closed","template":"","meta":{"site-sidebar-layout":"default","site-content-layout":"","ast-site-content-layout":"default","site-content-style":"default","site-sidebar-style":"default","ast-global-header-display":"","ast-banner-title-visibility":"","ast-main-header-display":"","ast-hfb-above-header-display":"","ast-hfb-below-header-display":"","ast-hfb-mobile-header-display":"","site-post-title":"disabled","ast-breadcrumbs-content":"","ast-featured-img":"","footer-sml-layout":"","ast-disable-related-posts":"","theme-transparent-header-meta":"","adv-header-id-meta":"","stick-header-meta":"","header-above-stick-meta":"","header-main-stick-meta":"","header-below-stick-meta":"","astra-migrate-meta-layouts":"set","ast-page-background-enabled":"default","ast-page-background-meta":{"desktop":{"background-color":"var(--ast-global-color-4)","background-image":"","background-repeat":"repeat","background-position":"center center","background-size":"auto","background-attachment":"scroll","background-type":"","background-media":"","overlay-type":"","overlay-color":"","overlay-opacity":"","overlay-gradient":""},"tablet":{"background-color":"","background-image":"","background-repeat":"repeat","background-position":"center center","background-size":"auto","background-attachment":"scroll","background-type":"","background-media":"","overlay-type":"","overlay-color":"","overlay-opacity":"","overlay-gradient":""},"mobile":{"background-color":"","background-image":"","background-repeat":"repeat","background-position":"center center","background-size":"auto","background-attachment":"scroll","background-type":"","background-media":"","overlay-type":"","overlay-color":"","overlay-opacity":"","overlay-gradient":""}},"ast-content-background-meta":{"desktop":{"background-color":"var(--ast-global-color-5)","background-image":"","background-repeat":"repeat","background-position":"center center","background-size":"auto","background-attachment":"scroll","background-type":"","background-media":"","overlay-type":"","overlay-color":"","overlay-opacity":"","overlay-gradient":""},"tablet":{"background-color":"var(--ast-global-color-5)","background-image":"","background-repeat":"repeat","background-position":"center center","background-size":"auto","background-attachment":"scroll","background-type":"","background-media":"","overlay-type":"","overlay-color":"","overlay-opacity":"","overlay-gradient":""},"mobile":{"background-color":"var(--ast-global-color-5)","background-image":"","background-repeat":"repeat","background-position":"center center","background-size":"auto","background-attachment":"scroll","background-type":"","background-media":"","overlay-type":"","overlay-color":"","overlay-opacity":"","overlay-gradient":""}},"footnotes":""},"class_list":["post-41204","page","type-page","status-publish","hentry"],"_links":{"self":[{"href":"https:\/\/silvereco.org\/doc\/wp-json\/wp\/v2\/pages\/41204","targetHints":{"allow":["GET"]}}],"collection":[{"href":"https:\/\/silvereco.org\/doc\/wp-json\/wp\/v2\/pages"}],"about":[{"href":"https:\/\/silvereco.org\/doc\/wp-json\/wp\/v2\/types\/page"}],"author":[{"embeddable":true,"href":"https:\/\/silvereco.org\/doc\/wp-json\/wp\/v2\/users\/639"}],"replies":[{"embeddable":true,"href":"https:\/\/silvereco.org\/doc\/wp-json\/wp\/v2\/comments?post=41204"}],"version-history":[{"count":17,"href":"https:\/\/silvereco.org\/doc\/wp-json\/wp\/v2\/pages\/41204\/revisions"}],"predecessor-version":[{"id":44475,"href":"https:\/\/silvereco.org\/doc\/wp-json\/wp\/v2\/pages\/41204\/revisions\/44475"}],"wp:attachment":[{"href":"https:\/\/silvereco.org\/doc\/wp-json\/wp\/v2\/media?parent=41204"}],"curies":[{"name":"wp","href":"https:\/\/api.w.org\/{rel}","templated":true}]}}